{"id":7571,"date":"2023-12-04T15:10:19","date_gmt":"2023-12-04T15:10:19","guid":{"rendered":"https:\/\/dsmarinealgerie.com\/?post_type=product&#038;p=7571"},"modified":"2024-09-10T09:59:51","modified_gmt":"2024-09-10T09:59:51","slug":"tube-de-plongee-beuchat-souple","status":"publish","type":"product","link":"https:\/\/dsmarinealgerie.com\/ar\/shop\/chasse-sous-marine\/tuba\/tube-de-plongee-beuchat-souple\/","title":{"rendered":"Beuchat \u0623\u0646\u0628\u0648\u0628 \u062a\u062c\u0633\u0633 \u0646\u0627\u0639\u0645"},"content":{"rendered":"<p>\u0627\u0634\u0646\u0631\u0643\u0644 \u0644\u0644\u063a\u0648\u0635 \u0648\u0627\u0644\u0635\u064a\u062f \u0628\u0627\u0644\u0631\u0645\u062d<\/p>\n<p>- \u063a\u0635 \u0628\u0632\u0627\u0648\u064a\u0629 \u0645\u0639 \u0637\u0631\u0641 \u0645\u0646 \u0627\u0644\u0633\u064a\u0644\u064a\u0643\u0648\u0646<\/p>\n<p>\u2013 \u0646\u0638\u0627\u0645 \u062a\u062b\u0628\u064a\u062a \u0628\u0633\u064a\u0637 \u0648\u0641\u0639\u0627\u0644<\/p>\n<p>\u0645\u062a\u0648\u0641\u0631 \u0628\u0644\u0648\u0646\u064a\u0646 \u0627\u0644\u0628\u0646\u064a \u0648\u0627\u0644\u0623\u062e\u0636\u0631<\/p>","protected":false},"excerpt":{"rendered":"<p>Tuba pour la plong\u00e9e sous marine et la Chasse sous marine &#8211; Tuba coud\u00e9 avec embout silicone &#8211; Syst\u00e8me de fixation simple et efficace Disponible en deux couleurs Marron et Vert<\/p>","protected":false},"featured_media":7572,"comment_status":"open","ping_status":"closed","template":"","meta":{"_uf_show_specific_survey":0,"_uf_disable_surveys":false},"product_brand":[],"product_cat":[175,165],"product_tag":[],"class_list":{"0":"post-7571","1":"product","2":"type-product","3":"status-publish","4":"has-post-thumbnail","6":"product_cat-tuba","7":"product_cat-chasse-sous-marine","9":"first","10":"instock","11":"shipping-taxable","12":"purchasable","13":"product-type-variable"},"aioseo_notices":[],"_links":{"self":[{"href":"https:\/\/dsmarinealgerie.com\/ar\/wp-json\/wp\/v2\/product\/7571","targetHints":{"allow":["GET"]}}],"collection":[{"href":"https:\/\/dsmarinealgerie.com\/ar\/wp-json\/wp\/v2\/product"}],"about":[{"href":"https:\/\/dsmarinealgerie.com\/ar\/wp-json\/wp\/v2\/types\/product"}],"replies":[{"embeddable":true,"href":"https:\/\/dsmarinealgerie.com\/ar\/wp-json\/wp\/v2\/comments?post=7571"}],"wp:featuredmedia":[{"embeddable":true,"href":"https:\/\/dsmarinealgerie.com\/ar\/wp-json\/wp\/v2\/media\/7572"}],"wp:attachment":[{"href":"https:\/\/dsmarinealgerie.com\/ar\/wp-json\/wp\/v2\/media?parent=7571"}],"wp:term":[{"taxonomy":"product_brand","embeddable":true,"href":"https:\/\/dsmarinealgerie.com\/ar\/wp-json\/wp\/v2\/product_brand?post=7571"},{"taxonomy":"product_cat","embeddable":true,"href":"https:\/\/dsmarinealgerie.com\/ar\/wp-json\/wp\/v2\/product_cat?post=7571"},{"taxonomy":"product_tag","embeddable":true,"href":"https:\/\/dsmarinealgerie.com\/ar\/wp-json\/wp\/v2\/product_tag?post=7571"}],"curies":[{"name":"wp","href":"https:\/\/api.w.org\/{rel}","templated":true}]}}