{"id":7576,"date":"2023-12-04T15:29:15","date_gmt":"2023-12-04T15:29:15","guid":{"rendered":"https:\/\/dsmarinealgerie.com\/?post_type=product&#038;p=7576"},"modified":"2023-12-13T09:51:42","modified_gmt":"2023-12-13T09:51:42","slug":"torche-frontale-6688605","status":"publish","type":"product","link":"https:\/\/dsmarinealgerie.com\/ar\/shop\/peche\/materiel-de-peche\/accessoires-de-peche\/torche-frontale-6688605\/","title":{"rendered":"\u0631\u0626\u064a\u0633 \u0627\u0644\u0634\u0639\u0644\u0629 6688605"},"content":{"rendered":"<ul>\n<li>\u0643\u0634\u0627\u0641 \u0623\u0645\u0627\u0645\u064a LED \u0645\u0639 \u062d\u0632\u0627\u0645 \u0645\u0637\u0627\u0637\u064a \u0642\u0627\u0628\u0644 \u0644\u0644\u062a\u0639\u062f\u064a\u0644.<\/li>\n<li>\u0632\u0627\u0648\u064a\u0629 \u0625\u0636\u0627\u0621\u0629 \u0642\u0627\u0628\u0644\u0629 \u0644\u0644\u062a\u0639\u062f\u064a\u0644.<\/li>\n<li>\u0646\u0648\u0639\u0627\u0646 \u0645\u0646 \u0627\u0644\u0625\u0636\u0627\u0621\u0629: \u0627\u0644\u0636\u0648\u0621 \u0627\u0644\u062b\u0627\u0628\u062a\u060c \u0648\u0627\u0644\u0648\u0645\u064a\u0636.<\/li>\n<li>\u064a\u0635\u0644 \u0645\u062f\u0627\u0647 \u0625\u0644\u0649 50 \u0645\u062a\u0631\u064b\u0627.<\/li>\n<li>\u0643\u0627\u0628\u0644 USB \u0644\u0644\u0634\u062d\u0646<\/li>\n<\/ul>","protected":false},"excerpt":{"rendered":"<p>Lampe frontale LED avec une sangle \u00e9lastique r\u00e9glable. Angle r\u00e9glable de l&rsquo;\u00e9clairage. 2 types d&rsquo;\u00e9clairage : lumi\u00e8re fixe, et clignotant. Port\u00e9e jusqu&rsquo;\u00e0 50 m. c\u00e2ble USB pour chargement<\/p>","protected":false},"featured_media":7577,"comment_status":"open","ping_status":"closed","template":"","meta":{"_uf_show_specific_survey":0,"_uf_disable_surveys":false},"product_brand":[],"product_cat":[183,227],"product_tag":[],"class_list":{"0":"post-7576","1":"product","2":"type-product","3":"status-publish","4":"has-post-thumbnail","6":"product_cat-accessoires-de-peche","7":"product_cat-materiel-de-peche","9":"first","10":"instock","11":"shipping-taxable","12":"purchasable","13":"product-type-simple"},"aioseo_notices":[],"_links":{"self":[{"href":"https:\/\/dsmarinealgerie.com\/ar\/wp-json\/wp\/v2\/product\/7576","targetHints":{"allow":["GET"]}}],"collection":[{"href":"https:\/\/dsmarinealgerie.com\/ar\/wp-json\/wp\/v2\/product"}],"about":[{"href":"https:\/\/dsmarinealgerie.com\/ar\/wp-json\/wp\/v2\/types\/product"}],"replies":[{"embeddable":true,"href":"https:\/\/dsmarinealgerie.com\/ar\/wp-json\/wp\/v2\/comments?post=7576"}],"wp:featuredmedia":[{"embeddable":true,"href":"https:\/\/dsmarinealgerie.com\/ar\/wp-json\/wp\/v2\/media\/7577"}],"wp:attachment":[{"href":"https:\/\/dsmarinealgerie.com\/ar\/wp-json\/wp\/v2\/media?parent=7576"}],"wp:term":[{"taxonomy":"product_brand","embeddable":true,"href":"https:\/\/dsmarinealgerie.com\/ar\/wp-json\/wp\/v2\/product_brand?post=7576"},{"taxonomy":"product_cat","embeddable":true,"href":"https:\/\/dsmarinealgerie.com\/ar\/wp-json\/wp\/v2\/product_cat?post=7576"},{"taxonomy":"product_tag","embeddable":true,"href":"https:\/\/dsmarinealgerie.com\/ar\/wp-json\/wp\/v2\/product_tag?post=7576"}],"curies":[{"name":"wp","href":"https:\/\/api.w.org\/{rel}","templated":true}]}}