{"id":7617,"date":"2023-12-06T10:00:46","date_gmt":"2023-12-06T10:00:46","guid":{"rendered":"https:\/\/dsmarinealgerie.com\/?post_type=product&#038;p=7617"},"modified":"2023-12-06T10:05:07","modified_gmt":"2023-12-06T10:05:07","slug":"tuba-ellipsis-salvimar","status":"publish","type":"product","link":"https:\/\/dsmarinealgerie.com\/ar\/shop\/chasse-sous-marine\/tuba\/tuba-ellipsis-salvimar\/","title":{"rendered":"\u0633\u0627\u0644\u0641\u064a\u0645\u0627\u0631 \u0627\u0644\u064a\u0628\u0633\u064a\u0633 \u062a\u0648\u0628\u0627"},"content":{"rendered":"<p>\u064a\u062a\u0643\u0648\u0646 \u0627\u0644\u063a\u0637\u0633 \u0645\u0646 \u0637\u0631\u0641 \u0633\u064a\u0644\u064a\u0643\u0648\u0646 \u0645\u0636\u0627\u062f \u0644\u0644\u062d\u0633\u0627\u0633\u064a\u0629 \u0645\u0635\u0645\u0645 \u0644\u064a\u0633\u062a\u0642\u0631 \u0628\u0634\u0643\u0644 \u0645\u062b\u0627\u0644\u064a \u0639\u0644\u0649 \u0627\u0646\u062d\u0646\u0627\u0621 \u0627\u0644\u0641\u0643 \u0627\u0644\u0645\u0643\u0627\u0641\u0626.<\/p>\n<p>\u062a\u062a\u0645\u064a\u0632 \u0642\u0637\u0639\u0629 \u0627\u0644\u0641\u0645 \u0628\u0635\u0641\u064a\u062d\u0629 \u062f\u0627\u062e\u0644\u064a\u0629 \u0639\u0645\u0648\u062f\u064a\u0629 \u062a\u0645\u0646\u0639 \u0633\u062d\u0642 \u0642\u0646\u0627\u0629 \u0627\u0644\u062a\u0646\u0641\u0633 \u0648\u062a\u0642\u0644\u0644 \u0645\u0646 \u0636\u062c\u064a\u062c \u0627\u0644\u062a\u0646\u0641\u0633.<br \/>\n\u0623\u0646\u0628\u0648\u0628 PVC \u0645\u0631\u0646 \u0630\u0648 \u0634\u0643\u0644 \u0628\u064a\u0636\u0627\u0648\u064a\u060c \u0645\u0635\u0645\u0645 \u0644\u0632\u064a\u0627\u062f\u0629 \u062a\u062f\u0641\u0642 \u0627\u0644\u0647\u0648\u0627\u0621\u060c \u0648\u0628\u0641\u0636\u0644 \u0634\u0643\u0644\u0647 \u0627\u0644\u0645\u0646\u062d\u0646\u064a\u060c \u064a\u0633\u0645\u062d \u0644\u0647 \u0628\u0627\u0644\u0628\u0642\u0627\u0621 \u0645\u0636\u063a\u0648\u0637\u064b\u0627 \u0628\u0634\u0643\u0644 \u0645\u062b\u0627\u0644\u064a \u0639\u0644\u0649 \u0627\u0644\u0631\u0623\u0633.<br \/>\n\u0637\u0648\u0644 \u0627\u0644\u063a\u0637\u0633 \u064a\u0633\u0645\u062d \u0628\u0627\u0644\u0627\u0633\u062a\u062e\u062f\u0627\u0645 \u062d\u062a\u0649 \u0641\u064a \u0627\u0644\u0628\u062d\u0627\u0631 \u0627\u0644\u0647\u0627\u0626\u062c\u0629.<br \/>\n\u064a\u062a\u0645 \u0631\u0628\u0637 \u0627\u0644\u0637\u0631\u0641 \u0628\u0627\u0644\u0623\u0646\u0628\u0648\u0628 \u0628\u0648\u0627\u0633\u0637\u0629 \u062b\u0644\u0627\u062b \u0645\u0641\u0627\u0635\u0644 \u0645\u0631\u0646\u0629 \u062a\u0633\u0645\u062d \u0644\u0647 \u0628\u0627\u0644\u062f\u0648\u0631\u0627\u0646 \u0628\u064a\u0646\u0645\u0627 \u064a\u0638\u0644 \u0645\u0642\u0627\u0648\u0645\u064b\u0627 \u0644\u0644\u0645\u0627\u0621 \u062a\u0645\u0627\u0645\u064b\u0627.<br \/>\n\u0645\u0646 \u0627\u0644\u062f\u0627\u062e\u0644 \u0644\u0627 \u064a\u0643\u0648\u0646 \u0644\u0644\u0648\u0635\u0644\u0629 \u0633\u0645\u0643 \u0632\u0627\u0626\u062f \u062d\u062a\u0649 \u0644\u0627 \u064a\u062d\u062f\u062b \u0623\u064a \u0627\u0636\u0637\u0631\u0627\u0628 \u0641\u064a \u0643\u0641\u0627\u0621\u0629 \u0627\u0644\u062c\u0647\u0627\u0632 \u0627\u0644\u062a\u0646\u0641\u0633\u064a.<br \/>\n\u064a\u0645\u0643\u0646 \u0648\u0636\u0639 \u0623\u0646\u0628\u0648\u0628 \u0627\u0644\u062a\u0646\u0641\u0633 Ellipsis \u0625\u0645\u0627 \u0639\u0644\u0649 \u0627\u0644\u064a\u0645\u064a\u0646 \u0623\u0648 \u0639\u0644\u0649 \u0627\u0644\u064a\u0633\u0627\u0631 \u062d\u0633\u0628 \u0631\u0627\u062d\u062a\u0643<\/p>","protected":false},"excerpt":{"rendered":"<p>Tuba compos\u00e9 d\u2019un embout en silicone anti allergique \u00e9tudie pour s\u2019appuyer parfaitement sur la courbure parabolique de la m\u00e2choire. L\u2019embout est caract\u00e9ris\u00e9 par une lamelle interne verticale , qui emp\u00eache l\u2019\u00e9crasement du conduit de respiration et r\u00e9duit le bruit de la respiration. Tube en PVC souple de forme elliptique , \u00e9tudi\u00e9e afin d\u2019augmenter le flux [&hellip;]<\/p>","protected":false},"featured_media":7618,"comment_status":"open","ping_status":"closed","template":"","meta":{"_uf_show_specific_survey":0,"_uf_disable_surveys":false},"product_brand":[],"product_cat":[175,165],"product_tag":[],"class_list":{"0":"post-7617","1":"product","2":"type-product","3":"status-publish","4":"has-post-thumbnail","6":"product_cat-tuba","7":"product_cat-chasse-sous-marine","9":"first","10":"instock","11":"shipping-taxable","12":"purchasable","13":"product-type-variable"},"aioseo_notices":[],"_links":{"self":[{"href":"https:\/\/dsmarinealgerie.com\/ar\/wp-json\/wp\/v2\/product\/7617","targetHints":{"allow":["GET"]}}],"collection":[{"href":"https:\/\/dsmarinealgerie.com\/ar\/wp-json\/wp\/v2\/product"}],"about":[{"href":"https:\/\/dsmarinealgerie.com\/ar\/wp-json\/wp\/v2\/types\/product"}],"replies":[{"embeddable":true,"href":"https:\/\/dsmarinealgerie.com\/ar\/wp-json\/wp\/v2\/comments?post=7617"}],"wp:featuredmedia":[{"embeddable":true,"href":"https:\/\/dsmarinealgerie.com\/ar\/wp-json\/wp\/v2\/media\/7618"}],"wp:attachment":[{"href":"https:\/\/dsmarinealgerie.com\/ar\/wp-json\/wp\/v2\/media?parent=7617"}],"wp:term":[{"taxonomy":"product_brand","embeddable":true,"href":"https:\/\/dsmarinealgerie.com\/ar\/wp-json\/wp\/v2\/product_brand?post=7617"},{"taxonomy":"product_cat","embeddable":true,"href":"https:\/\/dsmarinealgerie.com\/ar\/wp-json\/wp\/v2\/product_cat?post=7617"},{"taxonomy":"product_tag","embeddable":true,"href":"https:\/\/dsmarinealgerie.com\/ar\/wp-json\/wp\/v2\/product_tag?post=7617"}],"curies":[{"name":"wp","href":"https:\/\/api.w.org\/{rel}","templated":true}]}}