{"id":7746,"date":"2023-12-13T14:05:26","date_gmt":"2023-12-13T14:05:26","guid":{"rendered":"https:\/\/dsmarinealgerie.com\/?post_type=product&#038;p=7746"},"modified":"2025-11-13T10:07:28","modified_gmt":"2025-11-13T10:07:28","slug":"canne-trabucco-virgo-ld-surf-4-20m","status":"publish","type":"product","link":"https:\/\/dsmarinealgerie.com\/ar\/shop\/peche\/cannes\/canne-trabucco-virgo-ld-surf-4-20m\/","title":{"rendered":"\u062a\u0631\u0627\u0628\u0648\u0643\u0648 \u0641\u064a\u0631\u062c\u0648 LD \u0635\u0646\u0627\u0631\u0629 \u0631\u0643\u0648\u0628 \u0627\u0644\u0623\u0645\u0648\u0627\u062c 4.20 \u0645\u062a\u0631"},"content":{"rendered":"<p>\u064a\u0639\u062a\u0628\u0631 Trabucco Virgo Ld Surf Rod \u0628\u0645\u062b\u0627\u0628\u0629 \u0623\u0639\u062c\u0648\u0628\u0629 \u0647\u0646\u062f\u0633\u064a\u0629 \u0644\u0639\u0634\u0627\u0642 \u0631\u0643\u0648\u0628 \u0627\u0644\u0623\u0645\u0648\u0627\u062c.<\/p>\n<p>\u064a\u062a\u0645\u064a\u0632 \u0628\u0647\u064a\u0643\u0644 \u0643\u0631\u0628\u0648\u0646 CX1 Micro Pitch\u060c \u0643\u0645\u0627 \u064a\u0648\u0641\u0631 \u0627\u0644\u0641\u0631\u0627\u063a \u0627\u0644\u0645\u0633\u062a\u062c\u064a\u0628 \u0627\u0644\u0645\u0643\u0648\u0646 \u0645\u0646 3 \u0623\u0642\u0633\u0627\u0645 \u062d\u0631\u0643\u0629 \u0633\u0631\u064a\u0639\u0629.<\/p>\n<p>\u0623\u0642\u0633\u0627\u0645 \u062e\u0627\u0644\u064a\u0629 \u0645\u0646 \u0627\u0644\u0627\u062d\u062a\u0643\u0627\u0643 \u062a\u0637\u0631\u062f \u0627\u0644\u0631\u0637\u0648\u0628\u0629\u060c \u0648\u062a\u0645\u0646\u0639 \u0627\u0644\u062a\u0635\u0627\u0642 \u0627\u0644\u062e\u0637. \u064a\u0648\u0641\u0631 \u0627\u0644\u0637\u0631\u0641 \u0627\u0644\u0643\u0631\u0628\u0648\u0646\u064a \u0627\u0644\u0647\u062c\u064a\u0646 \u062d\u0633\u0627\u0633\u064a\u0629 \u0634\u062f\u064a\u062f\u0629\u060c \u0628\u064a\u0646\u0645\u0627 \u064a\u0636\u0645\u0646 \u0627\u0644\u0637\u0644\u0627\u0621 \u0627\u0644\u0639\u0627\u0643\u0633 \u0631\u0624\u064a\u0629 \u0639\u0627\u0644\u064a\u0629.<\/p>\n<p>\u064a\u0636\u0645\u0646 \u0646\u0638\u0627\u0645 \u0645\u062d\u0627\u0630\u0627\u0629 JTS \u0627\u0644\u0645\u0628\u062a\u0643\u0631 \u0625\u0639\u062f\u0627\u062f\u064b\u0627 \u0645\u062b\u0627\u0644\u064a\u064b\u0627. \u0623\u062f\u0644\u0629 Fuji LC \u0645\u0642\u0627\u0648\u0645\u0629 \u0644\u0644\u0645\u0644\u062d\u060c \u0648\u064a\u0648\u0641\u0631 \u0645\u0642\u0639\u062f \u0628\u0643\u0631\u0629 Fuji DPS \u0627\u0644\u062b\u0628\u0627\u062a \u0648\u0627\u0644\u0645\u062a\u0627\u0646\u0629.<\/p>\n<p>\u064a\u0636\u0645\u0646 \u0627\u0644\u0645\u0642\u0628\u0636 \u063a\u064a\u0631 \u0627\u0644\u0642\u0627\u0628\u0644 \u0644\u0644\u0627\u0646\u0632\u0644\u0627\u0642 \u0642\u0628\u0636\u0629 \u0645\u062b\u0627\u0644\u064a\u0629 \u0639\u0646\u062f \u0627\u0644\u0631\u0645\u064a.<\/p>","protected":false},"excerpt":{"rendered":"<p>La Canne Trabucco Virgo Ld Surf est une merveille d&rsquo;ing\u00e9nierie pour les passionn\u00e9s de surfcasting. Dot\u00e9e d&rsquo;une structure en carbone CX1 Micro Pitch, son blank r\u00e9actif en 3 sections offre une action rapide. Les sections Zero Friction repoussent l&rsquo;humidit\u00e9, \u00e9vitant l&rsquo;adh\u00e9rence de la ligne. La pointe hybride en carbone offre une sensibilit\u00e9 extr\u00eame, tandis que [&hellip;]<\/p>","protected":false},"featured_media":7747,"comment_status":"open","ping_status":"closed","template":"","meta":{"_uf_show_specific_survey":0,"_uf_disable_surveys":false},"product_brand":[],"product_cat":[164,229],"product_tag":[],"class_list":{"0":"post-7746","1":"product","2":"type-product","3":"status-publish","4":"has-post-thumbnail","6":"product_cat-peche","7":"product_cat-cannes","9":"first","10":"instock","11":"shipping-taxable","12":"purchasable","13":"product-type-simple"},"aioseo_notices":[],"_links":{"self":[{"href":"https:\/\/dsmarinealgerie.com\/ar\/wp-json\/wp\/v2\/product\/7746","targetHints":{"allow":["GET"]}}],"collection":[{"href":"https:\/\/dsmarinealgerie.com\/ar\/wp-json\/wp\/v2\/product"}],"about":[{"href":"https:\/\/dsmarinealgerie.com\/ar\/wp-json\/wp\/v2\/types\/product"}],"replies":[{"embeddable":true,"href":"https:\/\/dsmarinealgerie.com\/ar\/wp-json\/wp\/v2\/comments?post=7746"}],"wp:featuredmedia":[{"embeddable":true,"href":"https:\/\/dsmarinealgerie.com\/ar\/wp-json\/wp\/v2\/media\/7747"}],"wp:attachment":[{"href":"https:\/\/dsmarinealgerie.com\/ar\/wp-json\/wp\/v2\/media?parent=7746"}],"wp:term":[{"taxonomy":"product_brand","embeddable":true,"href":"https:\/\/dsmarinealgerie.com\/ar\/wp-json\/wp\/v2\/product_brand?post=7746"},{"taxonomy":"product_cat","embeddable":true,"href":"https:\/\/dsmarinealgerie.com\/ar\/wp-json\/wp\/v2\/product_cat?post=7746"},{"taxonomy":"product_tag","embeddable":true,"href":"https:\/\/dsmarinealgerie.com\/ar\/wp-json\/wp\/v2\/product_tag?post=7746"}],"curies":[{"name":"wp","href":"https:\/\/api.w.org\/{rel}","templated":true}]}}