{"id":7766,"date":"2023-12-13T15:11:22","date_gmt":"2023-12-13T15:11:22","guid":{"rendered":"https:\/\/dsmarinealgerie.com\/?post_type=product&#038;p=7766"},"modified":"2025-11-13T10:06:05","modified_gmt":"2025-11-13T10:06:05","slug":"canne-surfcasting-lineaeffe-sh1800-4-20-m","status":"publish","type":"product","link":"https:\/\/dsmarinealgerie.com\/ar\/shop\/peche\/cannes\/canne-surfcasting-lineaeffe-sh1800-4-20-m\/","title":{"rendered":"\u0642\u0636\u064a\u0628 \u0631\u0643\u0648\u0628 \u0627\u0644\u0623\u0645\u0648\u0627\u062c Lineaeffe SH1800 \u0628\u0637\u0648\u0644 4.20 \u0645\u062a\u0631"},"content":{"rendered":"<p>\u0642\u0636\u064a\u0628 \u0635\u0628 \u0627\u0644\u0623\u0645\u0648\u0627\u062c \u0628\u0645\u0642\u0628\u0636 \u0645\u0646 \u0627\u0644\u0643\u0631\u0628\u0648\u0646\u060c \u0648\u062d\u0644\u0642\u0627\u062a \u0645\u0631\u0628\u0648\u0637\u0629<br \/>\n\u0642\u0636\u064a\u0628 \u062a\u0635\u0641\u062d \u0645\u0643\u0648\u0646 \u0645\u0646 3 \u0623\u0642\u0633\u0627\u0645<br \/>\n\u0623\u062d\u062f\u062b \u062c\u064a\u0644 \u0645\u0646 \u0642\u0636\u0628\u0627\u0646 \u0627\u0644\u0628\u062b \u0627\u0644\u0633\u0637\u062d\u064a \u0645\u0635\u0646\u0648\u0639\u0629 \u0645\u0646 \u0627\u0644\u0643\u0631\u0628\u0648\u0646 \u0630\u0648 \u0645\u0639\u0627\u0645\u0644 \u0639\u0627\u0644\u064a \u0645\u0639 \u0642\u064a\u0645\u0629 \u0643\u0628\u064a\u0631\u0629 \u0645\u0642\u0627\u0628\u0644 \u0627\u0644\u0645\u0627\u0644.<br \/>\n\u0645\u0635\u0645\u0645\u0629 \u0645\u0639 \u062d\u0644\u0642\u0627\u062a \u062f\u0644\u064a\u0644 \u0643\u0630\u0627.<br \/>\n\u0642\u0636\u064a\u0628 \u0642\u0648\u064a \u0644\u0644\u063a\u0627\u064a\u0629 \u0645\u062b\u0627\u0644\u064a \u0644\u0635\u064a\u062f \u0627\u0644\u0623\u0633\u0645\u0627\u0643 \u0639\u0644\u0649 \u0627\u0644\u0623\u0645\u0648\u0627\u062c.<\/p>","protected":false},"excerpt":{"rendered":"<p>Canne surf-casting emmanchement carbone anneaux ligatur\u00e9 sic Canne surf 3 brins canne de toute derni\u00e8re g\u00e9n\u00e9ration surfcasting fabriqu\u00e9e en carbone haut module avec un super rapport qualit\u00e9 prix . Con\u00e7u avec anneaux sic Guide . Canne super puissante parfait pour la p\u00eache en surf.<\/p>","protected":false},"featured_media":7767,"comment_status":"open","ping_status":"closed","template":"","meta":{"_uf_show_specific_survey":0,"_uf_disable_surveys":false},"product_brand":[],"product_cat":[164,229],"product_tag":[],"class_list":{"0":"post-7766","1":"product","2":"type-product","3":"status-publish","4":"has-post-thumbnail","6":"product_cat-peche","7":"product_cat-cannes","9":"first","10":"instock","11":"shipping-taxable","12":"purchasable","13":"product-type-simple"},"aioseo_notices":[],"_links":{"self":[{"href":"https:\/\/dsmarinealgerie.com\/ar\/wp-json\/wp\/v2\/product\/7766","targetHints":{"allow":["GET"]}}],"collection":[{"href":"https:\/\/dsmarinealgerie.com\/ar\/wp-json\/wp\/v2\/product"}],"about":[{"href":"https:\/\/dsmarinealgerie.com\/ar\/wp-json\/wp\/v2\/types\/product"}],"replies":[{"embeddable":true,"href":"https:\/\/dsmarinealgerie.com\/ar\/wp-json\/wp\/v2\/comments?post=7766"}],"wp:featuredmedia":[{"embeddable":true,"href":"https:\/\/dsmarinealgerie.com\/ar\/wp-json\/wp\/v2\/media\/7767"}],"wp:attachment":[{"href":"https:\/\/dsmarinealgerie.com\/ar\/wp-json\/wp\/v2\/media?parent=7766"}],"wp:term":[{"taxonomy":"product_brand","embeddable":true,"href":"https:\/\/dsmarinealgerie.com\/ar\/wp-json\/wp\/v2\/product_brand?post=7766"},{"taxonomy":"product_cat","embeddable":true,"href":"https:\/\/dsmarinealgerie.com\/ar\/wp-json\/wp\/v2\/product_cat?post=7766"},{"taxonomy":"product_tag","embeddable":true,"href":"https:\/\/dsmarinealgerie.com\/ar\/wp-json\/wp\/v2\/product_tag?post=7766"}],"curies":[{"name":"wp","href":"https:\/\/api.w.org\/{rel}","templated":true}]}}