{"id":7810,"date":"2023-12-20T14:22:56","date_gmt":"2023-12-20T14:22:56","guid":{"rendered":"https:\/\/dsmarinealgerie.com\/?post_type=product&#038;p=7810"},"modified":"2024-12-23T09:15:33","modified_gmt":"2024-12-23T09:15:33","slug":"trabucco-xps-surf-fp-fluoro-power","status":"publish","type":"product","link":"https:\/\/dsmarinealgerie.com\/ar\/shop\/peche\/materiel-de-peche\/fil-de-peche-materiel-de-peche\/trabucco-xps-surf-fp-fluoro-power\/","title":{"rendered":"TRABUCCO XPS SURF FP FLUORO POWER \u062e\u0637 \u062d\u064a\u062f\u0629 300 \u0645\u062a\u0631"},"content":{"rendered":"<ul>\n<li>\n<h4>\u0634\u0639\u064a\u0631\u0627\u062a \u0646\u0627\u064a\u0644\u0648\u0646 \u0639\u0627\u0644\u064a\u0629 \u0627\u0644\u062a\u0642\u0646\u064a\u0629<\/h4>\n<\/li>\n<li>\n<h4>\u062a\u0645 \u062a\u0637\u0648\u064a\u0631\u0647 \u0644\u0635\u064a\u062f \u0627\u0644\u0623\u0633\u0645\u0627\u0643 \u0644\u0645\u0633\u0627\u0641\u0627\u062a \u0637\u0648\u064a\u0644\u0629<\/h4>\n<\/li>\n<li>\n<h4>\u0645\u062b\u0627\u0644\u064a\u0629 \u0644\u0628\u0643\u0631\u0627\u062a \u0627\u0644\u062a\u062e\u0632\u064a\u0646 \u0627\u0644\u0645\u0624\u0642\u062a \u0627\u0644\u062b\u0627\u0628\u062a\u0629<\/h4>\n<\/li>\n<li>\n<h4>\u0645\u0642\u0627\u0648\u0645\u0629 \u0639\u0627\u0644\u064a\u0629 \u0644\u0644\u062a\u0622\u0643\u0644<\/h4>\n<\/li>\n<li>\n<h4>\u0644\u064a\u0646\u0629 \u062c\u062f\u0627<\/h4>\n<\/li>\n<\/ul>","protected":false},"excerpt":{"rendered":"<p>Monofilament en nylon de haute technologie D\u00e9velopp\u00e9 pour la p\u00eache au surf \u00e0 longue distance Id\u00e9al pour les moulinets \u00e0 bobine fixe Haute r\u00e9sistance \u00e0 l&rsquo;abrasion Ultra doux<\/p>","protected":false},"featured_media":7811,"comment_status":"open","ping_status":"closed","template":"","meta":{"_uf_show_specific_survey":0,"_uf_disable_surveys":false},"product_brand":[],"product_cat":[164,227,230],"product_tag":[],"class_list":{"0":"post-7810","1":"product","2":"type-product","3":"status-publish","4":"has-post-thumbnail","6":"product_cat-peche","7":"product_cat-materiel-de-peche","8":"product_cat-fil-de-peche-materiel-de-peche","10":"first","11":"outofstock","12":"shipping-taxable","13":"purchasable","14":"product-type-variable"},"aioseo_notices":[],"_links":{"self":[{"href":"https:\/\/dsmarinealgerie.com\/ar\/wp-json\/wp\/v2\/product\/7810","targetHints":{"allow":["GET"]}}],"collection":[{"href":"https:\/\/dsmarinealgerie.com\/ar\/wp-json\/wp\/v2\/product"}],"about":[{"href":"https:\/\/dsmarinealgerie.com\/ar\/wp-json\/wp\/v2\/types\/product"}],"replies":[{"embeddable":true,"href":"https:\/\/dsmarinealgerie.com\/ar\/wp-json\/wp\/v2\/comments?post=7810"}],"wp:featuredmedia":[{"embeddable":true,"href":"https:\/\/dsmarinealgerie.com\/ar\/wp-json\/wp\/v2\/media\/7811"}],"wp:attachment":[{"href":"https:\/\/dsmarinealgerie.com\/ar\/wp-json\/wp\/v2\/media?parent=7810"}],"wp:term":[{"taxonomy":"product_brand","embeddable":true,"href":"https:\/\/dsmarinealgerie.com\/ar\/wp-json\/wp\/v2\/product_brand?post=7810"},{"taxonomy":"product_cat","embeddable":true,"href":"https:\/\/dsmarinealgerie.com\/ar\/wp-json\/wp\/v2\/product_cat?post=7810"},{"taxonomy":"product_tag","embeddable":true,"href":"https:\/\/dsmarinealgerie.com\/ar\/wp-json\/wp\/v2\/product_tag?post=7810"}],"curies":[{"name":"wp","href":"https:\/\/api.w.org\/{rel}","templated":true}]}}