{"id":7831,"date":"2023-12-21T13:25:42","date_gmt":"2023-12-21T13:25:42","guid":{"rendered":"https:\/\/dsmarinealgerie.com\/?post_type=product&#038;p=7831"},"modified":"2024-04-01T11:40:43","modified_gmt":"2024-04-01T11:40:43","slug":"fil-monofilament-berkley-fireline-300m","status":"publish","type":"product","link":"https:\/\/dsmarinealgerie.com\/ar\/shop\/peche\/materiel-de-peche\/fil-de-peche-materiel-de-peche\/fil-monofilament-berkley-fireline-300m\/","title":{"rendered":"\u062e\u0637 \u0628\u064a\u0631\u0643\u0644\u064a \u0641\u0627\u064a\u0631\u0644\u0627\u064a\u0646 \u0627\u0644\u0623\u062d\u0627\u062f\u064a 300 \u0645\u062a\u0631"},"content":{"rendered":"<h5>\u062e\u0637 \u062d\u062f\u064a\u062b \u0648\u0645\u062a\u0639\u062f\u062f \u0627\u0644\u0627\u0633\u062a\u062e\u062f\u0627\u0645\u0627\u062a \u0644\u0645\u0639\u0638\u0645 \u0637\u0631\u0642 \u0627\u0644\u0635\u064a\u062f<\/h5>\n<h5>\u0642\u0648\u0629 \u0627\u0644\u0634\u062f \u0648\u0627\u0644\u0639\u0642\u062f\u0629 \u0627\u0644\u0639\u0627\u0644\u064a\u0629\u060c \u062c\u0646\u0628\u064b\u0627 \u0625\u0644\u0649 \u062c\u0646\u0628 \u0645\u0639 \u0627\u0644\u0627\u0633\u062a\u0637\u0627\u0644\u0629 \u0627\u0644\u0645\u0646\u062e\u0641\u0636\u0629\u060c \u062a\u0639\u0637\u064a\u0646\u0627 \u0627\u0644\u062e\u064a\u0637 \u0627\u0644\u0623\u062d\u0627\u062f\u064a \u0627\u0644\u0645\u062b\u0627\u0644\u064a \u0644\u062c\u0645\u064a\u0639 \u0627\u0644\u0635\u064a\u0627\u062f\u064a\u0646.<\/h5>","protected":false},"excerpt":{"rendered":"<p>Ligne polyvalente et moderne pour la plupart des m\u00e9thodes de p\u00eache La haute r\u00e9sistance \u00e0 la traction et aux n\u0153uds, combin\u00e9e \u00e0 un faible allongement, nous donne le monofilament parfait pour\u00a0 tous les p\u00eacheurs.<\/p>","protected":false},"featured_media":7835,"comment_status":"open","ping_status":"closed","template":"","meta":{"_uf_show_specific_survey":0,"_uf_disable_surveys":false},"product_brand":[],"product_cat":[164,227,230],"product_tag":[],"class_list":{"0":"post-7831","1":"product","2":"type-product","3":"status-publish","4":"has-post-thumbnail","6":"product_cat-peche","7":"product_cat-materiel-de-peche","8":"product_cat-fil-de-peche-materiel-de-peche","10":"first","11":"instock","12":"shipping-taxable","13":"purchasable","14":"product-type-variable"},"aioseo_notices":[],"_links":{"self":[{"href":"https:\/\/dsmarinealgerie.com\/ar\/wp-json\/wp\/v2\/product\/7831","targetHints":{"allow":["GET"]}}],"collection":[{"href":"https:\/\/dsmarinealgerie.com\/ar\/wp-json\/wp\/v2\/product"}],"about":[{"href":"https:\/\/dsmarinealgerie.com\/ar\/wp-json\/wp\/v2\/types\/product"}],"replies":[{"embeddable":true,"href":"https:\/\/dsmarinealgerie.com\/ar\/wp-json\/wp\/v2\/comments?post=7831"}],"wp:featuredmedia":[{"embeddable":true,"href":"https:\/\/dsmarinealgerie.com\/ar\/wp-json\/wp\/v2\/media\/7835"}],"wp:attachment":[{"href":"https:\/\/dsmarinealgerie.com\/ar\/wp-json\/wp\/v2\/media?parent=7831"}],"wp:term":[{"taxonomy":"product_brand","embeddable":true,"href":"https:\/\/dsmarinealgerie.com\/ar\/wp-json\/wp\/v2\/product_brand?post=7831"},{"taxonomy":"product_cat","embeddable":true,"href":"https:\/\/dsmarinealgerie.com\/ar\/wp-json\/wp\/v2\/product_cat?post=7831"},{"taxonomy":"product_tag","embeddable":true,"href":"https:\/\/dsmarinealgerie.com\/ar\/wp-json\/wp\/v2\/product_tag?post=7831"}],"curies":[{"name":"wp","href":"https:\/\/api.w.org\/{rel}","templated":true}]}}