{"id":7841,"date":"2023-12-21T14:29:19","date_gmt":"2023-12-21T14:29:19","guid":{"rendered":"https:\/\/dsmarinealgerie.com\/?post_type=product&#038;p=7841"},"modified":"2025-11-13T09:41:48","modified_gmt":"2025-11-13T09:41:48","slug":"moulinet-daiwa-ninja-lt-4000-c","status":"publish","type":"product","link":"https:\/\/dsmarinealgerie.com\/ar\/shop\/peche\/moulinets\/moulinet-daiwa-ninja-lt-4000-c\/","title":{"rendered":"\u0628\u0643\u0631\u0629 \u062f\u0627\u064a\u0648\u0627 \u0646\u064a\u0646\u062c\u0627 LT 4000-C"},"content":{"rendered":"<div class=\"product-desc\">\n<p>\u062a\u0639\u062a\u0628\u0631 Ninja \u0628\u0643\u0631\u0629 LT \u0627\u0644\u0623\u0643\u062b\u0631 \u0633\u0647\u0648\u0644\u0629 \u0641\u064a \u0627\u0644\u0648\u0635\u0648\u0644 \u0625\u0644\u064a\u0647\u0627 \u0641\u064a \u0641\u0626\u062a\u0647\u0627. \u062a\u062c\u062a\u0645\u0639 \u0627\u0644\u0642\u0648\u0629 \u0648\u0627\u0644\u062e\u0641\u0629 \u0645\u0639\u064b\u0627 \u0644\u062a\u0634\u0643\u0644 \u0628\u0643\u0631\u0629 \u0630\u0627\u062a \u0646\u0633\u0628\u0629 \u0623\u062f\u0627\u0621 \u0625\u0644\u0649 \u0633\u0639\u0631 \u0644\u0627 \u062a\u0642\u0628\u0644 \u0627\u0644\u0645\u0646\u0627\u0641\u0633\u0629. \u0625\u0646\u0647\u0627 \u062a\u0633\u062a\u0641\u064a\u062f \u0645\u0646 \u0622\u0644\u064a\u0629 \u062f\u0627\u062e\u0644\u064a\u0629 \u0639\u0627\u0644\u064a\u0629 \u0627\u0644\u062a\u0642\u0646\u064a\u0629 \u0645\u0639 \u0639\u062c\u0644\u0629 \u062a\u062d\u0643\u0645 Tough Digigear \u0627\u0644\u062a\u064a \u062a\u0645 \u062a\u062d\u0633\u064a\u0646 \u0639\u0645\u0631\u0647\u0627 \u0627\u0644\u0627\u0641\u062a\u0631\u0627\u0636\u064a \u0628\u0645\u0642\u062f\u0627\u0631 150% \u0645\u0642\u0627\u0631\u0646\u0629 \u0628\u0627\u0644\u062c\u064a\u0644 \u0627\u0644\u0633\u0627\u0628\u0642 \u0645\u0646 Ninja. \u0648\u0645\u0646 \u062e\u0644\u0627\u0644 \u062f\u0645\u062c\u0647 \u0645\u0639 \u0627\u0644\u062f\u0648\u0627\u0631 \u0627\u0644\u0645\u0642\u0648\u0633 &quot;Air Rotor&quot;\u060c \u0641\u0625\u0646\u0647 \u064a\u0648\u0641\u0631 \u062f\u0648\u0631\u0627\u0646\u064b\u0627 \u0645\u0630\u0647\u0644\u0627\u064b \u0648\u0633\u0644\u0633\u064b\u0627 \u0648\u0645\u0633\u062a\u0642\u0631\u064b\u0627.<\/p>\n<\/div>\n<ul class=\"product-specifications\">\n<li>\u0641\u0631\u0627\u0645\u0644 \u0628\u062a\u0642\u0646\u064a\u0629 ATD\u060c \u0632\u0631 \u0641\u0631\u0627\u0645\u0644 \u0628\u0627\u0644\u062d\u062c\u0645 \u0627\u0644\u0643\u0627\u0645\u0644<\/li>\n<li>\u0627\u0644\u0645\u062d\u0627\u0645\u0644: 4 + 1<\/li>\n<li>\u0625\u0637\u0627\u0631 \u0645\u0646 \u0627\u0644\u0628\u0648\u0644\u064a \u0643\u0631\u0628\u0648\u0646\u0627\u062a \u0648\u062f\u0648\u0627\u0631 \u0647\u0648\u0627\u0626\u064a<\/li>\n<li>\u0645\u0644\u0641 \u0628\u0643\u0631\u0629 \u0627\u0644\u0647\u0648\u0627\u0621 \u0645\u0646 \u0627\u0644\u0623\u0644\u0648\u0645\u0646\u064a\u0648\u0645<\/li>\n<li>\u0644\u0641 \u0628\u0648\u0627\u0633\u0637\u0629 \u0627\u0644\u0645\u0646\u0639\u0637\u0641\u0627\u062a \u0627\u0644\u0645\u062a\u0642\u0627\u0637\u0639\u0629<\/li>\n<li>\u0643\u0631\u0646\u0643 \u0623\u0644\u0648\u0645\u0646\u064a\u0648\u0645 \u062e\u0641\u064a\u0641 \u0627\u0644\u0648\u0632\u0646<\/li>\n<\/ul>","protected":false},"excerpt":{"rendered":"<p>Le Ninja est le moulinet LT le plus accessible de sa cat\u00e9gorie. Puissance et l\u00e9g\u00e8ret\u00e9 se r\u00e9unissent pour former un moulinet au rapport performances-prix imbattable. Il b\u00e9n\u00e9ficie d&rsquo;un m\u00e9canisme interne High-Tech avec une roue de commande Tough Digigear dont la dur\u00e9e de vie est am\u00e9lior\u00e9e de 150% par rapport \u00e0 la pr\u00e9c\u00e9dente g\u00e9n\u00e9ration de Ninja. [&hellip;]<\/p>","protected":false},"featured_media":7842,"comment_status":"open","ping_status":"closed","template":"","meta":{"_uf_show_specific_survey":0,"_uf_disable_surveys":false},"product_brand":[],"product_cat":[164,228],"product_tag":[],"class_list":{"0":"post-7841","1":"product","2":"type-product","3":"status-publish","4":"has-post-thumbnail","6":"product_cat-peche","7":"product_cat-moulinets","9":"first","10":"instock","11":"shipping-taxable","12":"purchasable","13":"product-type-simple"},"aioseo_notices":[],"_links":{"self":[{"href":"https:\/\/dsmarinealgerie.com\/ar\/wp-json\/wp\/v2\/product\/7841","targetHints":{"allow":["GET"]}}],"collection":[{"href":"https:\/\/dsmarinealgerie.com\/ar\/wp-json\/wp\/v2\/product"}],"about":[{"href":"https:\/\/dsmarinealgerie.com\/ar\/wp-json\/wp\/v2\/types\/product"}],"replies":[{"embeddable":true,"href":"https:\/\/dsmarinealgerie.com\/ar\/wp-json\/wp\/v2\/comments?post=7841"}],"wp:featuredmedia":[{"embeddable":true,"href":"https:\/\/dsmarinealgerie.com\/ar\/wp-json\/wp\/v2\/media\/7842"}],"wp:attachment":[{"href":"https:\/\/dsmarinealgerie.com\/ar\/wp-json\/wp\/v2\/media?parent=7841"}],"wp:term":[{"taxonomy":"product_brand","embeddable":true,"href":"https:\/\/dsmarinealgerie.com\/ar\/wp-json\/wp\/v2\/product_brand?post=7841"},{"taxonomy":"product_cat","embeddable":true,"href":"https:\/\/dsmarinealgerie.com\/ar\/wp-json\/wp\/v2\/product_cat?post=7841"},{"taxonomy":"product_tag","embeddable":true,"href":"https:\/\/dsmarinealgerie.com\/ar\/wp-json\/wp\/v2\/product_tag?post=7841"}],"curies":[{"name":"wp","href":"https:\/\/api.w.org\/{rel}","templated":true}]}}