{"id":7845,"date":"2023-12-21T14:37:47","date_gmt":"2023-12-21T14:37:47","guid":{"rendered":"https:\/\/dsmarinealgerie.com\/?post_type=product&#038;p=7845"},"modified":"2025-11-13T09:41:22","modified_gmt":"2025-11-13T09:41:22","slug":"moulinet-daiwa-legalis-lt-4000-cxh","status":"publish","type":"product","link":"https:\/\/dsmarinealgerie.com\/ar\/shop\/peche\/moulinets\/moulinet-daiwa-legalis-lt-4000-cxh\/","title":{"rendered":"\u0628\u0643\u0631\u0629 \u062f\u0627\u064a\u0648\u0627 \u0644\u064a\u062c\u0627\u0644\u064a\u0633 LT 4000-CXH"},"content":{"rendered":"<div class=\"product-desc\">\n<div class=\"product-detail product-wrapper\" data-pid=\"155761-1\" data-gtm-product-details-print=\"\">\n<div class=\"product-specs-tab-wrapper\">\n<div class=\"specs-tabs-body-wrapper\">\n<div id=\"product-description\" class=\"product-description specs-tab-body tab-description\">\n<div class=\"description-and-detail collapsible-sm\">\n<div class=\"row description content\">\n<div class=\"col-12 value content\">\n<div class=\"product-desc\">\n<p>\u062a\u0645 \u062a\u062c\u0647\u064a\u0632 \u0628\u0643\u0631\u0627\u062a Legalis \u0628\u062c\u0647\u0627\u0632 \u062f\u0648\u0627\u0631 \u0647\u0648\u0627\u0626\u064a \u0623\u0642\u0648\u0649 \u0645\u0646 \u0646\u0648\u0639 Zaion V \u0645\u0635\u0646\u0648\u0639 \u0645\u0646 \u0627\u0644\u0643\u0631\u0628\u0648\u0646 \u0639\u0644\u0649 \u0634\u0643\u0644 \u0642\u0648\u0633\u060c \u0648\u064a\u062a\u0645\u064a\u0632 \u0628\u062f\u0648\u0631\u0627\u0646 \u0633\u0644\u0633. \u064a\u062a\u064a\u062d \u0644\u0643 \u0623\u062d\u062f\u062b \u062c\u064a\u0644 \u0645\u0646 \u0645\u0643\u0627\u0628\u062d ATD \u0627\u0644\u0633\u064a\u0637\u0631\u0629 \u0639\u0644\u0649 \u0627\u0644\u0645\u0639\u0627\u0631\u0643 \u0645\u0646 \u0627\u0644\u062e\u0637\u0648\u0637 \u0627\u0644\u062c\u0627\u0646\u0628\u064a\u0629 \u0625\u0644\u0649 \u0627\u0644\u0623\u0631\u0636 \u0627\u0644\u062c\u0627\u0641\u0629. \u064a\u062c\u0639\u0644 \u0627\u0644\u0647\u064a\u0643\u0644 \u0627\u0644\u0643\u0631\u0628\u0648\u0646\u064a \u0627\u0644\u0645\u0636\u063a\u0648\u0637 Zaion V \u0648\u0639\u062c\u0644\u0629 \u0627\u0644\u062a\u062d\u0643\u0645 \u0627\u0644\u0642\u0648\u064a\u0629 Tough Digigear \u0645\u0646 Legalis LT 2020 \u0628\u0643\u0631\u0629 \u0630\u0627\u062a \u0646\u0633\u0628\u0629 \u0627\u0633\u062a\u062b\u0646\u0627\u0626\u064a\u0629 \u0645\u0646 \u0627\u0644\u062e\u0641\u0629 \u0648\u0627\u0644\u0645\u062a\u0627\u0646\u0629\u060c \u0643\u0644 \u0630\u0644\u0643 \u0628\u0633\u0639\u0631 \u062c\u0630\u0627\u0628 \u0644\u0644\u063a\u0627\u064a\u0629!<\/p>\n<\/div>\n<ul class=\"product-specifications\">\n<li>\u0641\u0631\u0627\u0645\u0644 \u0628\u062a\u0642\u0646\u064a\u0629 ATD\u060c \u0632\u0631 \u0641\u0631\u0627\u0645\u0644 \u0628\u0627\u0644\u062d\u062c\u0645 \u0627\u0644\u0643\u0627\u0645\u0644<\/li>\n<li>\u0627\u0644\u0645\u062d\u0627\u0645\u0644: 5 + 1<\/li>\n<li>\u0625\u0637\u0627\u0631 \u0627\u0644\u0643\u0631\u0628\u0648\u0646 Zaion V \u0648\u0627\u0644\u062f\u0648\u0627\u0631<\/li>\n<li>\u0645\u0644\u0641 \u0628\u0643\u0631\u0629 \u0627\u0644\u0647\u0648\u0627\u0621 \u0645\u0646 \u0627\u0644\u0623\u0644\u0648\u0645\u0646\u064a\u0648\u0645<\/li>\n<li>\u0644\u0641 \u0628\u0648\u0627\u0633\u0637\u0629 \u0627\u0644\u0645\u0646\u0639\u0637\u0641\u0627\u062a \u0627\u0644\u0645\u062a\u0642\u0627\u0637\u0639\u0629<\/li>\n<li>\u0643\u0631\u0646\u0643 \u0623\u0644\u0648\u0645\u0646\u064a\u0648\u0645 \u0642\u0627\u0628\u0644 \u0644\u0644\u0637\u064a \u062e\u0641\u064a\u0641 \u0627\u0644\u0648\u0632\u0646<\/li>\n<\/ul>\n<\/div>\n<\/div>\n<\/div>\n<\/div>\n<\/div>\n<\/div>\n<div>\n<div class=\"container\">\n<div class=\"recommendations\">\n<div id=\"cq_recomm_slot-e84d98ae0f56f6690bcb8d299a\"><\/div>\n<\/div>\n<\/div>\n<\/div>\n<div>\n<div class=\"container\">\n<div class=\"last-viewed\">\n<div id=\"cq_recomm_slot-d17bcc649ba9cac0101fdc0d18\"><\/div>\n<\/div>\n<\/div>\n<\/div>\n<\/div>\n<div class=\"pdp-reassurance-footer\">\n<div class=\"content-asset\"><\/div>\n<\/div>\n<\/div>","protected":false},"excerpt":{"rendered":"<p>Les moulinets Legalis est Equip\u00e9s de l&rsquo;Air Rotor en forme d&rsquo;arche en carbone Zaion V encore plus solide, ils disposent d&rsquo;une rotation fluide. Le frein de derni\u00e8re g\u00e9n\u00e9ration ATD permet de maitriser les combats de la touche \u00e0 la mise au sec. Le corps compact en carbone Zaion V et la robuste roue de commande [&hellip;]<\/p>","protected":false},"featured_media":7846,"comment_status":"open","ping_status":"closed","template":"","meta":{"_uf_show_specific_survey":0,"_uf_disable_surveys":false},"product_brand":[],"product_cat":[164,228],"product_tag":[],"class_list":{"0":"post-7845","1":"product","2":"type-product","3":"status-publish","4":"has-post-thumbnail","6":"product_cat-peche","7":"product_cat-moulinets","9":"first","10":"instock","11":"shipping-taxable","12":"purchasable","13":"product-type-simple"},"aioseo_notices":[],"_links":{"self":[{"href":"https:\/\/dsmarinealgerie.com\/ar\/wp-json\/wp\/v2\/product\/7845","targetHints":{"allow":["GET"]}}],"collection":[{"href":"https:\/\/dsmarinealgerie.com\/ar\/wp-json\/wp\/v2\/product"}],"about":[{"href":"https:\/\/dsmarinealgerie.com\/ar\/wp-json\/wp\/v2\/types\/product"}],"replies":[{"embeddable":true,"href":"https:\/\/dsmarinealgerie.com\/ar\/wp-json\/wp\/v2\/comments?post=7845"}],"wp:featuredmedia":[{"embeddable":true,"href":"https:\/\/dsmarinealgerie.com\/ar\/wp-json\/wp\/v2\/media\/7846"}],"wp:attachment":[{"href":"https:\/\/dsmarinealgerie.com\/ar\/wp-json\/wp\/v2\/media?parent=7845"}],"wp:term":[{"taxonomy":"product_brand","embeddable":true,"href":"https:\/\/dsmarinealgerie.com\/ar\/wp-json\/wp\/v2\/product_brand?post=7845"},{"taxonomy":"product_cat","embeddable":true,"href":"https:\/\/dsmarinealgerie.com\/ar\/wp-json\/wp\/v2\/product_cat?post=7845"},{"taxonomy":"product_tag","embeddable":true,"href":"https:\/\/dsmarinealgerie.com\/ar\/wp-json\/wp\/v2\/product_tag?post=7845"}],"curies":[{"name":"wp","href":"https:\/\/api.w.org\/{rel}","templated":true}]}}