{"id":7847,"date":"2023-12-21T14:52:10","date_gmt":"2023-12-21T14:52:10","guid":{"rendered":"https:\/\/dsmarinealgerie.com\/?post_type=product&#038;p=7847"},"modified":"2025-11-13T09:41:10","modified_gmt":"2025-11-13T09:41:10","slug":"moulinet-daiwa-fuego-lt4000-cxh","status":"publish","type":"product","link":"https:\/\/dsmarinealgerie.com\/ar\/shop\/peche\/moulinets\/moulinet-daiwa-fuego-lt4000-cxh\/","title":{"rendered":"\u0628\u0643\u0631\u0629 \u062f\u0627\u064a\u0648\u0627 \u0641\u0648\u064a\u063a\u0648 LT4000-CXH"},"content":{"rendered":"<div class=\"product-desc\">\n<div class=\"product-detail product-wrapper\" data-pid=\"155761-1\" data-gtm-product-details-print=\"\">\n<div class=\"product-specs-tab-wrapper\">\n<div class=\"specs-tabs-body-wrapper\">\n<div id=\"product-description\" class=\"product-description specs-tab-body tab-description\">\n<div class=\"description-and-detail collapsible-sm\">\n<div class=\"row description content\">\n<div class=\"col-12 value content\">\n<div class=\"product-desc\">\n<div class=\"product-desc\">\n<p>\u062e\u0641\u064a\u0641\u0629 \u0648\u0642\u0648\u064a\u0629\u060c \u0647\u0630\u0647 \u0627\u0644\u0628\u0643\u0631\u0627\u062a \u0645\u0646\u0627\u0633\u0628\u0629 \u0644\u0635\u064a\u062f \u0627\u0644\u0623\u0633\u0645\u0627\u0643 \u0627\u0644\u0625\u0646\u062c\u0644\u064a\u0632\u064a \u0627\u0644\u062e\u0641\u064a\u0641 \u0648\u0627\u0644\u0635\u064a\u062f \u0627\u0644\u062b\u0642\u064a\u0644 \u0645\u062b\u0644 \u0627\u0644\u0645\u063a\u0630\u064a\u0627\u062a \u0627\u0644\u062b\u0642\u064a\u0644\u0629\u060c \u0625\u0637\u0627\u0631 Fuego LT \u0627\u0644\u0645\u0635\u0646\u0648\u0639 \u0645\u0646 \u0627\u0644\u0643\u0631\u0628\u0648\u0646 DS5 \u0623\u062e\u0641 \u0628\u0643\u062b\u064a\u0631! \u064a\u062a\u0645 \u0636\u0645\u0627\u0646 \u0633\u064a\u0648\u0644\u0629 \u0627\u0644\u062f\u0648\u0627\u0631 \u0627\u0644\u0645\u0635\u0646\u0648\u0639 \u0645\u0646 \u0627\u0644\u0628\u0648\u0644\u064a \u0643\u0631\u0628\u0648\u0646\u0627\u062a DS4 \u0628\u0648\u0627\u0633\u0637\u0629 \u0632\u064a\u062a MagSealed: \u062f\u0648\u0631\u0627\u0646 \u0633\u0644\u0633 \u0648\u062e\u062a\u0645 \u0627\u0644\u0625\u0637\u0627\u0631 \u0645\u0639\u062a\u0645\u062f! \u0648\u0623\u062e\u064a\u0631\u064b\u0627\u060c \u064a\u062a\u0645 \u062a\u0639\u0632\u064a\u0632 \u0627\u0644\u0641\u0631\u0627\u0645\u0644 \u0627\u0644\u0645\u0632\u0648\u062f\u0629 \u0628\u0634\u062d\u0645 ATD \u0628\u0648\u0627\u0633\u0637\u0629 \u0632\u0631 \u0634\u062f \u0643\u0627\u0645\u0644 \u0627\u0644\u062d\u062c\u0645.<\/p>\n<\/div>\n<ul class=\"product-specifications\">\n<li>\u0641\u0631\u0627\u0645\u0644 ATD\u060c \u0632\u0631 \u0641\u0631\u0627\u0645\u0644 \u0628\u0627\u0644\u062d\u062c\u0645 \u0627\u0644\u0643\u0627\u0645\u0644<\/li>\n<li>\u0627\u0644\u0645\u062d\u0627\u0645\u0644: 6 + 1<\/li>\n<li>\u0625\u0637\u0627\u0631 \u0645\u0646 \u0627\u0644\u0643\u0631\u0628\u0648\u0646 DS5 \u0648\u062f\u0648\u0627\u0631 \u0647\u0648\u0627\u0621 \u0645\u0646 \u0627\u0644\u0628\u0648\u0644\u064a \u0643\u0631\u0628\u0648\u0646\u0627\u062a DS4<\/li>\n<li>\u0645\u0644\u0641 \u0623\u0644\u0648\u0645\u0646\u064a\u0648\u0645 Air Spool + \u0648\u0627\u062d\u062f \u0625\u0636\u0627\u0641\u064a<\/li>\n<li>\u0644\u0641 CrossWrap<\/li>\n<li>\u0643\u0631\u0646\u0643 \u0623\u0644\u0648\u0645\u0646\u064a\u0648\u0645 \u0642\u0627\u0628\u0644 \u0644\u0644\u0637\u064a \u0628\u0646\u0642\u0631\u0629 \u0648\u0627\u062d\u062f\u0629<\/li>\n<\/ul>\n<\/div>\n<\/div>\n<\/div>\n<\/div>\n<\/div>\n<\/div>\n<\/div>\n<\/div>\n<\/div>","protected":false},"excerpt":{"rendered":"<p>L\u00e9gers et robustes, ces moulinets sont adapt\u00e9s aux p\u00eaches l\u00e9g\u00e8res \u00e0 l&rsquo;anglaise et aux p\u00eaches fortes telles que le feeder lourd, Le b\u00e2ti du Fuego LT en carbone DS5 est consid\u00e9rablement all\u00e9g\u00e9 ! La fluidit\u00e9 du rotor en polycarbonate DS4 est assur\u00e9e par l&rsquo;huile MagSealed : douceur de rotation et \u00e9tanch\u00e9it\u00e9 du b\u00e2ti certifi\u00e9es ! [&hellip;]<\/p>","protected":false},"featured_media":7848,"comment_status":"open","ping_status":"closed","template":"","meta":{"_uf_show_specific_survey":0,"_uf_disable_surveys":false},"product_brand":[],"product_cat":[164,228],"product_tag":[],"class_list":{"0":"post-7847","1":"product","2":"type-product","3":"status-publish","4":"has-post-thumbnail","6":"product_cat-peche","7":"product_cat-moulinets","9":"first","10":"instock","11":"shipping-taxable","12":"purchasable","13":"product-type-simple"},"aioseo_notices":[],"_links":{"self":[{"href":"https:\/\/dsmarinealgerie.com\/ar\/wp-json\/wp\/v2\/product\/7847","targetHints":{"allow":["GET"]}}],"collection":[{"href":"https:\/\/dsmarinealgerie.com\/ar\/wp-json\/wp\/v2\/product"}],"about":[{"href":"https:\/\/dsmarinealgerie.com\/ar\/wp-json\/wp\/v2\/types\/product"}],"replies":[{"embeddable":true,"href":"https:\/\/dsmarinealgerie.com\/ar\/wp-json\/wp\/v2\/comments?post=7847"}],"wp:featuredmedia":[{"embeddable":true,"href":"https:\/\/dsmarinealgerie.com\/ar\/wp-json\/wp\/v2\/media\/7848"}],"wp:attachment":[{"href":"https:\/\/dsmarinealgerie.com\/ar\/wp-json\/wp\/v2\/media?parent=7847"}],"wp:term":[{"taxonomy":"product_brand","embeddable":true,"href":"https:\/\/dsmarinealgerie.com\/ar\/wp-json\/wp\/v2\/product_brand?post=7847"},{"taxonomy":"product_cat","embeddable":true,"href":"https:\/\/dsmarinealgerie.com\/ar\/wp-json\/wp\/v2\/product_cat?post=7847"},{"taxonomy":"product_tag","embeddable":true,"href":"https:\/\/dsmarinealgerie.com\/ar\/wp-json\/wp\/v2\/product_tag?post=7847"}],"curies":[{"name":"wp","href":"https:\/\/api.w.org\/{rel}","templated":true}]}}