{"id":7860,"date":"2023-12-21T15:44:59","date_gmt":"2023-12-21T15:44:59","guid":{"rendered":"https:\/\/dsmarinealgerie.com\/?post_type=product&#038;p=7860"},"modified":"2025-11-13T08:46:19","modified_gmt":"2025-11-13T08:46:19","slug":"moulinet-nomura-haru-front-drag-4000-fw","status":"publish","type":"product","link":"https:\/\/dsmarinealgerie.com\/ar\/shop\/peche\/materiel-de-peche\/moulinet-nomura-haru-front-drag-4000-fw\/","title":{"rendered":"\u0628\u0643\u0631\u0629 \u0646\u0648\u0645\u0648\u0631\u0627 \u0647\u0627\u0631\u0648 \u0641\u0631\u0648\u0646\u062a \u062f\u0631\u0627\u062c 4000 FW"},"content":{"rendered":"<p>\u0645\u062b\u0644 Haru TA\u060c \u062a\u062a\u0645\u062a\u0639 \u0647\u0630\u0647 \u0627\u0644\u0623\u062f\u0627\u0629 \u0628\u0645\u0638\u0647\u0631 \u0639\u062f\u0648\u0627\u0646\u064a \u0648\u062c\u0645\u064a\u0639 \u0627\u0644\u0645\u064a\u0632\u0627\u062a \u0627\u0644\u062a\u064a \u064a\u0628\u062d\u062b \u0639\u0646\u0647\u0627 \u0627\u0644\u0635\u064a\u0627\u062f\u0648\u0646 \u0627\u0644\u0630\u064a\u0646 \u064a\u0628\u062d\u062b\u0648\u0646 \u0639\u0646 \u0627\u0644\u0623\u0641\u0636\u0644. \u064a\u0633\u0645\u062d \u0644\u0643 \u0627\u0644\u0633\u062d\u0628 \u0634\u0628\u0647 \u0627\u0644\u0645\u062d\u0643\u0645 \u0627\u0644\u0642\u0627\u0628\u0644 \u0644\u0644\u062a\u0639\u062f\u064a\u0644 \u0628\u0634\u0643\u0644 \u0645\u062a\u0631\u064a \u0628\u0627\u0644\u0635\u064a\u062f \u0628\u0623\u0642\u0635\u0649 \u0642\u062f\u0631 \u0645\u0646 \u0627\u0644\u062f\u0642\u0629 \u062d\u062a\u0649 \u0645\u0639 \u0627\u0644\u0637\u0639\u0648\u0645 \u0627\u0644\u0635\u063a\u064a\u0631\u0629\u060c \u062f\u0648\u0646 \u062a\u0642\u0644\u064a\u0644 \u0627\u0644\u0642\u0648\u0629 \u0648\u0627\u0644\u0642\u062f\u0631\u0629 \u0639\u0644\u0649 \u0627\u0644\u0645\u0646\u0627\u0648\u0631\u0629. \u062a\u062a\u064a\u062d \u0627\u0644\u0645\u062c\u0645\u0648\u0639\u0629 \u0627\u0633\u062a\u062e\u062f\u0627\u0645\u064b\u0627 \u0648\u0627\u0633\u0639\u064b\u0627\u060c \u0628\u062f\u0621\u064b\u0627 \u0645\u0646 \u0627\u0644\u062f\u0648\u0631\u0627\u0646 \u0627\u0644\u062e\u0641\u064a\u0641 \u0625\u0644\u0649 \u0627\u0644\u062f\u0648\u0631\u0627\u0646 \u0627\u0644\u0645\u062a\u0648\u0633\u0637 \u0648\u062d\u062a\u0649 \u0627\u0644\u062d\u064a\u0648\u0627\u0646\u0627\u062a \u0627\u0644\u0645\u0641\u062a\u0631\u0633\u0629 \u0627\u0644\u0635\u063a\u064a\u0631\u0629 \u0641\u064a \u0627\u0644\u0628\u062d\u0631.<\/p>\n<p><strong>\u0633\u0645\u0627\u062a:<\/strong><\/p>\n<ul>\n<li>\u0627\u0644\u0648\u0632\u0646: 299 \u062c\u0631\u0627\u0645<\/li>\n<li>\u0627\u0644\u0646\u0633\u0628\u0629: 5.1:1<\/li>\n<li>\u0627\u0644\u0628\u0643\u0631\u0629 \u0627\u0644\u0627\u062d\u062a\u064a\u0627\u0637\u064a\u0629: 1 \u062c\u0631\u0627\u0641\u064a\u062a<\/li>\n<li>\u0627\u0644\u0633\u0639\u0629: \u0645\u0645\/\u0645 0.21\/200 0.22\/160<\/li>\n<\/ul>","protected":false},"excerpt":{"rendered":"<p>Comme le Haru TA, cet outil pr\u00e9sente un look agressif et toutes les fonctionnalit\u00e9s recherch\u00e9es par les p\u00eacheurs \u00e0 la recherche du meilleur. La tra\u00een\u00e9e semi-\u00e9tanche micro ajustable m\u00e9triquement vous permet de p\u00eacher avec la pr\u00e9cision maximale m\u00eame avec de petits app\u00e2ts, sans r\u00e9duire la force et la maniabilit\u00e9. L\u2019assortiment en permet une utilisation large, [&hellip;]<\/p>","protected":false},"featured_media":7861,"comment_status":"open","ping_status":"closed","template":"","meta":{"_uf_show_specific_survey":0,"_uf_disable_surveys":false},"product_brand":[],"product_cat":[164,227,228],"product_tag":[],"class_list":{"0":"post-7860","1":"product","2":"type-product","3":"status-publish","4":"has-post-thumbnail","6":"product_cat-peche","7":"product_cat-materiel-de-peche","8":"product_cat-moulinets","10":"first","11":"instock","12":"shipping-taxable","13":"purchasable","14":"product-type-simple"},"aioseo_notices":[],"_links":{"self":[{"href":"https:\/\/dsmarinealgerie.com\/ar\/wp-json\/wp\/v2\/product\/7860","targetHints":{"allow":["GET"]}}],"collection":[{"href":"https:\/\/dsmarinealgerie.com\/ar\/wp-json\/wp\/v2\/product"}],"about":[{"href":"https:\/\/dsmarinealgerie.com\/ar\/wp-json\/wp\/v2\/types\/product"}],"replies":[{"embeddable":true,"href":"https:\/\/dsmarinealgerie.com\/ar\/wp-json\/wp\/v2\/comments?post=7860"}],"wp:featuredmedia":[{"embeddable":true,"href":"https:\/\/dsmarinealgerie.com\/ar\/wp-json\/wp\/v2\/media\/7861"}],"wp:attachment":[{"href":"https:\/\/dsmarinealgerie.com\/ar\/wp-json\/wp\/v2\/media?parent=7860"}],"wp:term":[{"taxonomy":"product_brand","embeddable":true,"href":"https:\/\/dsmarinealgerie.com\/ar\/wp-json\/wp\/v2\/product_brand?post=7860"},{"taxonomy":"product_cat","embeddable":true,"href":"https:\/\/dsmarinealgerie.com\/ar\/wp-json\/wp\/v2\/product_cat?post=7860"},{"taxonomy":"product_tag","embeddable":true,"href":"https:\/\/dsmarinealgerie.com\/ar\/wp-json\/wp\/v2\/product_tag?post=7860"}],"curies":[{"name":"wp","href":"https:\/\/api.w.org\/{rel}","templated":true}]}}