{"id":7871,"date":"2023-12-24T12:04:24","date_gmt":"2023-12-24T12:04:24","guid":{"rendered":"https:\/\/dsmarinealgerie.com\/?post_type=product&#038;p=7871"},"modified":"2024-02-13T13:36:05","modified_gmt":"2024-02-13T13:36:05","slug":"leurre-herakles-long-john-f","status":"publish","type":"product","link":"https:\/\/dsmarinealgerie.com\/ar\/shop\/peche\/materiel-de-peche\/leurre-herakles-long-john-f\/","title":{"rendered":"\u0647\u064a\u0631\u0627\u0643\u0644\u064a\u0633 \u0644\u0648\u0646\u063a \u062c\u0648\u0646 \u0625\u0641 \u0625\u063a\u0631\u0627\u0621"},"content":{"rendered":"<div class=\"content\" tabindex=\"0\">\n<div class=\"ac-container ac-adaptiveCard\">\n<div class=\"ac-textBlock\">\n<p>\u064a\u0639\u062a\u0628\u0631 Herakles Long John F \u0639\u0628\u0627\u0631\u0629 \u0639\u0646 jerkbait \u064a\u0645\u0643\u0646 \u0627\u0633\u062a\u062e\u062f\u0627\u0645\u0647 \u0641\u064a \u0627\u0644\u0635\u064a\u062f \u0627\u0644\u0628\u062d\u0631\u064a.<\/p>\n<p>\u0625\u0646\u0647 \u0641\u0639\u0627\u0644 \u0628\u0634\u0643\u0644 \u062e\u0627\u0635 \u0644\u062a\u062a\u0628\u0639 \u0627\u0644\u062c\u0647\u064a\u0631 \u0627\u0644\u0643\u0628\u064a\u0631 \u0627\u0644\u0630\u064a \u064a\u0633\u062a\u0647\u062f\u0641 \u0623\u0633\u0645\u0627\u0643 \u0627\u0644\u0633\u0627\u0646\u062f\u064a\u0644 \u0623\u0648 \u0627\u0644\u062d\u064a\u0648\u0627\u0646\u0627\u062a \u0627\u0644\u0645\u0641\u062a\u0631\u0633\u0629 \u0627\u0644\u0628\u062d\u0631\u064a\u0629 \u0645\u062b\u0644 \u0627\u0644\u0628\u0627\u0631\u0627\u0643\u0648\u062f\u0627 \u0623\u0648 \u0627\u0644\u0633\u0645\u0643 \u0627\u0644\u0623\u0632\u0631\u0642 \u0623\u0648 \u0627\u0644\u0644\u064a\u062a\u0634.<\/p>\n<p>\u0647\u0630\u0627 \u0627\u0644\u0637\u064f\u0639\u0645 \u0645\u062a\u0648\u0641\u0631 \u0641\u064a \u0646\u0633\u062e\u062a\u064a\u0646\u060c \u0639\u0627\u0626\u0645 \u0648\u063a\u0627\u0636\u0628\u060c \u0648\u064a\u0628\u0644\u063a \u0637\u0648\u0644\u0647 187 \u0645\u0644\u0645 <span style=\"font-size: 13.3333px;\">.<\/span><\/p>\n<p>\u064a\u062d\u062a\u0648\u064a \u0639\u0644\u0649 \u062c\u0633\u0645 ABS \u0645\u0639 \u062a\u0639\u0632\u064a\u0632 \u0645\u0631\u0648\u0631\u064a \u0635\u0644\u0628 \u0648\u062b\u0642\u0644 \u062f\u0627\u062e\u0644\u064a \u0643\u0628\u064a\u0631 \u064a\u062a\u062d\u0631\u0643 \u0641\u064a \u062c\u0633\u0645 \u0627\u0644\u0637\u0639\u0645 \u0648\u0641\u0642\u064b\u0627 \u0644\u0642\u0648\u0627\u0644\u0628 \u0627\u0644\u0635\u064a\u0627\u062f.<\/p>\n<p>\u0645\u0646 \u0627\u0644\u0633\u0647\u0644 \u0625\u0644\u0642\u0627\u0621 Herakles Long John F \u0628\u0639\u064a\u062f\u064b\u0627 \u0628\u0641\u0636\u0644 \u0627\u0644\u0646\u0642\u0644 \u0627\u0644\u062c\u0645\u0627\u0639\u064a \u0639\u0627\u0644\u064a \u0627\u0644\u0643\u0641\u0627\u0621\u0629 <span style=\"font-size: 13.3333px;\">.<\/span><\/p>\n<\/div>\n<div class=\"ac-horizontal-separator\" aria-hidden=\"true\"><\/div>\n<\/div>\n<\/div>","protected":false},"excerpt":{"rendered":"<p>Le leurre Herakles Long John F est un jerkbait qui peut \u00eatre utilis\u00e9 pour la p\u00eache en mer. Il est particuli\u00e8rement efficace pour la traque des gros bars ciblant les lan\u00e7ons ou des pr\u00e9dateurs marins tels que le barracuda, le tassergal ou la liche . Ce leurre est disponible en deux versions, flottante et coulante, [&hellip;]<\/p>","protected":false},"featured_media":7873,"comment_status":"open","ping_status":"closed","template":"","meta":{"_uf_show_specific_survey":0,"_uf_disable_surveys":false},"product_brand":[],"product_cat":[164,227],"product_tag":[],"class_list":{"0":"post-7871","1":"product","2":"type-product","3":"status-publish","4":"has-post-thumbnail","6":"product_cat-peche","7":"product_cat-materiel-de-peche","9":"first","10":"instock","11":"shipping-taxable","12":"purchasable","13":"product-type-simple"},"aioseo_notices":[],"_links":{"self":[{"href":"https:\/\/dsmarinealgerie.com\/ar\/wp-json\/wp\/v2\/product\/7871","targetHints":{"allow":["GET"]}}],"collection":[{"href":"https:\/\/dsmarinealgerie.com\/ar\/wp-json\/wp\/v2\/product"}],"about":[{"href":"https:\/\/dsmarinealgerie.com\/ar\/wp-json\/wp\/v2\/types\/product"}],"replies":[{"embeddable":true,"href":"https:\/\/dsmarinealgerie.com\/ar\/wp-json\/wp\/v2\/comments?post=7871"}],"wp:featuredmedia":[{"embeddable":true,"href":"https:\/\/dsmarinealgerie.com\/ar\/wp-json\/wp\/v2\/media\/7873"}],"wp:attachment":[{"href":"https:\/\/dsmarinealgerie.com\/ar\/wp-json\/wp\/v2\/media?parent=7871"}],"wp:term":[{"taxonomy":"product_brand","embeddable":true,"href":"https:\/\/dsmarinealgerie.com\/ar\/wp-json\/wp\/v2\/product_brand?post=7871"},{"taxonomy":"product_cat","embeddable":true,"href":"https:\/\/dsmarinealgerie.com\/ar\/wp-json\/wp\/v2\/product_cat?post=7871"},{"taxonomy":"product_tag","embeddable":true,"href":"https:\/\/dsmarinealgerie.com\/ar\/wp-json\/wp\/v2\/product_tag?post=7871"}],"curies":[{"name":"wp","href":"https:\/\/api.w.org\/{rel}","templated":true}]}}