{"id":7905,"date":"2023-12-27T11:56:43","date_gmt":"2023-12-27T11:56:43","guid":{"rendered":"https:\/\/dsmarinealgerie.com\/?post_type=product&#038;p=7905"},"modified":"2023-12-27T13:53:12","modified_gmt":"2023-12-27T13:53:12","slug":"tresse-pe-strong-4-150m","status":"publish","type":"product","link":"https:\/\/dsmarinealgerie.com\/ar\/shop\/peche\/materiel-de-peche\/tresse\/tresse-pe-strong-4-150m\/","title":{"rendered":"\u064a\u0627\u0645\u0627\u062a\u0648\u064a\u0627 \u0628\u064a \u0627\u064a \u0633\u062a\u0631\u0648\u0646\u062c 4 \u062c\u062f\u064a\u0644\u0629 \u2013 150 \u0645"},"content":{"rendered":"<p>\u062a\u062d\u0633\u0646 \u0643\u0628\u064a\u0631 \u0641\u064a \u0645\u0642\u0627\u0648\u0645\u0629 \u0627\u0644\u062a\u0622\u0643\u0644 \u0648\u0625\u0645\u0643\u0627\u0646\u064a\u0629 \u0627\u0644\u062a\u062d\u0643\u0645!!<br \/>\n\u0627\u0633\u062a\u062e\u062f\u0645 \u0623\u0644\u064a\u0627\u0641 \u0627\u0644\u0628\u0648\u0644\u064a \u0625\u064a\u062b\u064a\u0644\u064a\u0646 \u0641\u0627\u0626\u0642\u0629 \u0627\u0644\u0642\u0648\u0629 \u0645\u0646 TOYOBO\u060c &quot;IZANAS&quot;<br \/>\n\u0645\u0636\u0641\u0631 \u0628\u0643\u062b\u0627\u0641\u0629<br \/>\nHIP \u0645\u062a\u0645\u0627\u0633\u0643 \u0628\u0625\u062d\u0643\u0627\u0645 \u0643\u0644 \u0645\u0648\u0636\u0648\u0639<br \/>\n\u062e\u0637 \u0645\u0636\u0641\u0631 \u0630\u0648 \u0634\u0643\u0644 \u0645\u0633\u062a\u062f\u064a\u0631 \u0648\u0645\u0642\u0627\u0648\u0645\u0629 \u0643\u0628\u064a\u0631\u0629<\/p>\n<ul>\n<li>\u0628\u064a: 0.8\u061b 4.5 \u0643\u062c\u0645<\/li>\n<li>\u0628\u064a: 1\u061b 5.5 \u0643\u062c\u0645<\/li>\n<\/ul>","protected":false},"excerpt":{"rendered":"<p>R\u00e9sistance \u00e0 l&rsquo;abrasion et contr\u00f4labilit\u00e9 grandement am\u00e9lior\u00e9es !! Utilisez la fibre de poly\u00e9thyl\u00e8ne ultra haute r\u00e9sistance de TOYOBO, \u00abIZANAS\u00bb Tress\u00e9 dens\u00e9ment HIP coh\u00e9rent \u00e9troitement chaque fil Ligne tress\u00e9e avec un profil plus rond et une grande r\u00e9sistance PE: 0.8 ; 4.5kg PE: 1 ; 5.5kg<\/p>","protected":false},"featured_media":7909,"comment_status":"open","ping_status":"closed","template":"","meta":{"_uf_show_specific_survey":0,"_uf_disable_surveys":false},"product_brand":[],"product_cat":[581,164,227],"product_tag":[],"class_list":{"0":"post-7905","1":"product","2":"type-product","3":"status-publish","4":"has-post-thumbnail","6":"product_cat-tresse","7":"product_cat-peche","8":"product_cat-materiel-de-peche","10":"first","11":"instock","12":"shipping-taxable","13":"purchasable","14":"product-type-variable"},"aioseo_notices":[],"_links":{"self":[{"href":"https:\/\/dsmarinealgerie.com\/ar\/wp-json\/wp\/v2\/product\/7905","targetHints":{"allow":["GET"]}}],"collection":[{"href":"https:\/\/dsmarinealgerie.com\/ar\/wp-json\/wp\/v2\/product"}],"about":[{"href":"https:\/\/dsmarinealgerie.com\/ar\/wp-json\/wp\/v2\/types\/product"}],"replies":[{"embeddable":true,"href":"https:\/\/dsmarinealgerie.com\/ar\/wp-json\/wp\/v2\/comments?post=7905"}],"wp:featuredmedia":[{"embeddable":true,"href":"https:\/\/dsmarinealgerie.com\/ar\/wp-json\/wp\/v2\/media\/7909"}],"wp:attachment":[{"href":"https:\/\/dsmarinealgerie.com\/ar\/wp-json\/wp\/v2\/media?parent=7905"}],"wp:term":[{"taxonomy":"product_brand","embeddable":true,"href":"https:\/\/dsmarinealgerie.com\/ar\/wp-json\/wp\/v2\/product_brand?post=7905"},{"taxonomy":"product_cat","embeddable":true,"href":"https:\/\/dsmarinealgerie.com\/ar\/wp-json\/wp\/v2\/product_cat?post=7905"},{"taxonomy":"product_tag","embeddable":true,"href":"https:\/\/dsmarinealgerie.com\/ar\/wp-json\/wp\/v2\/product_tag?post=7905"}],"curies":[{"name":"wp","href":"https:\/\/api.w.org\/{rel}","templated":true}]}}