{"id":7910,"date":"2023-12-27T12:11:38","date_gmt":"2023-12-27T12:11:38","guid":{"rendered":"https:\/\/dsmarinealgerie.com\/?post_type=product&#038;p=7910"},"modified":"2023-12-27T12:29:26","modified_gmt":"2023-12-27T12:29:26","slug":"tresse-shimano-pitbull-g5-150m","status":"publish","type":"product","link":"https:\/\/dsmarinealgerie.com\/ar\/shop\/peche\/materiel-de-peche\/tresse\/tresse-shimano-pitbull-g5-150m\/","title":{"rendered":"\u0634\u064a\u0645\u0627\u0646\u0648 \u0628\u064a\u062a\u0628\u0648\u0644 \u062c\u064a 5 \u062c\u062f\u064a\u0644\u0629 -150 \u0645\u062a\u0631"},"content":{"rendered":"<p>\u062a\u062d\u0633\u0646 \u0643\u0628\u064a\u0631 \u0641\u064a \u0645\u0642\u0627\u0648\u0645\u0629 \u0627\u0644\u062a\u0622\u0643\u0644 \u0648\u0625\u0645\u0643\u0627\u0646\u064a\u0629 \u0627\u0644\u062a\u062d\u0643\u0645!!<br \/>\n\u0645\u0636\u0641\u0631 \u0628\u0643\u062b\u0627\u0641\u0629<br \/>\nHIP \u0645\u062a\u0645\u0627\u0633\u0643 \u0628\u0625\u062d\u0643\u0627\u0645 \u0643\u0644 \u0645\u0648\u0636\u0648\u0639<br \/>\n\u062e\u0637 \u0645\u0636\u0641\u0631 \u0630\u0648 \u0634\u0643\u0644 \u0645\u0633\u062a\u062f\u064a\u0631 \u0648\u0645\u0642\u0627\u0648\u0645\u0629 \u0643\u0628\u064a\u0631\u0629<\/p>\n<ul>\n<li>\u0628\u064a: 0.8\u061b 6.2 \u0643\u062c\u0645\u060c 13.7 \u0631\u0637\u0644<\/li>\n<li>\u0628\u064a: 1\u061b 7.6 \u0643\u062c\u0645\u061b 16.7 \u0631\u0637\u0644<\/li>\n<li>\u0628\u064a: 1.2\u061b 10.4 \u0643\u062c\u0645\u061b 22.8 \u0631\u0637\u0644<\/li>\n<\/ul>","protected":false},"excerpt":{"rendered":"<p>R\u00e9sistance \u00e0 l&rsquo;abrasion et contr\u00f4labilit\u00e9 grandement am\u00e9lior\u00e9es !! Tress\u00e9 dens\u00e9ment HIP coh\u00e9rent \u00e9troitement chaque fil Ligne tress\u00e9e avec un profil plus rond et une grande r\u00e9sistance PE: 0.8\u00a0 ; 6.2kg ;13.7lb PE: 1 ; 7.6kg ; 16.7lb PE: 1.2 ; 10.4kg ; 22.8lb<\/p>","protected":false},"featured_media":7914,"comment_status":"open","ping_status":"closed","template":"","meta":{"_uf_show_specific_survey":0,"_uf_disable_surveys":false},"product_brand":[],"product_cat":[581,164,227],"product_tag":[],"class_list":{"0":"post-7910","1":"product","2":"type-product","3":"status-publish","4":"has-post-thumbnail","6":"product_cat-tresse","7":"product_cat-peche","8":"product_cat-materiel-de-peche","10":"first","11":"instock","12":"shipping-taxable","13":"purchasable","14":"product-type-variable"},"aioseo_notices":[],"_links":{"self":[{"href":"https:\/\/dsmarinealgerie.com\/ar\/wp-json\/wp\/v2\/product\/7910","targetHints":{"allow":["GET"]}}],"collection":[{"href":"https:\/\/dsmarinealgerie.com\/ar\/wp-json\/wp\/v2\/product"}],"about":[{"href":"https:\/\/dsmarinealgerie.com\/ar\/wp-json\/wp\/v2\/types\/product"}],"replies":[{"embeddable":true,"href":"https:\/\/dsmarinealgerie.com\/ar\/wp-json\/wp\/v2\/comments?post=7910"}],"wp:featuredmedia":[{"embeddable":true,"href":"https:\/\/dsmarinealgerie.com\/ar\/wp-json\/wp\/v2\/media\/7914"}],"wp:attachment":[{"href":"https:\/\/dsmarinealgerie.com\/ar\/wp-json\/wp\/v2\/media?parent=7910"}],"wp:term":[{"taxonomy":"product_brand","embeddable":true,"href":"https:\/\/dsmarinealgerie.com\/ar\/wp-json\/wp\/v2\/product_brand?post=7910"},{"taxonomy":"product_cat","embeddable":true,"href":"https:\/\/dsmarinealgerie.com\/ar\/wp-json\/wp\/v2\/product_cat?post=7910"},{"taxonomy":"product_tag","embeddable":true,"href":"https:\/\/dsmarinealgerie.com\/ar\/wp-json\/wp\/v2\/product_tag?post=7910"}],"curies":[{"name":"wp","href":"https:\/\/api.w.org\/{rel}","templated":true}]}}