{"id":7915,"date":"2023-12-27T14:38:13","date_gmt":"2023-12-27T14:38:13","guid":{"rendered":"https:\/\/dsmarinealgerie.com\/?post_type=product&#038;p=7915"},"modified":"2023-12-27T14:50:53","modified_gmt":"2023-12-27T14:50:53","slug":"tresse-gosen-roots-pe-x4-150m","status":"publish","type":"product","link":"https:\/\/dsmarinealgerie.com\/ar\/shop\/peche\/materiel-de-peche\/tresse\/tresse-gosen-roots-pe-x4-150m\/","title":{"rendered":"\u062c\u062f\u064a\u0644\u0629 \u062c\u0630\u0648\u0631 \u062c\u0648\u0632\u064a\u0646 Pe X4 150 \u0645"},"content":{"rendered":"<p>\u0628\u0639\u062f 70 \u0639\u0627\u0645\u0627 \u0645\u0646 \u0627\u0644\u0648\u062c\u0648\u062f! \u064a\u0646\u062a\u0642\u0644 GOSEN \u0645\u0646 \u062d\u0627\u0644\u0629 \u0627\u0644\u0634\u0631\u0643\u0629 \u0627\u0644\u0645\u0635\u0646\u0639\u0629 \u0648\u0627\u0644\u0645\u062c\u0645\u0639 \u0625\u0644\u0649 \u062d\u0627\u0644\u0629 \u0627\u0644\u0645\u0635\u0645\u0645!<br \/>\n\u0627\u0633\u062a\u0646\u0627\u062f\u0627 \u0625\u0644\u0649 \u0627\u0644\u062e\u0628\u0631\u0629 \u0627\u0644\u0645\u0643\u062a\u0633\u0628\u0629\u060c \u0648\u0646\u062a\u0627\u0626\u062c \u0627\u0644\u0639\u062f\u064a\u062f \u0645\u0646 \u0627\u062e\u062a\u0628\u0627\u0631\u0627\u062a \u0627\u0644\u0635\u064a\u062f \u0627\u0644\u062d\u0642\u064a\u0642\u064a\u0629\u060c \u0648\u0642\u0627\u0639\u062f\u0629 \u0628\u064a\u0627\u0646\u0627\u062a \u0636\u062e\u0645\u0629 \u0648\u062b\u0645\u0627\u0646\u064a\u0629 \u0645\u0624\u0634\u0631\u0627\u062a \u0627\u0644\u062a\u0635\u0645\u064a\u0645\u061b \u062a\u062d\u062f\u062f GOSEN \u0644\u0646\u0641\u0633\u0647\u0627 \u0647\u062f\u0641 \u062a\u0635\u0645\u064a\u0645 \u0648\u0625\u0646\u0634\u0627\u0621 \u0627\u0644\u062c\u062f\u064a\u0644\u0629 \u0627\u0644\u0645\u062b\u0627\u0644\u064a\u0629: \u0627\u0644\u062c\u0630\u0648\u0631.<br \/>\n\u064a\u062a\u0645 \u062a\u0637\u0628\u064a\u0642 \u062a\u0642\u0646\u064a\u0629 \u0641\u0631\u064a\u062f\u0629 \u0644\u0632\u064a\u0627\u062f\u0629 \u0627\u0644\u0642\u0648\u0629 \u0648\u0645\u0642\u0627\u0648\u0645\u0629 \u0627\u0644\u062a\u0622\u0643\u0644 (\u0627\u0644\u0627\u062d\u062a\u0643\u0627\u0643 \u0648\u0627\u0644\u0635\u062f\u0645\u0627\u062a) \u0648\u0627\u0644\u0645\u0631\u0648\u0646\u0629 \u0648\u0627\u0644\u0627\u0646\u0632\u0644\u0627\u0642 \u0648\u0627\u0644\u062d\u0633\u0627\u0633\u064a\u0629 \u0648\u0627\u0644\u062a\u0648\u0627\u0632\u0646 \u0648\u062b\u0628\u0627\u062a \u0627\u0644\u0644\u0648\u0646.<br \/>\n\u064a\u062a\u0645 \u062f\u0631\u0627\u0633\u0629 \u0627\u0644\u062a\u0636\u0641\u064a\u0631 \u0648\u0627\u0644\u0634\u062f \u0644\u0643\u0644 \u0642\u0637\u0631 \u062d\u0633\u0628 \u0623\u0633\u0644\u0627\u0643 \u0627\u0644\u0628\u0648\u0644\u064a \u0625\u064a\u062b\u064a\u0644\u064a\u0646 \u0639\u0627\u0644\u064a\u0629 \u0627\u0644\u0645\u0642\u0627\u0648\u0645\u0629 \u0627\u0644\u0645\u0633\u062a\u062e\u062f\u0645\u0629 \u0648\u0645\u062c\u0645\u0648\u0639\u0629 \u0627\u0644\u0647\u062f\u0641. \u0644\u0645 \u064a\u0633\u0628\u0642 \u0644\u0647 \u0645\u062b\u064a\u0644 \u0645\u0646 \u0642\u0628\u0644. \u0646\u0648\u0639 \u0645\u0646 \u0627\u0644\u0636\u0641\u0627\u0626\u0631 \u0645\u0635\u0645\u0645\u0629 \u062e\u0635\u064a\u0635\u0627\u064b \u0644\u0643\u0644 \u0642\u0637\u0631 \u0645\u0646 \u0627\u0644\u0636\u0641\u0627\u0626\u0631 \u062d\u0633\u0628 \u0627\u0633\u062a\u062e\u062f\u0627\u0645\u0647\u0627 \u0627\u0644\u0641\u0639\u0644\u064a \u0641\u064a \u0627\u0644\u0635\u064a\u062f.<\/p>\n<p>&nbsp;<\/p>\n<ul>\n<li>\u0628\u064a: 0.8\u061b 6.5 \u0643\u062c\u0645\u061b 14 \u0631\u0637\u0644<\/li>\n<li>\u0628\u064a: 1\u061b 7.9 \u0643\u062c\u0645\u061b 17 \u0631\u0637\u0644<\/li>\n<\/ul>","protected":false},"excerpt":{"rendered":"<p>Apr\u00e8s 70 ans d\u2019existence ! GOSEN passe du statut de fabricant assembleur \u00e0 celui de concepteur ! Sur la base de l\u2019exp\u00e9rience acquise, des r\u00e9sultats de nombreux tests de p\u00eache r\u00e9els, d\u2019une \u00e9norme base de donn\u00e9es et de huit indicateurs de conception ; GOSEN se fixe comme objectif la conception et r\u00e9alisation de la tresse [&hellip;]<\/p>","protected":false},"featured_media":7919,"comment_status":"open","ping_status":"closed","template":"","meta":{"_uf_show_specific_survey":0,"_uf_disable_surveys":false},"product_brand":[],"product_cat":[581,164,227],"product_tag":[],"class_list":{"0":"post-7915","1":"product","2":"type-product","3":"status-publish","4":"has-post-thumbnail","6":"product_cat-tresse","7":"product_cat-peche","8":"product_cat-materiel-de-peche","10":"first","11":"instock","12":"shipping-taxable","13":"purchasable","14":"product-type-variable"},"aioseo_notices":[],"_links":{"self":[{"href":"https:\/\/dsmarinealgerie.com\/ar\/wp-json\/wp\/v2\/product\/7915","targetHints":{"allow":["GET"]}}],"collection":[{"href":"https:\/\/dsmarinealgerie.com\/ar\/wp-json\/wp\/v2\/product"}],"about":[{"href":"https:\/\/dsmarinealgerie.com\/ar\/wp-json\/wp\/v2\/types\/product"}],"replies":[{"embeddable":true,"href":"https:\/\/dsmarinealgerie.com\/ar\/wp-json\/wp\/v2\/comments?post=7915"}],"wp:featuredmedia":[{"embeddable":true,"href":"https:\/\/dsmarinealgerie.com\/ar\/wp-json\/wp\/v2\/media\/7919"}],"wp:attachment":[{"href":"https:\/\/dsmarinealgerie.com\/ar\/wp-json\/wp\/v2\/media?parent=7915"}],"wp:term":[{"taxonomy":"product_brand","embeddable":true,"href":"https:\/\/dsmarinealgerie.com\/ar\/wp-json\/wp\/v2\/product_brand?post=7915"},{"taxonomy":"product_cat","embeddable":true,"href":"https:\/\/dsmarinealgerie.com\/ar\/wp-json\/wp\/v2\/product_cat?post=7915"},{"taxonomy":"product_tag","embeddable":true,"href":"https:\/\/dsmarinealgerie.com\/ar\/wp-json\/wp\/v2\/product_tag?post=7915"}],"curies":[{"name":"wp","href":"https:\/\/api.w.org\/{rel}","templated":true}]}}