{"id":7951,"date":"2024-01-02T14:28:30","date_gmt":"2024-01-02T14:28:30","guid":{"rendered":"https:\/\/dsmarinealgerie.com\/?post_type=product&#038;p=7951"},"modified":"2026-03-12T09:53:37","modified_gmt":"2026-03-12T09:53:37","slug":"soromap-colle-pour-pneumatique-en-hypalon-et-neoprene","status":"publish","type":"product","link":"https:\/\/dsmarinealgerie.com\/ar\/shop\/accastillage\/produits-dentretien\/soromap-colle-pour-pneumatique-en-hypalon-et-neoprene\/","title":{"rendered":"\u063a\u0631\u0627\u0621 \u0633\u0648\u0631\u0648\u0645\u0627\u0628 \u0644\u0625\u0637\u0627\u0631\u0627\u062a \u0627\u0644\u0647\u064a\u0628\u0627\u0644\u0648\u0646 \u0648\u0627\u0644\u0646\u064a\u0648\u0628\u0631\u064a\u0646"},"content":{"rendered":"<p>NAUTI 24 \u063a\u0631\u0627\u0621 \u0627\u0644\u0628\u0648\u0644\u064a \u064a\u0648\u0631\u064a\u062b\u064a\u0646 \u062b\u0646\u0627\u0626\u064a \u0627\u0644\u0645\u0643\u0648\u0646\u0627\u062a \u0627\u0644\u0645\u0635\u0645\u0645 \u062e\u0635\u064a\u0635\u064b\u0627 \u0644\u0625\u0635\u0644\u0627\u062d \u0627\u0644\u0642\u0648\u0627\u0631\u0628 \u0627\u0644\u0642\u0627\u0628\u0644\u0629 \u0644\u0644\u0646\u0641\u062e \u0627\u0644\u0645\u0635\u0646\u0648\u0639\u0629 \u0645\u0646 \u0627\u0644\u0646\u064a\u0648\u0628\u0631\u064a\u0646 \u0648\u0627\u0644\u0647\u064a\u0628\u0627\u0644\u0648\u0646<\/p>\n<p>\u064a\u0633\u062a\u062e\u062f\u0645 \u0647\u0630\u0627 \u0627\u0644\u0635\u0645\u063a \u0645\u0639 \u0627\u0644\u0645\u0627\u062f\u0629 \u0627\u0644\u0645\u0642\u0648\u064a\u0629 \u0644\u0647\u060c \u0623\u0636\u0641 5 % (\u0623\u064a 50 \u0645\u0644 \u0644\u0643\u0644 1 \u0644\u062a\u0631).<br \/>\n\u0642\u0645 \u0628\u062f\u0645\u062c 5 % \u0645\u0646 \u0627\u0644\u0645\u0627\u062f\u0629 \u0627\u0644\u0645\u0642\u0633\u064a\u0629 \u0641\u064a \u0627\u0644\u0643\u0645\u064a\u0629 \u0627\u0644\u0645\u0637\u0644\u0648\u0628\u0629 \u0645\u0646 \u0627\u0644\u063a\u0631\u0627\u0621. \u0645\u0632\u064a\u062c \u0645\u062a\u062c\u0627\u0646\u0633.<br \/>\n\u0642\u0645 \u0628\u0644\u0635\u0642 \u0627\u0644\u0633\u0637\u062d\u064a\u0646 \u0627\u0644\u0645\u0631\u0627\u062f \u0644\u0635\u0642\u0647\u0645\u0627 \u0628\u0627\u0633\u062a\u062e\u062f\u0627\u0645 \u0641\u0631\u0634\u0627\u0629\u060c \u0645\u0639 \u0648\u0636\u0639 \u0637\u0628\u0642\u0629 \u0645\u0648\u062d\u062f\u0629. \u0627\u062a\u0631\u0643\u0647 \u0644\u064a\u062c\u0641 \u0644\u0645\u062f\u0629 3 \u0625\u0644\u0649 5 \u062f\u0642\u0627\u0626\u0642\u060c \u0648\u0639\u0646\u062f\u0645\u0627 \u064a\u0628\u062f\u0623 \u0627\u0644\u063a\u0631\u0627\u0621 \u0641\u064a \u0627\u0644\u0645\u0633\u062d\u060c \u0623\u0639\u062f \u0648\u0636\u0639 \u0637\u0628\u0642\u0629 \u062b\u0627\u0646\u064a\u0629 \u0645\u0646 \u0627\u0644\u063a\u0631\u0627\u0621. \u0627\u062a\u0631\u0643\u0647 \u0644\u0644\u0645\u0633\u062d \u0644\u0645\u062f\u0629 \u0645\u0646 3 \u0625\u0644\u0649 5 \u062f\u0642\u0627\u0626\u0642\u060c \u062b\u0645 \u0642\u0645 \u0628\u0639\u0631\u0636\u0647 \u0648\u0627\u0636\u063a\u0637 \u0628\u0642\u0648\u0629. \u0627\u0644\u062a\u0631\u0627\u0628\u0637 \u0641\u0648\u0631\u064a.<br \/>\n\u064a\u062a\u0645 \u0627\u0644\u0648\u0635\u0648\u0644 \u0625\u0644\u0649 \u0627\u0644\u0623\u062f\u0627\u0621 \u0627\u0644\u0646\u0647\u0627\u0626\u064a \u0628\u0639\u062f 48 \u0633\u0627\u0639\u0629. \u064a\u0648\u0635\u0649 \u0628\u0647\u0630\u0647 \u0627\u0644\u0631\u0648\u0627\u0628\u0637 \u0639\u0646\u062f \u062f\u0631\u062c\u0629 \u062d\u0631\u0627\u0631\u0629 20 \u062f\u0631\u062c\u0629 \u0645\u0626\u0648\u064a\u0629 \u0648\u0645\u0633\u062a\u0648\u0649 \u0631\u0637\u0648\u0628\u0629 \u0623\u0642\u0644 \u0645\u0646 65 %.<\/p>","protected":false},"excerpt":{"rendered":"<p>NAUTI 24 Colle polyur\u00e9thane bicomposante sp\u00e9cialement \u00e9tudi\u00e9e pour la r\u00e9paration des bateaux pneumatiques en n\u00e9opr\u00e8ne et en hypalon Cette colle s&rsquo;utilise avec son durcisseur, incorporer 5 % (soit 50 ml pour 1 litre). Incorporer les 5 % de durcisseur \u00e0 la quantit\u00e9 de colle d\u00e9sir\u00e9e. Effectuer un m\u00e9lange homog\u00e8ne. Encoller les 2 surfaces \u00e0 coller [&hellip;]<\/p>","protected":false},"featured_media":7952,"comment_status":"open","ping_status":"closed","template":"","meta":{"_uf_show_specific_survey":0,"_uf_disable_surveys":false},"product_brand":[],"product_cat":[163,216],"product_tag":[],"class_list":{"0":"post-7951","1":"product","2":"type-product","3":"status-publish","4":"has-post-thumbnail","6":"product_cat-accastillage","7":"product_cat-produits-dentretien","9":"first","10":"instock","11":"shipping-taxable","12":"purchasable","13":"product-type-simple"},"aioseo_notices":[],"_links":{"self":[{"href":"https:\/\/dsmarinealgerie.com\/ar\/wp-json\/wp\/v2\/product\/7951","targetHints":{"allow":["GET"]}}],"collection":[{"href":"https:\/\/dsmarinealgerie.com\/ar\/wp-json\/wp\/v2\/product"}],"about":[{"href":"https:\/\/dsmarinealgerie.com\/ar\/wp-json\/wp\/v2\/types\/product"}],"replies":[{"embeddable":true,"href":"https:\/\/dsmarinealgerie.com\/ar\/wp-json\/wp\/v2\/comments?post=7951"}],"wp:featuredmedia":[{"embeddable":true,"href":"https:\/\/dsmarinealgerie.com\/ar\/wp-json\/wp\/v2\/media\/7952"}],"wp:attachment":[{"href":"https:\/\/dsmarinealgerie.com\/ar\/wp-json\/wp\/v2\/media?parent=7951"}],"wp:term":[{"taxonomy":"product_brand","embeddable":true,"href":"https:\/\/dsmarinealgerie.com\/ar\/wp-json\/wp\/v2\/product_brand?post=7951"},{"taxonomy":"product_cat","embeddable":true,"href":"https:\/\/dsmarinealgerie.com\/ar\/wp-json\/wp\/v2\/product_cat?post=7951"},{"taxonomy":"product_tag","embeddable":true,"href":"https:\/\/dsmarinealgerie.com\/ar\/wp-json\/wp\/v2\/product_tag?post=7951"}],"curies":[{"name":"wp","href":"https:\/\/api.w.org\/{rel}","templated":true}]}}