{"id":7980,"date":"2024-01-03T14:16:54","date_gmt":"2024-01-03T14:16:54","guid":{"rendered":"https:\/\/dsmarinealgerie.com\/?post_type=product&#038;p=7980"},"modified":"2025-11-13T08:46:42","modified_gmt":"2025-11-13T08:46:42","slug":"moulinet-daiwa-df-4000a","status":"publish","type":"product","link":"https:\/\/dsmarinealgerie.com\/ar\/shop\/peche\/moulinets\/moulinet-daiwa-df-4000a\/","title":{"rendered":"\u0628\u0643\u0631\u0629 \u062f\u0627\u064a\u0648\u0627 DF 4000A"},"content":{"rendered":"<p style=\"font-weight: 400;\">\u062a\u062a\u0645\u064a\u0632 \u0628\u0643\u0631\u0627\u062a Daiwa DF A \u0627\u0644\u062f\u0648\u0627\u0631\u0629 \u0628\u0627\u0644\u0646\u0639\u0648\u0645\u0629 \u0648\u0627\u0644\u062f\u0642\u0629 \u0627\u0644\u0645\u0630\u0647\u0644\u0629.<\/p>\n<p style=\"font-weight: 400;\">\u0648\u062a\u062a\u0645\u062b\u0644 \u0646\u0642\u0627\u0637 \u0642\u0648\u062a\u0647\u0627 \u0641\u064a \u0633\u064a\u0648\u0644\u0629 \u0627\u0644\u062f\u0648\u0631\u0627\u0646\u060c \u0648\u062f\u0642\u0629 \u0639\u062c\u0644\u0629 \u0627\u0644\u062a\u062d\u0643\u0645 Digigear \u0648\u062e\u0641\u0629 \u0627\u0644\u0625\u0637\u0627\u0631\u060c \u0648\u0643\u0644 \u0630\u0644\u0643 \u0645\u0639 \u0646\u0633\u0628\u0629 \u062c\u0648\u062f\u0629 \u0631\u0627\u0626\u0639\u0629 \u0625\u0644\u0649 \u0627\u0644\u0633\u0639\u0631.<\/p>\n<p style=\"font-weight: 400;\">\u0645\u0645\u064a\u0632\u0627\u062a \u0628\u0643\u0631\u0629 Daiwa DF 4000 A<\/p>\n<ul>\n<li style=\"font-weight: 400;\">\u0641\u0631\u0627\u0645\u0644 \u0623\u0645\u0627\u0645\u064a\u0629 \u0628\u0633\u0642\u0627\u0637\u0629 \u0645\u064a\u0643\u0631\u0648\u0645\u062a\u0631\u064a\u0629<\/li>\n<li style=\"font-weight: 400;\">\u0627\u0644\u0645\u062d\u0627\u0645\u0644: 1 + 1<\/li>\n<li style=\"font-weight: 400;\">\u0625\u0637\u0627\u0631 \u0627\u0644\u062c\u0631\u0627\u0641\u064a\u062a \u0648\u0627\u0644\u062f\u0648\u0627\u0631<\/li>\n<li style=\"font-weight: 400;\">\u0644\u0641\u0627\u0626\u0641 \u0627\u0644\u0623\u0644\u0648\u0645\u0646\u064a\u0648\u0645<\/li>\n<li style=\"font-weight: 400;\">\u0644\u0641 \u0628\u0648\u0627\u0633\u0637\u0629 \u0627\u0644\u0645\u0646\u0639\u0637\u0641\u0627\u062a \u0627\u0644\u0645\u062a\u0642\u0627\u0637\u0639\u0629<\/li>\n<li style=\"font-weight: 400;\">\u0643\u0631\u0646\u0643 \u0644\u0644\u0637\u064a<\/li>\n<\/ul>\n<h3>\u062a\u0641\u0627\u0635\u064a\u0644 \u062a\u0642\u0646\u064a\u0629 :<\/h3>\n<p><strong>\u0646\u0648\u0639 \u0627\u0644\u0628\u0643\u0631\u0629<\/strong><span style=\"font-weight: 400;\">\u00a0: \u0627\u0644\u0641\u0631\u0627\u0645\u0644 \u0627\u0644\u0623\u0645\u0627\u0645\u064a\u0629<\/span><br style=\"font-weight: 400;\" \/><strong>\u062d\u062c\u0645 \u0627\u0644\u0628\u0643\u0631\u0629<\/strong><span style=\"font-weight: 400;\"> : 4000<\/span><br style=\"font-weight: 400;\" \/><strong>\u0627\u0644\u0642\u062f\u0631\u0629 \u0645 \/ \u0645\u0645<\/strong><span style=\"font-weight: 400;\"> : 270 \/ 0.30 \u0641\u064a \u0646\u0627\u064a\u0644\u0648\u0646<\/span><br style=\"font-weight: 400;\" \/><strong>\u062a\u062d\u0645\u0644 \u0645\u0644\u062d\u0648\u0638\u0629<\/strong><span style=\"font-weight: 400;\"> : 1+1<\/span><br style=\"font-weight: 400;\" \/><strong>\u0627\u0644\u0648\u0632\u0646 (\u062c\u0631\u0627\u0645<\/strong><span style=\"font-weight: 400;\">\u00a0: 370<\/span><br style=\"font-weight: 400;\" \/><strong>\u0631\u0642\u0645 \u0627\u0644\u0645\u0644\u0641<\/strong><span style=\"font-weight: 400;\"> : 1 \u0628\u0643\u0631\u0629<\/span><br style=\"font-weight: 400;\" \/><strong>\u0633\u0645 \u0627\u0644\u0627\u0646\u062a\u0639\u0627\u0634<\/strong><span style=\"font-weight: 400;\"> : 94<\/span><br style=\"font-weight: 400;\" \/><strong>\u0646\u0633\u0628\u0629 <\/strong><span style=\"font-weight: 400;\">: 5.3<\/span><br style=\"font-weight: 400;\" \/><strong>\u0643\u062c\u0645 \u0627\u0644\u0641\u0631\u0627\u0645\u0644\u00a0<\/strong><span style=\"font-weight: 400;\">: 6<\/span><\/p>","protected":false},"excerpt":{"rendered":"<p>Les moulinets Spinning Daiwa DF A sont dot\u00e9s d&rsquo;une douceur de fonctionnement et d&rsquo;une pr\u00e9cision tout \u00e0 fait \u00e9tonnantes. Leurs atouts sont la fluidit\u00e9 de rotation, la pr\u00e9cision de la roue de commande Digigear et la l\u00e9g\u00e8ret\u00e9 du b\u00e2ti, le tout avec un rapport qualit\u00e9-prix remarquable. Caract\u00e9ristiques du moulinet Daiwa DF 4000 A Frein avant [&hellip;]<\/p>","protected":false},"featured_media":7981,"comment_status":"open","ping_status":"closed","template":"","meta":{"_uf_show_specific_survey":0,"_uf_disable_surveys":false},"product_brand":[],"product_cat":[164,228],"product_tag":[],"class_list":{"0":"post-7980","1":"product","2":"type-product","3":"status-publish","4":"has-post-thumbnail","6":"product_cat-peche","7":"product_cat-moulinets","9":"first","10":"instock","11":"featured","12":"shipping-taxable","13":"purchasable","14":"product-type-simple"},"aioseo_notices":[],"_links":{"self":[{"href":"https:\/\/dsmarinealgerie.com\/ar\/wp-json\/wp\/v2\/product\/7980","targetHints":{"allow":["GET"]}}],"collection":[{"href":"https:\/\/dsmarinealgerie.com\/ar\/wp-json\/wp\/v2\/product"}],"about":[{"href":"https:\/\/dsmarinealgerie.com\/ar\/wp-json\/wp\/v2\/types\/product"}],"replies":[{"embeddable":true,"href":"https:\/\/dsmarinealgerie.com\/ar\/wp-json\/wp\/v2\/comments?post=7980"}],"wp:featuredmedia":[{"embeddable":true,"href":"https:\/\/dsmarinealgerie.com\/ar\/wp-json\/wp\/v2\/media\/7981"}],"wp:attachment":[{"href":"https:\/\/dsmarinealgerie.com\/ar\/wp-json\/wp\/v2\/media?parent=7980"}],"wp:term":[{"taxonomy":"product_brand","embeddable":true,"href":"https:\/\/dsmarinealgerie.com\/ar\/wp-json\/wp\/v2\/product_brand?post=7980"},{"taxonomy":"product_cat","embeddable":true,"href":"https:\/\/dsmarinealgerie.com\/ar\/wp-json\/wp\/v2\/product_cat?post=7980"},{"taxonomy":"product_tag","embeddable":true,"href":"https:\/\/dsmarinealgerie.com\/ar\/wp-json\/wp\/v2\/product_tag?post=7980"}],"curies":[{"name":"wp","href":"https:\/\/api.w.org\/{rel}","templated":true}]}}