{"id":7993,"date":"2024-01-04T09:54:52","date_gmt":"2024-01-04T09:54:52","guid":{"rendered":"https:\/\/dsmarinealgerie.com\/?post_type=product&#038;p=7993"},"modified":"2025-11-13T08:48:40","modified_gmt":"2025-11-13T08:48:40","slug":"moulinet-daiwa-ninja-lt-2500-xh","status":"publish","type":"product","link":"https:\/\/dsmarinealgerie.com\/ar\/shop\/peche\/moulinets\/moulinet-daiwa-ninja-lt-2500-xh\/","title":{"rendered":"\u0628\u0643\u0631\u0629 \u062f\u0627\u064a\u0648\u0627 \u0646\u064a\u0646\u062c\u0627 LT 2500 XH"},"content":{"rendered":"<div class=\"row description content\">\n<div class=\"col-12 value content\">\n<p>\u062a\u0639\u062a\u0628\u0631 Ninja \u0628\u0643\u0631\u0629 LT \u0627\u0644\u0623\u0643\u062b\u0631 \u0633\u0647\u0648\u0644\u0629 \u0641\u064a \u0627\u0644\u0648\u0635\u0648\u0644 \u0625\u0644\u064a\u0647\u0627 \u0641\u064a \u0641\u0626\u062a\u0647\u0627. \u062a\u062a\u0645\u064a\u0632 \u0647\u0630\u0647 \u0627\u0644\u0628\u0643\u0631\u0629 \u0628\u0623\u0646\u0647\u0627 \u0642\u0648\u064a\u0629 \u0648\u062e\u0641\u064a\u0641\u0629 \u0627\u0644\u0648\u0632\u0646\u060c \u0648\u062a\u062a\u0643\u064a\u0641 \u0645\u0639 \u0627\u0644\u0639\u062f\u064a\u062f \u0645\u0646 \u0638\u0631\u0648\u0641 \u0627\u0644\u0635\u064a\u062f\u060c \u0648\u0647\u064a \u0645\u0635\u0645\u0645\u0629 \u0644\u062a\u0633\u0645\u062d \u0644\u0643 \u0628\u0627\u0644\u0635\u064a\u062f \u0628\u0627\u0633\u062a\u062e\u062f\u0627\u0645 \u0637\u064f\u0639\u0645 \u0627\u0644\u062d\u064a\u0648\u0627\u0646\u0627\u062a \u0627\u0644\u0645\u0641\u062a\u0631\u0633\u0629 \u0641\u064a \u0627\u0644\u0645\u064a\u0627\u0647 \u0627\u0644\u0639\u0630\u0628\u0629.<\/p>\n<ul>\n<li>\u0641\u0631\u0627\u0645\u0644 \u0628\u062a\u0642\u0646\u064a\u0629 ATD\u060c \u0632\u0631 \u0641\u0631\u0627\u0645\u0644 \u0628\u0627\u0644\u062d\u062c\u0645 \u0627\u0644\u0643\u0627\u0645\u0644<\/li>\n<li>\u0627\u0644\u0645\u062d\u0627\u0645\u0644: 4 + 1<\/li>\n<li>\u0625\u0637\u0627\u0631 \u0645\u0646 \u0627\u0644\u0628\u0648\u0644\u064a \u0643\u0631\u0628\u0648\u0646\u0627\u062a \u0648\u062f\u0648\u0627\u0631 \u0647\u0648\u0627\u0626\u064a<\/li>\n<li>\u0645\u0644\u0641 \u0628\u0643\u0631\u0629 \u0627\u0644\u0647\u0648\u0627\u0621 \u0645\u0646 \u0627\u0644\u0623\u0644\u0648\u0645\u0646\u064a\u0648\u0645<\/li>\n<li>\u0644\u0641 \u0628\u0648\u0627\u0633\u0637\u0629 \u0627\u0644\u0645\u0646\u0639\u0637\u0641\u0627\u062a \u0627\u0644\u0645\u062a\u0642\u0627\u0637\u0639\u0629<\/li>\n<li>\u0643\u0631\u0646\u0643 \u0623\u0644\u0648\u0645\u0646\u064a\u0648\u0645 \u062e\u0641\u064a\u0641 \u0627\u0644\u0648\u0632\u0646<\/li>\n<\/ul>\n<\/div>\n<\/div>\n<h3>\u062a\u0641\u0627\u0635\u064a\u0644 \u062a\u0642\u0646\u064a\u0629 :<\/h3>\n<ul>\n<li><strong>\u0627\u0644\u062d\u062c\u0645: 2500<\/strong><\/li>\n<li><strong>\u062a\u062d\u0645\u0644: 4 + 1<\/strong><\/li>\n<li><strong>\u0627\u0644\u0648\u0632\u0646: 240 \u062c\u0631\u0627\u0645<\/strong><\/li>\n<li><strong>\u0627\u0644\u0646\u0633\u0628\u0629: 6.2:1<\/strong><\/li>\n<li><strong>\u0627\u0644\u0627\u0633\u062a\u0631\u062f\u0627\u062f: 87 \u0633\u0645<\/strong><\/li>\n<li><strong>\u0627\u0644\u0633\u0639\u0629: 150 \u0645\/0.20 \u0645\u0645 \u0646\u0627\u064a\u0644\u0648\u0646\u00a0<\/strong><\/li>\n<li><strong>\u0627\u0644\u0633\u0639\u0629: 200 \u0645\/0.10 \u0645\u0645 \u062c\u062f\u064a\u0644\u0629<\/strong><\/li>\n<li><strong>\u0627\u0644\u0641\u0631\u0627\u0645\u0644 10 \u0643\u062c\u0645\u00a0<\/strong><\/li>\n<li><strong> \u0645\u0642\u0628\u0636 \u0639\u0644\u0649 \u0634\u0643\u0644 \u062d\u0631\u0641 T<\/strong><\/li>\n<\/ul>","protected":false},"excerpt":{"rendered":"<p>Le Ninja est le moulinet LT le plus accessible de sa cat\u00e9gorie.\u00a0Puissant et l\u00e9ger, ce moulinet s&rsquo;adaptera \u00e0 de nombreuses conditions de p\u00eache, Con\u00e7u pour vous permettre de p\u00eacher aux leurres les carnassiers en eau douce Frein \u00e0 technologie ATD, bouton de frein plein format Roulements : 4 + 1 B\u00e2ti et Air Rotor en [&hellip;]<\/p>","protected":false},"featured_media":7992,"comment_status":"open","ping_status":"closed","template":"","meta":{"_uf_show_specific_survey":0,"_uf_disable_surveys":false},"product_brand":[],"product_cat":[164,228],"product_tag":[],"class_list":{"0":"post-7993","1":"product","2":"type-product","3":"status-publish","4":"has-post-thumbnail","6":"product_cat-peche","7":"product_cat-moulinets","9":"first","10":"instock","11":"shipping-taxable","12":"purchasable","13":"product-type-simple"},"aioseo_notices":[],"_links":{"self":[{"href":"https:\/\/dsmarinealgerie.com\/ar\/wp-json\/wp\/v2\/product\/7993","targetHints":{"allow":["GET"]}}],"collection":[{"href":"https:\/\/dsmarinealgerie.com\/ar\/wp-json\/wp\/v2\/product"}],"about":[{"href":"https:\/\/dsmarinealgerie.com\/ar\/wp-json\/wp\/v2\/types\/product"}],"replies":[{"embeddable":true,"href":"https:\/\/dsmarinealgerie.com\/ar\/wp-json\/wp\/v2\/comments?post=7993"}],"wp:featuredmedia":[{"embeddable":true,"href":"https:\/\/dsmarinealgerie.com\/ar\/wp-json\/wp\/v2\/media\/7992"}],"wp:attachment":[{"href":"https:\/\/dsmarinealgerie.com\/ar\/wp-json\/wp\/v2\/media?parent=7993"}],"wp:term":[{"taxonomy":"product_brand","embeddable":true,"href":"https:\/\/dsmarinealgerie.com\/ar\/wp-json\/wp\/v2\/product_brand?post=7993"},{"taxonomy":"product_cat","embeddable":true,"href":"https:\/\/dsmarinealgerie.com\/ar\/wp-json\/wp\/v2\/product_cat?post=7993"},{"taxonomy":"product_tag","embeddable":true,"href":"https:\/\/dsmarinealgerie.com\/ar\/wp-json\/wp\/v2\/product_tag?post=7993"}],"curies":[{"name":"wp","href":"https:\/\/api.w.org\/{rel}","templated":true}]}}