{"id":7995,"date":"2024-01-04T14:10:32","date_gmt":"2024-01-04T14:10:32","guid":{"rendered":"https:\/\/dsmarinealgerie.com\/?post_type=product&#038;p=7995"},"modified":"2025-11-13T08:49:13","modified_gmt":"2025-11-13T08:49:13","slug":"moulinet-shimano-catana-4000-hg","status":"publish","type":"product","link":"https:\/\/dsmarinealgerie.com\/ar\/shop\/peche\/moulinets\/moulinet-shimano-catana-4000-hg\/","title":{"rendered":"\u0628\u0643\u0631\u0629 \u0634\u064a\u0645\u0627\u0646\u0648 \u0643\u0627\u062a\u0627\u0646\u0627 4000 HG"},"content":{"rendered":"<p>\u0644\u0642\u062f \u0643\u0627\u0646\u062a \u0643\u0627\u062a\u0627\u0646\u0627 \u0647\u064a \u0628\u0643\u0631\u0629 \u0627\u0644\u063a\u0632\u0644 \u0627\u0644\u0623\u0643\u062b\u0631 \u0645\u0628\u064a\u0639\u064b\u0627 \u0641\u064a \u0634\u064a\u0645\u0627\u0646\u0648 \u0641\u064a \u0623\u0648\u0631\u0648\u0628\u0627 \u0644\u0633\u0646\u0648\u0627\u062a \u0639\u062f\u064a\u062f\u0629. \u0648\u0647\u0630\u0627 \u0644\u064a\u0633 \u0645\u0646 \u0642\u0628\u064a\u0644 \u0627\u0644\u0635\u062f\u0641\u0629: \u0641\u0627\u0644\u0643\u0627\u062a\u0627\u0646\u0627 \u0642\u0648\u064a\u0629\u060c \u0648\u0633\u0644\u0633\u0629\u060c \u0648\u0645\u0648\u062b\u0648\u0642\u0629 \u0644\u0644\u063a\u0627\u064a\u0629 \u0645\u0639 \u0645\u0631\u0648\u0631 \u0627\u0644\u0648\u0642\u062a\u060c \u0648\u064a\u062a\u0645 \u062a\u0642\u062f\u064a\u0645\u0647\u0627 \u0628\u0633\u0639\u0631 \u0645\u0639\u0642\u0648\u0644. \u0628\u0627\u0644\u0645\u0642\u0627\u0631\u0646\u0629 \u0645\u0639 \u0627\u0644\u0633\u0644\u0633\u0644\u0629 \u0627\u0644\u0633\u0627\u0628\u0642\u0629 (FC)\u060c \u062a\u062a\u0645\u064a\u0632 \u0647\u0630\u0647 \u0627\u0644\u0628\u0643\u0631\u0629 \u0628\u062a\u0635\u0645\u064a\u0645 \u0623\u0633\u0648\u062f \u0648\u0633\u0631\u064a \u0648\u0639\u0635\u0631\u064a. \u0625\u0646\u0647 \u0633\u0644\u0633 \u0644\u0644\u063a\u0627\u064a\u0629 \u0648\u062c\u0645\u064a\u0639 \u0627\u0644\u0623\u062c\u0632\u0627\u0621 \u0645\u0635\u0646\u0648\u0639\u0629 \u0644\u062a\u062f\u0648\u0645 \u0637\u0648\u064a\u0644\u0627\u064b. \u0643\u0645\u0627 \u062a\u0645 \u062a\u062d\u0633\u064a\u0646 \u0627\u0644\u0639\u062f\u064a\u062f \u0645\u0646 \u0647\u0630\u0647 \u0627\u0644\u0623\u062c\u0632\u0627\u0621\u060c \u0645\u0645\u0627 \u0623\u062a\u0627\u062d \u0632\u064a\u0627\u062f\u0629 \u0642\u0648\u0629 \u0627\u0644\u0641\u0631\u0627\u0645\u0644 \u0645\u0642\u0627\u0631\u0646\u0629 \u0628\u0627\u0644\u0637\u0631\u0627\u0632 \u0627\u0644\u0642\u062f\u064a\u0645. \u0641\u064a \u0627\u0644\u0646\u0647\u0627\u064a\u0629\u060c \u0647\u0630\u0627 \u0627\u0644\u0625\u0635\u062f\u0627\u0631 \u0627\u0644\u0623\u062e\u064a\u0631 \u0645\u0646 \u0643\u0627\u062a\u0627\u0646\u0627 \u0623\u0643\u062b\u0631 \u0642\u0648\u0629 \u0641\u064a \u0627\u0644\u062a\u0639\u0627\u0645\u0644 \u0645\u0639 \u0627\u0644\u0623\u0633\u0645\u0627\u0643 \u0627\u0644\u0643\u0628\u064a\u0631\u0629!<\/p>\n<p>\u0646\u0638\u0631\u0629 \u062d\u062f\u064a\u062b\u0629 \u0648\u0633\u0631\u064a\u0629. \u0642\u064a\u0645\u0629 \u062c\u064a\u062f\u0629 \u062c\u062f\u064b\u0627 \u0645\u0642\u0627\u0628\u0644 \u0627\u0644\u0645\u0627\u0644 \u0628\u0641\u0636\u0644 \u0645\u0639\u0631\u0641\u0629 \u0634\u064a\u0645\u0627\u0646\u0648 - \u062e\u0641\u064a\u0641\u0629 \u0627\u0644\u0648\u0632\u0646 \u0648\u0645\u062a\u0648\u0627\u0632\u0646\u0629 \u0644\u0631\u0627\u062d\u0629 \u0623\u0641\u0636\u0644. \u062a\u062d\u0633\u064a\u0646 \u0642\u0648\u0629 \u0627\u0644\u0641\u0631\u0627\u0645\u0644 \u0627\u0644\u0642\u0635\u0648\u0649. \u0631\u0627\u0641\u0639\u0629 \u0645\u0636\u0627\u062f\u0629 \u0644\u0644\u0625\u0631\u062c\u0627\u0639 \u0644\u0633\u0647\u0648\u0644\u0629 \u0627\u0644\u0627\u0633\u062a\u062e\u062f\u0627\u0645 \u0645\u0646 \u0642\u0628\u0644 \u0627\u0644\u0645\u0628\u062a\u062f\u0626\u064a\u0646.<\/p>\n<ul>\n<li><strong>\u0627\u0644\u0646\u0633\u0628\u0629: 5.8:1. <\/strong><\/li>\n<li><strong>\u0627\u0644\u0633\u0639\u0629: 260 \u0645\/0.25 \u0645\u0645. <\/strong><\/li>\n<li><strong>\u0627\u0644\u0648\u0632\u0646: 335 \u062c\u0631\u0627\u0645. <\/strong><\/li>\n<li><strong>\u0627\u0644\u0641\u0631\u0627\u0645\u0644: \u0627\u0644\u062d\u062f \u0627\u0644\u0623\u0642\u0635\u0649 8.5 \u0643\u062c\u0645.<\/strong><\/li>\n<li><strong> \u0627\u0644\u0627\u0633\u062a\u0631\u062f\u0627\u062f: 91 \u0633\u0645. <\/strong><\/li>\n<\/ul>\n<p>&nbsp;<\/p>","protected":false},"excerpt":{"rendered":"<p>Le Catana est le moulinet \u00ab Spinning \u00bb Shimano le plus vendu en Europe depuis de nombreuses ann\u00e9es. Et ce n\u2019est pas un hasard : le Catana est robuste, fluide, tr\u00e8s fiable dans le temps, et propos\u00e9 \u00e0 un prix contenu. En comparaison avec la pr\u00e9c\u00e9dente s\u00e9rie (FC), ce moulinet est dot\u00e9 d\u2019un design noir, [&hellip;]<\/p>","protected":false},"featured_media":7996,"comment_status":"open","ping_status":"closed","template":"","meta":{"_uf_show_specific_survey":0,"_uf_disable_surveys":false},"product_brand":[],"product_cat":[164,228],"product_tag":[],"class_list":{"0":"post-7995","1":"product","2":"type-product","3":"status-publish","4":"has-post-thumbnail","6":"product_cat-peche","7":"product_cat-moulinets","9":"first","10":"instock","11":"featured","12":"shipping-taxable","13":"purchasable","14":"product-type-simple"},"aioseo_notices":[],"_links":{"self":[{"href":"https:\/\/dsmarinealgerie.com\/ar\/wp-json\/wp\/v2\/product\/7995","targetHints":{"allow":["GET"]}}],"collection":[{"href":"https:\/\/dsmarinealgerie.com\/ar\/wp-json\/wp\/v2\/product"}],"about":[{"href":"https:\/\/dsmarinealgerie.com\/ar\/wp-json\/wp\/v2\/types\/product"}],"replies":[{"embeddable":true,"href":"https:\/\/dsmarinealgerie.com\/ar\/wp-json\/wp\/v2\/comments?post=7995"}],"wp:featuredmedia":[{"embeddable":true,"href":"https:\/\/dsmarinealgerie.com\/ar\/wp-json\/wp\/v2\/media\/7996"}],"wp:attachment":[{"href":"https:\/\/dsmarinealgerie.com\/ar\/wp-json\/wp\/v2\/media?parent=7995"}],"wp:term":[{"taxonomy":"product_brand","embeddable":true,"href":"https:\/\/dsmarinealgerie.com\/ar\/wp-json\/wp\/v2\/product_brand?post=7995"},{"taxonomy":"product_cat","embeddable":true,"href":"https:\/\/dsmarinealgerie.com\/ar\/wp-json\/wp\/v2\/product_cat?post=7995"},{"taxonomy":"product_tag","embeddable":true,"href":"https:\/\/dsmarinealgerie.com\/ar\/wp-json\/wp\/v2\/product_tag?post=7995"}],"curies":[{"name":"wp","href":"https:\/\/api.w.org\/{rel}","templated":true}]}}