{"id":8036,"date":"2024-01-10T09:54:28","date_gmt":"2024-01-10T09:54:28","guid":{"rendered":"https:\/\/dsmarinealgerie.com\/?post_type=product&#038;p=8036"},"modified":"2026-01-22T08:59:55","modified_gmt":"2026-01-22T08:59:55","slug":"moulinet-daiwa-bg-8000","status":"publish","type":"product","link":"https:\/\/dsmarinealgerie.com\/ar\/shop\/peche\/moulinets\/moulinet-daiwa-bg-8000\/","title":{"rendered":"\u0628\u0643\u0631\u0629 \u062f\u0627\u064a\u0648\u0627 \u0628\u064a \u062c\u064a 8000"},"content":{"rendered":"<p>\u0645\u062c\u0647\u0632\u0629 \u0628\u0639\u062c\u0644\u0629 \u062a\u062d\u0643\u0645 Digigear \u0636\u062e\u0645\u0629 \u0648\u0625\u0637\u0627\u0631 \u0645\u0646 \u0627\u0644\u0623\u0644\u0648\u0645\u0646\u064a\u0648\u0645\u060c \u062a\u0639\u062a\u0628\u0631 BG (BLACK GOLD) \u0628\u0643\u0631\u0629 \u0642\u0648\u064a\u0629 \u0645\u0635\u0645\u0645\u0629 \u0644\u0644\u0642\u062a\u0627\u0644. \u0648\u0647\u064a \u0645\u062c\u0647\u0632\u0629 \u0628\u0623\u062d\u062f\u062b \u062c\u064a\u0644 \u0645\u0646 \u0645\u0643\u0627\u0628\u062d ATD \u0627\u0644\u0645\u0632\u0648\u062f\u0629 \u0628\u063a\u0633\u0627\u0644\u0627\u062a \u0643\u0631\u0628\u0648\u0646\u064a\u0629 \u0644\u0625\u062a\u0642\u0627\u0646 \u0627\u0644\u0645\u0639\u0627\u0631\u0643 \u0628\u062b\u0642\u0629. \u064a\u062a\u0645\u064a\u0632 \u0627\u0644\u062f\u0648\u0627\u0631 \u0630\u0648 \u0627\u0644\u0634\u0643\u0644 \u0627\u0644\u0645\u0642\u0648\u0633 (\u062a\u0642\u0646\u064a\u0629 Air Rotor) \u0628\u0623\u0646\u0647 \u0623\u0643\u062b\u0631 \u062f\u064a\u0646\u0627\u0645\u064a\u0643\u064a\u0629 \u0647\u0648\u0627\u0626\u064a\u0629 \u0644\u0632\u064a\u0627\u062f\u0629 \u0633\u064a\u0648\u0644\u0629 \u0627\u0644\u062f\u0648\u0631\u0627\u0646. \u064a\u062a\u0645 \u062f\u0639\u0645 \u0627\u0644\u0628\u0643\u0631\u0629 \u0628\u0648\u0627\u0633\u0637\u0629 \u0645\u062d\u0645\u0644 \u0643\u0631\u0648\u064a \u064a\u0641\u0636\u0644 \u0645\u0634\u0627\u0631\u0643\u0629 \u0627\u0644\u062f\u0648\u0631\u0627\u0646 \u0623\u062b\u0646\u0627\u0621 \u0627\u0644\u0642\u062a\u0627\u0644.<\/p>\n<ul class=\"product-specifications\">\n<li>\u0645\u0643\u0627\u0628\u062d \u0628\u062a\u0642\u0646\u064a\u0629 ATD \u0628\u0623\u0642\u0631\u0627\u0635 \u0643\u0631\u0628\u0648\u0646\u064a\u0629<\/li>\n<li>\u0627\u0644\u0645\u062d\u0627\u0645\u0644: 6 + 1<\/li>\n<li>\u0625\u0637\u0627\u0631 \u0645\u0646 \u0627\u0644\u0623\u0644\u0648\u0645\u0646\u064a\u0648\u0645 \u0648\u062f\u0648\u0627\u0631 \u0647\u0648\u0627\u0621 \u0645\u0646 \u0627\u0644\u0628\u0648\u0644\u064a \u0643\u0631\u0628\u0648\u0646\u0627\u062a<\/li>\n<li>\u0628\u0643\u0631\u0629 \u0627\u0644\u0623\u0644\u0648\u0645\u0646\u064a\u0648\u0645<\/li>\n<li>\u0644\u0641 \u0628\u0648\u0627\u0633\u0637\u0629 \u0627\u0644\u0645\u0646\u0639\u0637\u0641\u0627\u062a \u0627\u0644\u0645\u062a\u0642\u0627\u0637\u0639\u0629<\/li>\n<li>\u0642\u0637\u0639\u0629 \u0648\u0627\u062d\u062f\u0629 \u0645\u0646 \u0627\u0644\u0623\u0644\u0648\u0645\u0646\u064a\u0648\u0645 \u0645\u062b\u0628\u062a\u0629 \u0641\u064a \u0627\u0644\u0625\u0637\u0627\u0631<\/li>\n<li>\u0625\u063a\u0644\u0627\u0642 \u0627\u0644\u0628\u064a\u0643 \u0627\u0628 \u064a\u062f\u0648\u064a\u0627<\/li>\n<li>\u0627\u0644\u062d\u062c\u0645: 8000<\/li>\n<\/ul>","protected":false},"excerpt":{"rendered":"<p>\u00c9quip\u00e9 d&rsquo;une \u00e9norme roue de commande Digigear et d&rsquo;un b\u00e2ti aluminium, le BG (BLACK GOLD) est un moulinet robuste taill\u00e9 pour le combat. Il est dot\u00e9 d&rsquo;un frein ATD de derni\u00e8re g\u00e9n\u00e9ration \u00e0 rondelles carbone pour maitriser les combats avec s\u00e9r\u00e9nit\u00e9. Son rotor en forme d&rsquo;arche (technologie Air Rotor) est plus a\u00e9rodynamique pour une fluidit\u00e9 [&hellip;]<\/p>","protected":false},"featured_media":8031,"comment_status":"open","ping_status":"closed","template":"","meta":{"_uf_show_specific_survey":0,"_uf_disable_surveys":false},"product_brand":[],"product_cat":[164,228],"product_tag":[],"class_list":{"0":"post-8036","1":"product","2":"type-product","3":"status-publish","4":"has-post-thumbnail","6":"product_cat-peche","7":"product_cat-moulinets","9":"first","10":"outofstock","11":"shipping-taxable","12":"purchasable","13":"product-type-simple"},"aioseo_notices":[],"_links":{"self":[{"href":"https:\/\/dsmarinealgerie.com\/ar\/wp-json\/wp\/v2\/product\/8036","targetHints":{"allow":["GET"]}}],"collection":[{"href":"https:\/\/dsmarinealgerie.com\/ar\/wp-json\/wp\/v2\/product"}],"about":[{"href":"https:\/\/dsmarinealgerie.com\/ar\/wp-json\/wp\/v2\/types\/product"}],"replies":[{"embeddable":true,"href":"https:\/\/dsmarinealgerie.com\/ar\/wp-json\/wp\/v2\/comments?post=8036"}],"wp:featuredmedia":[{"embeddable":true,"href":"https:\/\/dsmarinealgerie.com\/ar\/wp-json\/wp\/v2\/media\/8031"}],"wp:attachment":[{"href":"https:\/\/dsmarinealgerie.com\/ar\/wp-json\/wp\/v2\/media?parent=8036"}],"wp:term":[{"taxonomy":"product_brand","embeddable":true,"href":"https:\/\/dsmarinealgerie.com\/ar\/wp-json\/wp\/v2\/product_brand?post=8036"},{"taxonomy":"product_cat","embeddable":true,"href":"https:\/\/dsmarinealgerie.com\/ar\/wp-json\/wp\/v2\/product_cat?post=8036"},{"taxonomy":"product_tag","embeddable":true,"href":"https:\/\/dsmarinealgerie.com\/ar\/wp-json\/wp\/v2\/product_tag?post=8036"}],"curies":[{"name":"wp","href":"https:\/\/api.w.org\/{rel}","templated":true}]}}