{"id":8061,"date":"2024-01-10T15:29:42","date_gmt":"2024-01-10T15:29:42","guid":{"rendered":"https:\/\/dsmarinealgerie.com\/?post_type=product&#038;p=8061"},"modified":"2025-11-12T08:13:36","modified_gmt":"2025-11-12T08:13:36","slug":"moulinet-daiwa-bg-mq-10000-dh","status":"publish","type":"product","link":"https:\/\/dsmarinealgerie.com\/ar\/shop\/peche\/materiel-de-peche\/moulinet-daiwa-bg-mq-10000-dh\/","title":{"rendered":"\u0628\u0643\u0631\u0629 \u062f\u0627\u064a\u0648\u0627 BG MQ 10000 \u062f\u0631\u0647\u0645"},"content":{"rendered":"<div class=\"row description content\">\n<div class=\"col-12 value content\">\n<p>\u0625\u0646 BG MQ 2020 \u0639\u0628\u0627\u0631\u0629 \u0639\u0646 \u0628\u0643\u0631\u0629 \u0642\u0648\u064a\u0629 \u0630\u0627\u062a \u0647\u064a\u0643\u0644 \u0645\u0646 \u0627\u0644\u0623\u0644\u0648\u0645\u0646\u064a\u0648\u0645 \u0648\u062f\u0648\u0627\u0631 \u0645\u0646 \u0627\u0644\u0643\u0631\u0628\u0648\u0646 DS5. \u062a\u0648\u0641\u0631 \u0639\u062c\u0644\u0629 \u0627\u0644\u062a\u062d\u0643\u0645 Digigear II \u0627\u0644\u0636\u062e\u0645\u0629 \u0648\u062f\u0648\u0627\u0631 \u0627\u0644\u0647\u0648\u0627\u0621 \u0627\u0644\u0645\u0642\u0648\u0633 \u062f\u0648\u0631\u0627\u0646\u064b\u0627 \u0633\u0644\u0633\u064b\u0627 \u0648\u062f\u0642\u064a\u0642\u064b\u0627. \u064a\u0639\u062f \u0623\u062d\u062f\u062b \u062c\u064a\u0644 \u0645\u0646 \u0645\u0643\u0627\u0628\u062d ATD \u0627\u0644\u0645\u0632\u0648\u062f\u0629 \u0628\u063a\u0633\u0627\u0644\u0627\u062a \u0627\u0644\u0643\u0631\u0628\u0648\u0646 \u0628\u0645\u0639\u0627\u0631\u0643 \u064a\u062a\u0645 \u0627\u0644\u062a\u062d\u0643\u0645 \u0641\u064a\u0647\u0627 \u0628\u0634\u0643\u0644 \u0645\u062b\u0627\u0644\u064a. \u064a\u062a\u0645 \u062f\u0639\u0645 \u0627\u0644\u0628\u0643\u0631\u0629 \u0628\u0648\u0627\u0633\u0637\u0629 \u0645\u062d\u0645\u0644 \u0643\u0631\u0648\u064a \u064a\u0641\u0636\u0644 \u0645\u0634\u0627\u0631\u0643\u0629 \u0627\u0644\u062f\u0648\u0631\u0627\u0646 \u0623\u062b\u0646\u0627\u0621 \u0627\u0644\u0642\u062a\u0627\u0644.<\/p>\n<p>\u0645\u0643\u0627\u0628\u062d \u0628\u062a\u0642\u0646\u064a\u0629 ATD \u0628\u0623\u0642\u0631\u0627\u0635 \u0643\u0631\u0628\u0648\u0646\u064a\u0629<br \/>\n\u0627\u0644\u0645\u062d\u0627\u0645\u0644: 6 + 1<br \/>\n\u0625\u0637\u0627\u0631 \u0645\u0646 \u0627\u0644\u0623\u0644\u0648\u0645\u0646\u064a\u0648\u0645 \u0648\u062f\u0648\u0627\u0631 \u0647\u0648\u0627\u0621 \u0645\u0646 \u0627\u0644\u0628\u0648\u0644\u064a \u0643\u0631\u0628\u0648\u0646\u0627\u062a DS5<br \/>\n\u0628\u0643\u0631\u0629 \u0627\u0644\u0623\u0644\u0648\u0645\u0646\u064a\u0648\u0645<br \/>\n\u0644\u0641 \u0628\u0648\u0627\u0633\u0637\u0629 \u0627\u0644\u0645\u0646\u0639\u0637\u0641\u0627\u062a \u0627\u0644\u0645\u062a\u0642\u0627\u0637\u0639\u0629<br \/>\n\u0642\u0637\u0639\u0629 \u0648\u0627\u062d\u062f\u0629 \u0645\u0646 \u0627\u0644\u0623\u0644\u0648\u0645\u0646\u064a\u0648\u0645 \u0645\u062b\u0628\u062a\u0629 \u0641\u064a \u0627\u0644\u0625\u0637\u0627\u0631<\/p>\n<\/div>\n<\/div>\n<h3>\u062a\u0641\u0627\u0635\u064a\u0644 \u062a\u0642\u0646\u064a\u0629 :<\/h3>\n<p><strong>\u0646\u0648\u0639 \u0627\u0644\u0628\u0643\u0631\u0629<\/strong><span style=\"font-weight: 400;\">\u00a0: \u0627\u0644\u0641\u0631\u0627\u0645\u0644 \u0627\u0644\u0623\u0645\u0627\u0645\u064a\u0629<\/span><br style=\"font-weight: 400;\" \/><strong>\u062d\u062c\u0645 \u0627\u0644\u0628\u0643\u0631\u0629<\/strong><span style=\"font-weight: 400;\"> : 10000<\/span><br style=\"font-weight: 400;\" \/><strong>\u0627\u0644\u0642\u062f\u0631\u0629 \u0645 \/ \u0645\u0645<\/strong><span style=\"font-weight: 400;\"> : 300\/0.37 \u0641\u064a \u062c\u062f\u064a\u0644\u0629<\/span><br style=\"font-weight: 400;\" \/><strong>\u062a\u062d\u0645\u0644 \u0645\u0644\u062d\u0648\u0638\u0629<\/strong><span style=\"font-weight: 400;\"> : 6+1<\/span><br style=\"font-weight: 400;\" \/><strong>\u0627\u0644\u0648\u0632\u0646 (\u062c\u0631\u0627\u0645<\/strong><span style=\"font-weight: 400;\"> : 645<\/span><br style=\"font-weight: 400;\" \/><strong>\u0631\u0642\u0645 \u0627\u0644\u0645\u0644\u0641<\/strong><span style=\"font-weight: 400;\"> : 1 \u0628\u0643\u0631\u0629<\/span><br style=\"font-weight: 400;\" \/><strong>\u0633\u0645 \u0627\u0644\u0627\u0646\u062a\u0639\u0627\u0634<\/strong><span style=\"font-weight: 400;\"> : 117<\/span><br style=\"font-weight: 400;\" \/><strong>\u0646\u0633\u0628\u0629 <\/strong><span style=\"font-weight: 400;\">: 5.7<\/span><br style=\"font-weight: 400;\" \/><strong>\u0643\u062c\u0645 \u0627\u0644\u0641\u0631\u0627\u0645\u0644\u00a0<\/strong><span style=\"font-weight: 400;\">: 15<\/span><\/p>\n<p>&nbsp;<\/p>","protected":false},"excerpt":{"rendered":"<p>Le BG MQ 2020 est un moulinet robuste dot\u00e9 d&rsquo;un corps aluminium et un rotor en carbone DS5. Son \u00e9norme roue de commande Digigear II et son Air Rotor en arche offre une rotation fluide et pr\u00e9cise. Le frein ATD de derni\u00e8re g\u00e9n\u00e9ration \u00e0 rondelles carbone promettent des combats ma\u00eetris\u00e9s \u00e0 la perfection. La bobine [&hellip;]<\/p>","protected":false},"featured_media":7984,"comment_status":"open","ping_status":"closed","template":"","meta":{"_uf_show_specific_survey":0,"_uf_disable_surveys":false},"product_brand":[],"product_cat":[164,227,228],"product_tag":[],"class_list":{"0":"post-8061","1":"product","2":"type-product","3":"status-publish","4":"has-post-thumbnail","6":"product_cat-peche","7":"product_cat-materiel-de-peche","8":"product_cat-moulinets","10":"first","11":"outofstock","12":"shipping-taxable","13":"purchasable","14":"product-type-simple"},"aioseo_notices":[],"_links":{"self":[{"href":"https:\/\/dsmarinealgerie.com\/ar\/wp-json\/wp\/v2\/product\/8061","targetHints":{"allow":["GET"]}}],"collection":[{"href":"https:\/\/dsmarinealgerie.com\/ar\/wp-json\/wp\/v2\/product"}],"about":[{"href":"https:\/\/dsmarinealgerie.com\/ar\/wp-json\/wp\/v2\/types\/product"}],"replies":[{"embeddable":true,"href":"https:\/\/dsmarinealgerie.com\/ar\/wp-json\/wp\/v2\/comments?post=8061"}],"wp:featuredmedia":[{"embeddable":true,"href":"https:\/\/dsmarinealgerie.com\/ar\/wp-json\/wp\/v2\/media\/7984"}],"wp:attachment":[{"href":"https:\/\/dsmarinealgerie.com\/ar\/wp-json\/wp\/v2\/media?parent=8061"}],"wp:term":[{"taxonomy":"product_brand","embeddable":true,"href":"https:\/\/dsmarinealgerie.com\/ar\/wp-json\/wp\/v2\/product_brand?post=8061"},{"taxonomy":"product_cat","embeddable":true,"href":"https:\/\/dsmarinealgerie.com\/ar\/wp-json\/wp\/v2\/product_cat?post=8061"},{"taxonomy":"product_tag","embeddable":true,"href":"https:\/\/dsmarinealgerie.com\/ar\/wp-json\/wp\/v2\/product_tag?post=8061"}],"curies":[{"name":"wp","href":"https:\/\/api.w.org\/{rel}","templated":true}]}}