{"id":8063,"date":"2024-01-11T11:39:32","date_gmt":"2024-01-11T11:39:32","guid":{"rendered":"https:\/\/dsmarinealgerie.com\/?post_type=product&#038;p=8063"},"modified":"2024-01-11T11:39:32","modified_gmt":"2024-01-11T11:39:32","slug":"leurre-daiwa-tournament-minnow-shiner-sl-170f","status":"publish","type":"product","link":"https:\/\/dsmarinealgerie.com\/ar\/shop\/peche\/materiel-de-peche\/leurre-daiwa-tournament-minnow-shiner-sl-170f\/","title":{"rendered":"\u062f\u0627\u064a\u0648\u0627 \u0628\u0637\u0648\u0644\u0629 \u0623\u0633\u0645\u0627\u0643 \u0627\u0644\u0628\u0644\u0645\u0629 \u0634\u0627\u064a\u0646\u0631 SL 170F \u0625\u063a\u0631\u0627\u0621"},"content":{"rendered":"<p>\u0625\u0646 Tournament Minnow Shiner SL-F \u0639\u0628\u0627\u0631\u0629 \u0639\u0646 \u0637\u0639\u0645 \u0645\u0631\u0641\u0642\u064a \u0645\u062c\u0647\u0632 \u0628\u0648\u0632\u0646\u064a\u0646 \u0645\u0646\u0632\u0644\u0642\u064a\u0646 \u0644\u062a\u062d\u0633\u064a\u0646 \u0645\u0633\u0627\u0641\u0627\u062a \u0627\u0644\u0631\u0645\u064a. \u062a\u0633\u0645\u062d \u0623\u0648\u0632\u0627\u0646 \u0627\u0644\u062a\u0646\u063a\u0633\u062a\u0646 (\u0627\u0644\u0643\u062b\u0627\u0641\u0629 2.5 \u0645\u0631\u0629 \u0623\u0643\u0628\u0631 \u0645\u0646 \u0627\u0644\u0641\u0648\u0644\u0627\u0630) \u0648\u0627\u0644\u0634\u0643\u0644 \u0627\u0644\u0631\u0641\u064a\u0639 \u0644\u0647\u0630\u0627 \u0627\u0644\u0637\u0639\u0645 \u0628\u062f\u0641\u0639 \u0646\u0641\u0633\u0647 \u0644\u0645\u0633\u0627\u0641\u0627\u062a \u0637\u0648\u064a\u0644\u0629 \u0639\u0644\u0649 \u0627\u0644\u0631\u063a\u0645 \u0645\u0646 \u062d\u062c\u0645\u0647 \u0627\u0644\u0643\u0628\u064a\u0631.<\/p>\n<ul>\n<li>\u0627\u0644\u062d\u062c\u0645: 17 \u0633\u0645<\/li>\n<li>\u0627\u0644\u0648\u0632\u0646: 28 \u062c\u0631\u0627\u0645<\/li>\n<\/ul>","protected":false},"excerpt":{"rendered":"<p>Le Tournament Minnow Shiner SL-F est un poisson nageur dot\u00e9 de deux masselottes coulissantes permettant d\u2019am\u00e9liorer les distances de lancer. Les masselottes en tungst\u00e8ne (densit\u00e9 2,5 fois sup\u00e9rieure \u00e0 l\u2019acier) et le profil mince permettent \u00e0 ce leurre de se propulser \u00e0 grande distance malgr\u00e9 sa grande taille. Taille: 17cm Poids : 28gr<\/p>","protected":false},"featured_media":8070,"comment_status":"open","ping_status":"closed","template":"","meta":{"_uf_show_specific_survey":0,"_uf_disable_surveys":false},"product_brand":[],"product_cat":[164,227],"product_tag":[],"class_list":{"0":"post-8063","1":"product","2":"type-product","3":"status-publish","4":"has-post-thumbnail","6":"product_cat-peche","7":"product_cat-materiel-de-peche","9":"first","10":"instock","11":"shipping-taxable","12":"purchasable","13":"product-type-variable"},"aioseo_notices":[],"_links":{"self":[{"href":"https:\/\/dsmarinealgerie.com\/ar\/wp-json\/wp\/v2\/product\/8063","targetHints":{"allow":["GET"]}}],"collection":[{"href":"https:\/\/dsmarinealgerie.com\/ar\/wp-json\/wp\/v2\/product"}],"about":[{"href":"https:\/\/dsmarinealgerie.com\/ar\/wp-json\/wp\/v2\/types\/product"}],"replies":[{"embeddable":true,"href":"https:\/\/dsmarinealgerie.com\/ar\/wp-json\/wp\/v2\/comments?post=8063"}],"wp:featuredmedia":[{"embeddable":true,"href":"https:\/\/dsmarinealgerie.com\/ar\/wp-json\/wp\/v2\/media\/8070"}],"wp:attachment":[{"href":"https:\/\/dsmarinealgerie.com\/ar\/wp-json\/wp\/v2\/media?parent=8063"}],"wp:term":[{"taxonomy":"product_brand","embeddable":true,"href":"https:\/\/dsmarinealgerie.com\/ar\/wp-json\/wp\/v2\/product_brand?post=8063"},{"taxonomy":"product_cat","embeddable":true,"href":"https:\/\/dsmarinealgerie.com\/ar\/wp-json\/wp\/v2\/product_cat?post=8063"},{"taxonomy":"product_tag","embeddable":true,"href":"https:\/\/dsmarinealgerie.com\/ar\/wp-json\/wp\/v2\/product_tag?post=8063"}],"curies":[{"name":"wp","href":"https:\/\/api.w.org\/{rel}","templated":true}]}}