{"id":8103,"date":"2024-01-11T14:17:12","date_gmt":"2024-01-11T14:17:12","guid":{"rendered":"https:\/\/dsmarinealgerie.com\/?post_type=product&#038;p=8103"},"modified":"2024-01-11T14:25:22","modified_gmt":"2024-01-11T14:25:22","slug":"leurre-daiwa-shorline-shiner-z-vertice-140s","status":"publish","type":"product","link":"https:\/\/dsmarinealgerie.com\/ar\/shop\/peche\/materiel-de-peche\/leurre-daiwa-shorline-shiner-z-vertice-140s\/","title":{"rendered":"\u0637\u0639\u0645 \u062f\u0627\u064a\u0648\u0627 \u0634\u0648\u0631\u0644\u0627\u064a\u0646 \u0634\u0627\u064a\u0646\u0631 Z \u0641\u064a\u0631\u062a\u064a\u0633 140S"},"content":{"rendered":"<p>\u0628\u0637\u0648\u0644 14 \u0633\u0645\u060c \u064a\u0648\u0641\u0631 Daiwa Shoreline Shiner Z Vertice 140 S \u0637\u0648\u0644\u064b\u0627 \u0641\u0627\u0626\u0642\u064b\u0627 \u0644\u0646\u0642\u0644 \u0643\u062a\u0644\u0629 \u0627\u0644\u062a\u0646\u063a\u0633\u062a\u0646. \u0648\u0647\u0643\u0630\u0627\u060c \u062a\u0643\u062a\u0633\u0628 \u0627\u0644\u0643\u062a\u0644\u0629 \u0633\u0631\u0639\u0629 \u0623\u0643\u0628\u0631 \u0648\u062a\u062f\u0641\u0639 \u0627\u0644\u0637\u064f\u0639\u0645 \u0625\u0644\u0649 \u0645\u0633\u0627\u0641\u0629 \u062a\u0635\u0644 \u0625\u0644\u0649 74.5 \u0645\u062a\u0631\u064b\u0627\u060c \u0648\u0647\u064a \u0627\u0644\u0645\u0633\u0627\u0641\u0629 \u0627\u0644\u062a\u064a \u062a\u0645 \u0627\u0644\u062d\u0635\u0648\u0644 \u0639\u0644\u064a\u0647\u0627 \u0623\u062b\u0646\u0627\u0621 \u0627\u062e\u062a\u0628\u0627\u0631\u0627\u062a \u0627\u0644\u0635\u0628 \u0641\u064a \u0627\u0644\u064a\u0627\u0628\u0627\u0646 (\u0643\u0627\u0646 \u0627\u0644\u0645\u062a\u0648\u0633\u0637 72 \u0645\u062a\u0631\u064b\u0627).<\/p>\n<p>\u0647\u0630\u0627 \u0627\u0644\u0637\u0639\u0645 \u0645\u0631\u064a\u062d \u062c\u062f\u064b\u0627 \u0641\u064a \u0627\u0644\u0645\u0646\u0627\u0637\u0642 \u0627\u0644\u062d\u0627\u0644\u064a\u0629 \u0648\u064a\u0637\u0648\u0631 \u062a\u062f\u062d\u0631\u062c\u064b\u0627 \u0648\u0627\u0636\u062d\u064b\u0627.<\/p>\n<ul>\n<li>\u0639\u0645\u0642 \u0627\u0644\u0633\u0628\u0627\u062d\u0629: \u0645\u0646 50 \u0625\u0644\u0649 140 \u0633\u0645.<\/li>\n<li>\u0627\u0644\u062e\u0637\u0627\u0641\u0627\u062a: \u0627\u0644\u0645\u0627\u0644\u0643 ST-46 #4<\/li>\n<li>\u0627\u0644\u062d\u062c\u0645: 140 \u0645\u0644\u0645<\/li>\n<li>\u0627\u0644\u0648\u0632\u0646: 27.8 \u062c\u0631\u0627\u0645<\/li>\n<\/ul>","protected":false},"excerpt":{"rendered":"<p>Avec sa longueur de 14 cm, le Daiwa Shoreline Shiner Z Vertice 140 S offre une longueur sup\u00e9rieure du transfert de masse en tungst\u00e8ne. Ainsi, la masse prend une vitesse sup\u00e9rieure et propulse le leurre jusqu\u2019\u00e0 74,5 m, distance obtenue lors des tests de lancer au Japon (la moyenne \u00e9tait de 72 m). Ce leurre [&hellip;]<\/p>","protected":false},"featured_media":8108,"comment_status":"open","ping_status":"closed","template":"","meta":{"_uf_show_specific_survey":0,"_uf_disable_surveys":false},"product_brand":[],"product_cat":[164,227],"product_tag":[],"class_list":{"0":"post-8103","1":"product","2":"type-product","3":"status-publish","4":"has-post-thumbnail","6":"product_cat-peche","7":"product_cat-materiel-de-peche","9":"first","10":"instock","11":"shipping-taxable","12":"purchasable","13":"product-type-variable"},"aioseo_notices":[],"_links":{"self":[{"href":"https:\/\/dsmarinealgerie.com\/ar\/wp-json\/wp\/v2\/product\/8103","targetHints":{"allow":["GET"]}}],"collection":[{"href":"https:\/\/dsmarinealgerie.com\/ar\/wp-json\/wp\/v2\/product"}],"about":[{"href":"https:\/\/dsmarinealgerie.com\/ar\/wp-json\/wp\/v2\/types\/product"}],"replies":[{"embeddable":true,"href":"https:\/\/dsmarinealgerie.com\/ar\/wp-json\/wp\/v2\/comments?post=8103"}],"wp:featuredmedia":[{"embeddable":true,"href":"https:\/\/dsmarinealgerie.com\/ar\/wp-json\/wp\/v2\/media\/8108"}],"wp:attachment":[{"href":"https:\/\/dsmarinealgerie.com\/ar\/wp-json\/wp\/v2\/media?parent=8103"}],"wp:term":[{"taxonomy":"product_brand","embeddable":true,"href":"https:\/\/dsmarinealgerie.com\/ar\/wp-json\/wp\/v2\/product_brand?post=8103"},{"taxonomy":"product_cat","embeddable":true,"href":"https:\/\/dsmarinealgerie.com\/ar\/wp-json\/wp\/v2\/product_cat?post=8103"},{"taxonomy":"product_tag","embeddable":true,"href":"https:\/\/dsmarinealgerie.com\/ar\/wp-json\/wp\/v2\/product_tag?post=8103"}],"curies":[{"name":"wp","href":"https:\/\/api.w.org\/{rel}","templated":true}]}}