{"id":8113,"date":"2024-01-14T13:02:56","date_gmt":"2024-01-14T13:02:56","guid":{"rendered":"https:\/\/dsmarinealgerie.com\/?post_type=product&#038;p=8113"},"modified":"2025-11-12T08:12:53","modified_gmt":"2025-11-12T08:12:53","slug":"moulinet-daiwa-bg-mq-10000-dh-ark","status":"publish","type":"product","link":"https:\/\/dsmarinealgerie.com\/ar\/shop\/peche\/materiel-de-peche\/moulinet-daiwa-bg-mq-10000-dh-ark\/","title":{"rendered":"\u0628\u0643\u0631\u0629 \u062f\u0627\u064a\u0648\u0627 BG MQ 10000 \u062f\u0631\u0647\u0645"},"content":{"rendered":"<p>\u062a\u0633\u062a\u0645\u0631 \u0628\u0643\u0631\u0629 BG \u0627\u0644\u0623\u0633\u0627\u0633\u064a\u0629 \u0641\u064a \u0627\u0644\u062a\u0637\u0648\u0631! \u0628\u0639\u062f \u062a\u0632\u064a\u064a\u0646\u0647 \u0628\u062a\u0642\u0646\u064a\u0629 \u0627\u0644\u062c\u0633\u0645 \u0627\u0644\u0623\u062d\u0627\u062f\u064a\u060c \u0641\u0625\u0646\u0647 \u064a\u0643\u062a\u0633\u0628 \u0627\u0644\u0642\u062f\u0631\u0629 \u0639\u0644\u0649 \u0627\u0644\u062a\u0639\u0627\u0645\u0644 \u0645\u0639 \u0627\u0644\u0623\u0633\u0645\u0627\u0643 \u0627\u0644\u0643\u0628\u064a\u0631\u0629 \u0628\u0645\u0632\u064a\u062f \u0645\u0646 \u0627\u0644\u0633\u0644\u0637\u0629 \u0628\u0641\u0636\u0644 \u0645\u0642\u0628\u0636 ARK \u0627\u0644\u062c\u062f\u064a\u062f (\u0645\u0642\u0628\u0636 \u062f\u0627\u0626\u0631\u064a \u0645\u0646 \u0627\u0644\u0623\u0644\u0648\u0645\u0646\u064a\u0648\u0645). \u0645\u0642\u0628\u0636 \u0642\u062a\u0627\u0644\u064a \u062f\u0627\u0626\u0631\u064a \u0645\u0646 \u0627\u0644\u0623\u0644\u0648\u0645\u0646\u064a\u0648\u0645 \u0641\u064a \u0645\u062a\u0646\u0627\u0648\u0644 \u0627\u0644\u064a\u062f\u060c \u0627\u0633\u062a\u0641\u062f \u0645\u0646 \u0623\u062d\u062f\u062b \u062c\u064a\u0644 \u0645\u0646 \u0645\u0643\u0627\u0628\u062d ATD \u0645\u0639 \u063a\u0633\u0627\u0644\u0627\u062a \u0627\u0644\u0643\u0631\u0628\u0648\u0646 \u0648\u0642\u064a\u0627\u062f\u0629 \u0627\u0644\u0645\u0639\u0627\u0631\u0643 \u0627\u0644\u062a\u064a \u064a\u062a\u0645 \u0627\u0644\u062a\u062d\u0643\u0645 \u0641\u064a\u0647\u0627 \u0625\u0644\u0649 \u0627\u0644\u0643\u0645\u0627\u0644.<\/p>\n<ul class=\"product-specifications\">\n<li>\u0645\u0643\u0627\u0628\u062d \u0628\u062a\u0642\u0646\u064a\u0629 ATD \u0628\u0623\u0642\u0631\u0627\u0635 \u0643\u0631\u0628\u0648\u0646\u064a\u0629<\/li>\n<li>\u0627\u0644\u0645\u062d\u0627\u0645\u0644: 6 + 1<\/li>\n<li>\u0625\u0637\u0627\u0631 \u0645\u0646 \u0627\u0644\u0623\u0644\u0648\u0645\u0646\u064a\u0648\u0645 \u0648\u062f\u0648\u0627\u0631 \u0647\u0648\u0627\u0621 \u0645\u0646 \u0627\u0644\u0628\u0648\u0644\u064a \u0643\u0631\u0628\u0648\u0646\u0627\u062a DS5<\/li>\n<li>\u0628\u0643\u0631\u0629 \u0627\u0644\u0623\u0644\u0648\u0645\u0646\u064a\u0648\u0645<\/li>\n<li>\u0644\u0641 \u0628\u0648\u0627\u0633\u0637\u0629 \u0627\u0644\u0645\u0646\u0639\u0637\u0641\u0627\u062a \u0627\u0644\u0645\u062a\u0642\u0627\u0637\u0639\u0629<\/li>\n<li>\u0642\u0637\u0639\u0629 \u0648\u0627\u062d\u062f\u0629 \u0645\u0646 \u0627\u0644\u0623\u0644\u0648\u0645\u0646\u064a\u0648\u0645 \u0645\u062b\u0628\u062a\u0629 \u0641\u064a \u0627\u0644\u0625\u0637\u0627\u0631<\/li>\n<\/ul>","protected":false},"excerpt":{"rendered":"<p>L\u2019incontournable moulinet BG ne cesse d\u2019\u00e9voluer ! Apr\u00e8s s\u2019\u00eatre par\u00e9 de la technologie Monocoque Body, il gagne en puissance pour affronter avec plus d\u2019autorit\u00e9 les plus gros poissons gr\u00e2ce \u00e0 sa nouvelle poign\u00e9e ARK (Aluminium Round Knob). Poign\u00e9e de combat ronde en aluminium en main, profitez du frein ATD de derni\u00e8re g\u00e9n\u00e9ration \u00e0 rondelles carbone [&hellip;]<\/p>","protected":false},"featured_media":8111,"comment_status":"open","ping_status":"closed","template":"","meta":{"_uf_show_specific_survey":0,"_uf_disable_surveys":false},"product_brand":[],"product_cat":[164,227,228],"product_tag":[],"class_list":{"0":"post-8113","1":"product","2":"type-product","3":"status-publish","4":"has-post-thumbnail","6":"product_cat-peche","7":"product_cat-materiel-de-peche","8":"product_cat-moulinets","10":"first","11":"outofstock","12":"shipping-taxable","13":"purchasable","14":"product-type-simple"},"aioseo_notices":[],"_links":{"self":[{"href":"https:\/\/dsmarinealgerie.com\/ar\/wp-json\/wp\/v2\/product\/8113","targetHints":{"allow":["GET"]}}],"collection":[{"href":"https:\/\/dsmarinealgerie.com\/ar\/wp-json\/wp\/v2\/product"}],"about":[{"href":"https:\/\/dsmarinealgerie.com\/ar\/wp-json\/wp\/v2\/types\/product"}],"replies":[{"embeddable":true,"href":"https:\/\/dsmarinealgerie.com\/ar\/wp-json\/wp\/v2\/comments?post=8113"}],"wp:featuredmedia":[{"embeddable":true,"href":"https:\/\/dsmarinealgerie.com\/ar\/wp-json\/wp\/v2\/media\/8111"}],"wp:attachment":[{"href":"https:\/\/dsmarinealgerie.com\/ar\/wp-json\/wp\/v2\/media?parent=8113"}],"wp:term":[{"taxonomy":"product_brand","embeddable":true,"href":"https:\/\/dsmarinealgerie.com\/ar\/wp-json\/wp\/v2\/product_brand?post=8113"},{"taxonomy":"product_cat","embeddable":true,"href":"https:\/\/dsmarinealgerie.com\/ar\/wp-json\/wp\/v2\/product_cat?post=8113"},{"taxonomy":"product_tag","embeddable":true,"href":"https:\/\/dsmarinealgerie.com\/ar\/wp-json\/wp\/v2\/product_tag?post=8113"}],"curies":[{"name":"wp","href":"https:\/\/api.w.org\/{rel}","templated":true}]}}