{"id":8157,"date":"2024-01-16T10:49:31","date_gmt":"2024-01-16T10:49:31","guid":{"rendered":"https:\/\/dsmarinealgerie.com\/?post_type=product&#038;p=8157"},"modified":"2024-01-16T12:40:28","modified_gmt":"2024-01-16T12:40:28","slug":"daiwa-light-assist-hook","status":"publish","type":"product","link":"https:\/\/dsmarinealgerie.com\/ar\/shop\/peche\/materiel-de-peche\/accessoires-de-peche\/daiwa-light-assist-hook\/","title":{"rendered":"\u062e\u0637\u0627\u0641 \u0645\u0633\u0627\u0639\u062f\u0629 \u0627\u0644\u0636\u0648\u0621 \u0645\u0646 \u062f\u0627\u064a\u0648\u0627"},"content":{"rendered":"<p>\u064a\u0639\u062f Light Assist Hook \u0645\u0646\u0627\u0633\u0628\u064b\u0627 \u0644\u0643\u0644 \u0645\u0646 \u0623\u062f\u0648\u0627\u062a \u0627\u0644\u0635\u064a\u062f \u0627\u0644\u0645\u062e\u0635\u0635\u0629 \u0644\u0635\u064a\u062f \u0627\u0644\u0642\u0648\u0627\u0631\u0628 \u0627\u0644\u0639\u0645\u0648\u062f\u064a\u0629 \u0628\u0627\u0644\u0625\u0636\u0627\u0641\u0629 \u0625\u0644\u0649 \u0646\u0645\u0627\u0630\u062c \u0627\u0644\u0642\u0641\u0632 \u0639\u0644\u0649 \u0627\u0644\u0634\u0627\u0637\u0626 \u0627\u0644\u0645\u0635\u0645\u0645\u0629 \u0644\u0644\u0635\u0628 \u0645\u0646 \u0627\u0644\u0634\u0627\u0637\u0626 \u0627\u0644\u0635\u062e\u0631\u064a. \u062a\u062a\u0648\u0641\u0631 \u0647\u0630\u0647 \u0627\u0644\u062e\u0637\u0627\u0641\u0627\u062a \u0627\u0644\u0645\u0633\u0627\u0639\u062f\u0629 \u0628\u0623\u0637\u0648\u0627\u0644 \u0645\u062e\u062a\u0644\u0641\u0629\u060c \u0648\u062a\u0633\u0645\u062d \u0644\u0643 \u0628\u0636\u0628\u0637 \u062a\u0633\u0644\u064a\u062d \u0627\u0644\u0637\u064f\u0639\u0645 \u0628\u0634\u0643\u0644 \u0623\u0641\u0636\u0644 \u0648\u0641\u0642\u064b\u0627 \u0644\u062d\u062c\u0645\u0647 \u0648\u0627\u0644\u062a\u0643\u0648\u064a\u0646 \u0627\u0644\u0645\u0637\u0644\u0648\u0628: \u062e\u0637\u0627\u0641\u0627\u0646 \u0645\u0633\u0627\u0639\u062f\u0627\u0646 \u0642\u0635\u064a\u0631\u0627\u0646 \u0641\u064a \u0627\u0644\u0623\u0639\u0644\u0649 \u0648\u0627\u0644\u0623\u0633\u0641\u0644\u060c \u0648\u062e\u0637\u0627\u0641 \u0645\u0633\u0627\u0639\u062f\u0629 \u0648\u0627\u062d\u062f \u0641\u064a \u0627\u0644\u0645\u0646\u062a\u0635\u0641 \u0623\u0648 2\/3 - 1\/3 \u0623\u062f\u0627\u0629 \u0639\u0644\u0649 \u0634\u0643\u0644 \u062a\u0647\u0632\u0647\u0632 \u0637\u0648\u064a\u0644.<\/p>\n<p>\u062a\u0636\u0645\u0646 \u0627\u0644\u062e\u0637\u0627\u0641\u0627\u062a \u0627\u0644\u064a\u0627\u0628\u0627\u0646\u064a\u0629 \u062f\u0642\u0629 \u0645\u0645\u062a\u0627\u0632\u0629 \u0648\u0627\u0644\u062c\u062f\u064a\u0644\u0629 \u0635\u0644\u0628\u0629 \u0628\u062f\u0631\u062c\u0629 \u0643\u0627\u0641\u064a\u0629 \u0644\u0644\u062d\u0635\u0648\u0644 \u0639\u0644\u0649 \u0627\u0633\u062a\u062c\u0627\u0628\u0629 \u062c\u064a\u062f\u0629 \u0645\u0646 \u0627\u0644\u062e\u0637\u0627\u0641 \u0627\u0644\u0645\u0633\u0627\u0639\u062f \u0644\u0644\u0639\u0636 \u0645\u0639 \u0627\u0644\u062d\u062f \u0645\u0646 \u0627\u0644\u062a\u0634\u0627\u0628\u0643 \u0648\u062e\u0637\u0631 \u0627\u0644\u062a\u0622\u0643\u0644.<\/p>\n<p>\u0627\u0644\u0643\u0645\u064a\u0629 \u0641\u064a \u0643\u0644 \u0643\u064a\u0633: \u00d72.<\/p>","protected":false},"excerpt":{"rendered":"<p>Le Light Assist Hook convient \u00e0 la fois aux jigs destin\u00e9s \u00e0 la p\u00eache verticale en bateau ainsi qu\u2019aux mod\u00e8les shore jigging con\u00e7us pour lancer depuis une c\u00f4te rocheuse. Disponibles en diff\u00e9rentes longueurs d\u2019empiles, ces assist-hooks permettent d\u2019ajuster au mieux l\u2019armement du leurre en fonction de sa dimension et de la configuration souhait\u00e9 : deux [&hellip;]<\/p>","protected":false},"featured_media":8158,"comment_status":"open","ping_status":"closed","template":"","meta":{"_uf_show_specific_survey":0,"_uf_disable_surveys":false},"product_brand":[],"product_cat":[183,164,227],"product_tag":[],"class_list":{"0":"post-8157","1":"product","2":"type-product","3":"status-publish","4":"has-post-thumbnail","6":"product_cat-accessoires-de-peche","7":"product_cat-peche","8":"product_cat-materiel-de-peche","10":"first","11":"instock","12":"shipping-taxable","13":"purchasable","14":"product-type-variable"},"aioseo_notices":[],"_links":{"self":[{"href":"https:\/\/dsmarinealgerie.com\/ar\/wp-json\/wp\/v2\/product\/8157","targetHints":{"allow":["GET"]}}],"collection":[{"href":"https:\/\/dsmarinealgerie.com\/ar\/wp-json\/wp\/v2\/product"}],"about":[{"href":"https:\/\/dsmarinealgerie.com\/ar\/wp-json\/wp\/v2\/types\/product"}],"replies":[{"embeddable":true,"href":"https:\/\/dsmarinealgerie.com\/ar\/wp-json\/wp\/v2\/comments?post=8157"}],"wp:featuredmedia":[{"embeddable":true,"href":"https:\/\/dsmarinealgerie.com\/ar\/wp-json\/wp\/v2\/media\/8158"}],"wp:attachment":[{"href":"https:\/\/dsmarinealgerie.com\/ar\/wp-json\/wp\/v2\/media?parent=8157"}],"wp:term":[{"taxonomy":"product_brand","embeddable":true,"href":"https:\/\/dsmarinealgerie.com\/ar\/wp-json\/wp\/v2\/product_brand?post=8157"},{"taxonomy":"product_cat","embeddable":true,"href":"https:\/\/dsmarinealgerie.com\/ar\/wp-json\/wp\/v2\/product_cat?post=8157"},{"taxonomy":"product_tag","embeddable":true,"href":"https:\/\/dsmarinealgerie.com\/ar\/wp-json\/wp\/v2\/product_tag?post=8157"}],"curies":[{"name":"wp","href":"https:\/\/api.w.org\/{rel}","templated":true}]}}