{"id":8192,"date":"2024-01-16T11:25:06","date_gmt":"2024-01-16T11:25:06","guid":{"rendered":"https:\/\/dsmarinealgerie.com\/?post_type=product&#038;p=8192"},"modified":"2024-01-16T12:15:27","modified_gmt":"2024-01-16T12:15:27","slug":"tai-rubber-daiwa-kohga-100g","status":"publish","type":"product","link":"https:\/\/dsmarinealgerie.com\/ar\/shop\/peche\/materiel-de-peche\/tai-rubber-daiwa-kohga-100g\/","title":{"rendered":"\u062a\u0627\u064a \u0645\u0637\u0627\u0637 \u062f\u0627\u064a\u0648\u0627 \u0643\u0648\u0647\u062c\u0627 100 \u062c\u0631\u0627\u0645"},"content":{"rendered":"<p>Kohga \u0647\u0648 \u0625\u063a\u0631\u0627\u0621 \u0645\u0646 \u0639\u0627\u0626\u0644\u0629 Kabura. \u0637\u0639\u0645 \u0627\u0644\u0635\u064a\u062f \u0627\u0644\u0639\u0645\u0648\u062f\u064a \u064a\u0645\u0643\u0646 \u062a\u062d\u0631\u064a\u0643\u0647 \u0628\u0645\u0641\u0631\u062f\u0647 \u0623\u0648 \u062d\u062a\u0649 \u062a\u062c\u0647\u064a\u0632\u0647 \u0628\u0642\u0637\u0639 \u0645\u0646 \u0644\u062d\u0645 \u0627\u0644\u0633\u0645\u0643. \u0648\u0647\u064a \u0645\u062c\u0647\u0632\u0629 \u0628\u0623\u0646\u0628\u0648\u0628 \u0645\u0646 \u0627\u0644\u0633\u064a\u0631\u0627\u0645\u064a\u0643 \u064a\u0648\u0641\u0631 \u0623\u062f\u0627\u0621 \u0627\u0646\u0632\u0644\u0627\u0642\u064b\u0627 \u0644\u0627 \u0645\u062b\u064a\u0644 \u0644\u0647 \u0645\u0645\u0627 \u064a\u0642\u0644\u0644 \u0628\u0634\u0643\u0644 \u0643\u0628\u064a\u0631 \u0645\u0646 \u062a\u0622\u0643\u0644 \u0627\u0644\u0642\u0627\u0626\u062f \u0628\u0627\u0644\u0625\u0636\u0627\u0641\u0629 \u0625\u0644\u0649 \u0631\u0623\u0633 \u0647\u064a\u062f\u0631\u0648\u062f\u064a\u0646\u0627\u0645\u064a\u0643\u064a \u064a\u0645\u0643\u0646 \u0627\u0633\u062a\u062e\u062f\u0627\u0645\u0647 \u0641\u064a \u0627\u062a\u062c\u0627\u0647 \u0623\u0648 \u0622\u062e\u0631 \u0627\u0639\u062a\u0645\u0627\u062f\u064b\u0627 \u0639\u0644\u0649 \u0642\u0648\u0629 \u0627\u0644\u062a\u064a\u0627\u0631 \u0623\u0648 \u0637\u0628\u064a\u0639\u0629 \u0627\u0644\u0642\u0627\u0639. \u0623\u0644\u0648\u0627\u0646\u0647\u0627 \u0648\u0623\u0648\u062c\u0647\u0647\u0627 \u0627\u0644\u0644\u0627\u0645\u0639\u0629 \u062c\u0630\u0627\u0628\u0629 \u0644\u0644\u063a\u0627\u064a\u0629 \u0648\u062a\u0632\u064a\u062f \u0645\u0646 \u0641\u0631\u0635 \u0627\u0644\u0625\u0645\u0633\u0627\u0643 \u0628\u0647\u0627.<\/p>","protected":false},"excerpt":{"rendered":"<p>Le Kohga est un leurre de la famille des Kabura. Leurre de p\u00eache en verticale il peut \u00eatre anim\u00e9 seul ou m\u00eame muni de morceaux de chair de poisson. Il est dot\u00e9 d\u2019un tube en c\u00e9ramique traversante qui offre des performances de glisse in\u00e9gal\u00e9es qui r\u00e9duit consid\u00e9rablement l\u2019usure du bas de ligne ainsi que d&rsquo;une [&hellip;]<\/p>","protected":false},"featured_media":8195,"comment_status":"open","ping_status":"closed","template":"","meta":{"_uf_show_specific_survey":0,"_uf_disable_surveys":false},"product_brand":[],"product_cat":[164,227],"product_tag":[],"class_list":{"0":"post-8192","1":"product","2":"type-product","3":"status-publish","4":"has-post-thumbnail","6":"product_cat-peche","7":"product_cat-materiel-de-peche","9":"first","10":"instock","11":"shipping-taxable","12":"purchasable","13":"product-type-simple"},"aioseo_notices":[],"_links":{"self":[{"href":"https:\/\/dsmarinealgerie.com\/ar\/wp-json\/wp\/v2\/product\/8192","targetHints":{"allow":["GET"]}}],"collection":[{"href":"https:\/\/dsmarinealgerie.com\/ar\/wp-json\/wp\/v2\/product"}],"about":[{"href":"https:\/\/dsmarinealgerie.com\/ar\/wp-json\/wp\/v2\/types\/product"}],"replies":[{"embeddable":true,"href":"https:\/\/dsmarinealgerie.com\/ar\/wp-json\/wp\/v2\/comments?post=8192"}],"wp:featuredmedia":[{"embeddable":true,"href":"https:\/\/dsmarinealgerie.com\/ar\/wp-json\/wp\/v2\/media\/8195"}],"wp:attachment":[{"href":"https:\/\/dsmarinealgerie.com\/ar\/wp-json\/wp\/v2\/media?parent=8192"}],"wp:term":[{"taxonomy":"product_brand","embeddable":true,"href":"https:\/\/dsmarinealgerie.com\/ar\/wp-json\/wp\/v2\/product_brand?post=8192"},{"taxonomy":"product_cat","embeddable":true,"href":"https:\/\/dsmarinealgerie.com\/ar\/wp-json\/wp\/v2\/product_cat?post=8192"},{"taxonomy":"product_tag","embeddable":true,"href":"https:\/\/dsmarinealgerie.com\/ar\/wp-json\/wp\/v2\/product_tag?post=8192"}],"curies":[{"name":"wp","href":"https:\/\/api.w.org\/{rel}","templated":true}]}}