{"id":8261,"date":"2024-01-17T14:06:12","date_gmt":"2024-01-17T14:06:12","guid":{"rendered":"https:\/\/dsmarinealgerie.com\/?post_type=product&#038;p=8261"},"modified":"2024-01-18T13:49:48","modified_gmt":"2024-01-18T13:49:48","slug":"owner-cultiva-jigger-medium-js-36-hooks","status":"publish","type":"product","link":"https:\/\/dsmarinealgerie.com\/ar\/shop\/peche\/materiel-de-peche\/hamecons\/owner-cultiva-jigger-medium-js-36-hooks\/","title":{"rendered":"\u062e\u0637\u0627\u0641 \u0627\u0644\u0645\u0627\u0644\u0643 Cultiva Jigger Medium JS-36"},"content":{"rendered":"<p>\u064a\u0639\u062f \u0627\u0644\u0645\u0627\u0644\u0643 Cultiva Jigger Medium JF-36 \u0647\u0648 \u0627\u0644\u062e\u0637\u0627\u0641 \u0627\u0644\u0645\u062b\u0627\u0644\u064a \u0644\u062a\u0642\u0646\u064a\u0629 Slow Jigging \u0646\u0638\u0631\u064b\u0627 \u0644\u062e\u0641\u062a\u0647 \u0648\u062d\u062f\u062a\u0647.<\/p>\n<p>\u0645\u0642\u0627\u0648\u0645\u0629 \u0639\u0627\u0644\u064a\u0629 \u0644\u0644\u062a\u0622\u0643\u0644 \u0628\u0627\u0644\u0645\u064a\u0627\u0647 \u0627\u0644\u0645\u0627\u0644\u062d\u0629 \u0648\u0627\u0644\u0635\u062f\u0623 \u0648\u0627\u0644\u0636\u063a\u0637 \u0627\u0644\u0639\u0627\u0644\u064a.<\/p>\n<ul>\n<li>\u062e\u0635\u0627\u0626\u0635 \u062a\u0642\u0646\u064a\u0629 :<br \/>\n\u2013 \u0637\u0631\u0641 \u0645\u0633\u062a\u0642\u064a\u0645 \u062d\u0627\u062f \u0644\u0644\u063a\u0627\u064a\u0629<br \/>\n\u2013 \u0645\u0642\u0648\u0649 (\u062e\u064a\u0637 \u062a\u0627\u0641)<br \/>\n- \u0627\u0644\u0646\u064a\u0643\u0644<br \/>\n- \u0646\u0647\u0627\u064a\u0629 \u0627\u0644\u0645\u062c\u0631\u0641\u0629<br \/>\n\u2013 \u0644\u0644\u0642\u0641\u0632<br \/>\n- \u0631\u0645\u0632 \u0627\u0644\u0645\u0646\u062a\u062c: JF-36<\/li>\n<\/ul>","protected":false},"excerpt":{"rendered":"<p>Le Owner Cultiva Jigger Medium JF-36 est l&rsquo;hame\u00e7on id\u00e9al pour la technique de Slow Jigging en raison de sa l\u00e9g\u00e8ret\u00e9 et de sa nettet\u00e9. Tr\u00e8s r\u00e9sistant \u00e0 la corrosion due \u00e0 l&rsquo;eau sal\u00e9e, \u00e0 la rouille et aux hautes pressions. Caract\u00e9ristiques techniques : &#8211; Pointe droite super aigu\u00eb &#8211; Renforc\u00e9 (fil Taff) &#8211; Nickel &#8211; [&hellip;]<\/p>","protected":false},"featured_media":8262,"comment_status":"open","ping_status":"closed","template":"","meta":{"_uf_show_specific_survey":0,"_uf_disable_surveys":false},"product_brand":[],"product_cat":[742,164,227],"product_tag":[],"class_list":{"0":"post-8261","1":"product","2":"type-product","3":"status-publish","4":"has-post-thumbnail","6":"product_cat-hamecons","7":"product_cat-peche","8":"product_cat-materiel-de-peche","10":"first","11":"instock","12":"shipping-taxable","13":"purchasable","14":"product-type-variable"},"aioseo_notices":[],"_links":{"self":[{"href":"https:\/\/dsmarinealgerie.com\/ar\/wp-json\/wp\/v2\/product\/8261","targetHints":{"allow":["GET"]}}],"collection":[{"href":"https:\/\/dsmarinealgerie.com\/ar\/wp-json\/wp\/v2\/product"}],"about":[{"href":"https:\/\/dsmarinealgerie.com\/ar\/wp-json\/wp\/v2\/types\/product"}],"replies":[{"embeddable":true,"href":"https:\/\/dsmarinealgerie.com\/ar\/wp-json\/wp\/v2\/comments?post=8261"}],"wp:featuredmedia":[{"embeddable":true,"href":"https:\/\/dsmarinealgerie.com\/ar\/wp-json\/wp\/v2\/media\/8262"}],"wp:attachment":[{"href":"https:\/\/dsmarinealgerie.com\/ar\/wp-json\/wp\/v2\/media?parent=8261"}],"wp:term":[{"taxonomy":"product_brand","embeddable":true,"href":"https:\/\/dsmarinealgerie.com\/ar\/wp-json\/wp\/v2\/product_brand?post=8261"},{"taxonomy":"product_cat","embeddable":true,"href":"https:\/\/dsmarinealgerie.com\/ar\/wp-json\/wp\/v2\/product_cat?post=8261"},{"taxonomy":"product_tag","embeddable":true,"href":"https:\/\/dsmarinealgerie.com\/ar\/wp-json\/wp\/v2\/product_tag?post=8261"}],"curies":[{"name":"wp","href":"https:\/\/api.w.org\/{rel}","templated":true}]}}