{"id":8296,"date":"2024-01-24T11:02:49","date_gmt":"2024-01-24T11:02:49","guid":{"rendered":"https:\/\/dsmarinealgerie.com\/?post_type=product&#038;p=8296"},"modified":"2024-01-24T11:10:56","modified_gmt":"2024-01-24T11:10:56","slug":"vanfook-jigen-short-twin-jlt-46-hooks","status":"publish","type":"product","link":"https:\/\/dsmarinealgerie.com\/ar\/shop\/peche\/materiel-de-peche\/hamecons\/vanfook-jigen-short-twin-jlt-46-hooks\/","title":{"rendered":"\u062e\u0637\u0627\u0641\u0627\u062a Vanfook Jigen \u0642\u0635\u064a\u0631\u0629 \u0645\u0632\u062f\u0648\u062c\u0629 JLT-46"},"content":{"rendered":"<p>\u0623\u0641\u0636\u0644 \u0645\u0633\u0627\u0639\u062f\u0629 \u0645\u0632\u062f\u0648\u062c\u0629 \u0644\u0631\u0642\u0635\u0629 \u0637\u0648\u064a\u0644\u0629 (\u0631\u0642\u0635\u0629 \u0630\u0627\u062a \u0635\u0648\u0631\u0629 \u0638\u0644\u064a\u0629 \u0645\u0645\u062f\u0648\u062f\u0629).<\/p>\n<p>\u064a\u062a\u0645\u064a\u0632 \u0628\u0634\u062f \u0648\u0645\u0631\u0648\u0646\u0629 \u0645\u0639\u062a\u062f\u0644\u064a\u0646 \u0641\u064a \u0633\u0644\u0643 \u0627\u0644\u0645\u0633\u0627\u0639\u062f\u0629 \u0641\u064a \u0646\u0641\u0633 \u0627\u0644\u0648\u0642\u062a \u0639\u0644\u0649 \u0627\u0644\u0631\u063a\u0645 \u0645\u0646 \u0637\u0648\u0644\u0647\u060c \u0645\u0645\u0627 \u064a\u0633\u0627\u0639\u062f \u0639\u0644\u0649 \u062a\u062c\u0646\u0628 \u0627\u0644\u062a\u0634\u0627\u0628\u0643 \u0645\u0639 \u0627\u0644\u0631\u0642\u0635\u0629 \u0628\u0641\u0636\u0644 \u0642\u0644\u0628 \u0627\u0644\u0641\u0644\u0648\u0631\u0648\u0643\u0631\u0628\u0648\u0646 \u0627\u0644\u0645\u0648\u062c\u0648\u062f \u0641\u064a \u0627\u0644\u0633\u0644\u0643.<\/p>\n<p>\u0628\u0627\u0644\u0625\u0636\u0627\u0641\u0629 \u0625\u0644\u0649 \u0630\u0644\u0643\u060c \u0641\u064a\u0645\u0627 \u064a\u062a\u0639\u0644\u0642 \u0628\u0639\u0645\u0644\u064a\u0629 \u062a\u062b\u0628\u064a\u062a \u0627\u0644\u0633\u0644\u0643 \u0627\u0644\u0645\u0633\u0627\u0639\u062f\u060c \u064a\u062a\u0645 \u0631\u0628\u0637 \u062e\u0637\u0627\u0641\u064a\u0646 \u0628\u062d\u0644\u0642\u0629 \u0635\u0644\u0628\u0629 \u0628\u0634\u0643\u0644 \u0645\u0646\u0641\u0635\u0644 \u0644\u0636\u0645\u0627\u0646 \u0627\u0644\u0645\u0631\u0648\u0646\u0629 \u0641\u064a \u062d\u0631\u0643\u0629 \u0627\u0644\u062e\u0637\u0627\u0641\u060c \u0648\u064a\u0645\u0643\u0646\u0643 \u0636\u0628\u0637 \u0627\u062a\u062c\u0627\u0647 \u0627\u0644\u062e\u0637\u0627\u0641\u0627\u062a \u0644\u0644\u062f\u0627\u062e\u0644 \u0623\u0648 \u0644\u0644\u062e\u0627\u0631\u062c \u062d\u0633\u0628 \u062a\u0641\u0636\u064a\u0644\u0643 \u0639\u0646\u062f \u0627\u0644\u062a\u062b\u0628\u064a\u062a \u0639\u0644\u0649 \u062d\u0644\u0642\u0629 \u0627\u0644\u0627\u0646\u0642\u0633\u0627\u0645.<\/p>\n<p>\u064a\u0645\u0643\u0646\u0643 \u0632\u064a\u0627\u062f\u0629 \u062d\u0631\u0643\u0629 \u0627\u0644\u0631\u0642\u0635\u0629 \u0625\u0644\u0649 \u0627\u0644\u062d\u062f \u0627\u0644\u0623\u0642\u0635\u0649 \u0639\u0646 \u0637\u0631\u064a\u0642 \u0625\u0642\u0631\u0627\u0646\u0647\u0627 \u0628\u0633\u0644\u0633\u0644\u0629 Jigen Twin Assist \u0623\u062e\u0631\u0649 \u0641\u064a \u0627\u0644\u0623\u0645\u0627\u0645 \u0623\u0648 \u0627\u0644\u062e\u0644\u0641 \u062d\u0633\u0628 \u0627\u0644\u0645\u0648\u0642\u0641\u060c \u0645\u062b\u0644 Jigen Short Twin \/ Jigen Light Twin \/ Jigen Long Twin.<\/p>\n<p>\u062a\u062d\u062f\u064a\u062f:<\/p>\n<p>\u0627\u0644\u062e\u0637\u0627\u0641: \u062c\u064a\u062c\u0646 [JH-10]<\/p>\n<p>\u062e\u0637 \u0627\u0644\u0645\u0633\u0627\u0639\u062f\u0629: \u062e\u0637 \u0627\u0644\u0645\u0633\u0627\u0639\u062f\u0629 Jig [J-AL] 54 \u0643\u062c\u0645.<\/p>\n<p>\u0637\u0648\u0644 \u0627\u0644\u0633\u0644\u0643: 36 \u0645\u0644\u0645<\/p>\n<p>\u0627\u0644\u062d\u0644\u0642\u0629 \u0627\u0644\u0635\u0644\u0628\u0629: \u0627\u0644\u062d\u0644\u0642\u0629 \u0627\u0644\u0645\u0633\u0627\u0639\u062f\u0629 [A-PR]<\/p>\n<p>\u0627\u0644\u062d\u062c\u0645 #S<\/p>\n<p>\u0627\u0644\u0623\u0646\u0628\u0648\u0628: \u0623\u0646\u0628\u0648\u0628 \u0634\u0631\u0646\u0643 \u062d\u0631\u0627\u0631\u064a \u0623\u0632\u0631\u0642 [B-ST] 2.5 \u0645\u0645<\/p>","protected":false},"excerpt":{"rendered":"<p>Le meilleur twin assist pour un jig long (un jig de silhouette allong\u00e9e.) Il a une tension mod\u00e9r\u00e9e et une flexibilit\u00e9 dans le cordon d&rsquo;assistance en m\u00eame temps malgr\u00e9 sa longueur, ce qui permet d&rsquo;\u00e9viter les emm\u00ealements avec le jig gr\u00e2ce au noyau en fluorocarbone ins\u00e9r\u00e9 dans le cordon. De plus, en ce qui concerne [&hellip;]<\/p>","protected":false},"featured_media":8300,"comment_status":"open","ping_status":"closed","template":"","meta":{"_uf_show_specific_survey":0,"_uf_disable_surveys":false},"product_brand":[],"product_cat":[742,164,227],"product_tag":[],"class_list":{"0":"post-8296","1":"product","2":"type-product","3":"status-publish","4":"has-post-thumbnail","6":"product_cat-hamecons","7":"product_cat-peche","8":"product_cat-materiel-de-peche","10":"first","11":"instock","12":"shipping-taxable","13":"purchasable","14":"product-type-variable"},"aioseo_notices":[],"_links":{"self":[{"href":"https:\/\/dsmarinealgerie.com\/ar\/wp-json\/wp\/v2\/product\/8296","targetHints":{"allow":["GET"]}}],"collection":[{"href":"https:\/\/dsmarinealgerie.com\/ar\/wp-json\/wp\/v2\/product"}],"about":[{"href":"https:\/\/dsmarinealgerie.com\/ar\/wp-json\/wp\/v2\/types\/product"}],"replies":[{"embeddable":true,"href":"https:\/\/dsmarinealgerie.com\/ar\/wp-json\/wp\/v2\/comments?post=8296"}],"wp:featuredmedia":[{"embeddable":true,"href":"https:\/\/dsmarinealgerie.com\/ar\/wp-json\/wp\/v2\/media\/8300"}],"wp:attachment":[{"href":"https:\/\/dsmarinealgerie.com\/ar\/wp-json\/wp\/v2\/media?parent=8296"}],"wp:term":[{"taxonomy":"product_brand","embeddable":true,"href":"https:\/\/dsmarinealgerie.com\/ar\/wp-json\/wp\/v2\/product_brand?post=8296"},{"taxonomy":"product_cat","embeddable":true,"href":"https:\/\/dsmarinealgerie.com\/ar\/wp-json\/wp\/v2\/product_cat?post=8296"},{"taxonomy":"product_tag","embeddable":true,"href":"https:\/\/dsmarinealgerie.com\/ar\/wp-json\/wp\/v2\/product_tag?post=8296"}],"curies":[{"name":"wp","href":"https:\/\/api.w.org\/{rel}","templated":true}]}}