{"id":8315,"date":"2024-01-30T10:54:53","date_gmt":"2024-01-30T10:54:53","guid":{"rendered":"https:\/\/dsmarinealgerie.com\/?post_type=product&#038;p=8315"},"modified":"2025-11-13T10:01:47","modified_gmt":"2025-11-13T10:01:47","slug":"moulinet-trabucco-castforce-cx-8000-ultralight-surf","status":"publish","type":"product","link":"https:\/\/dsmarinealgerie.com\/ar\/shop\/peche\/moulinets\/moulinet-trabucco-castforce-cx-8000-ultralight-surf\/","title":{"rendered":"Trabucco Castforce CX 8000 \u0628\u0643\u0631\u0629 \u0631\u0643\u0648\u0628 \u0627\u0644\u0623\u0645\u0648\u0627\u062c \u062e\u0641\u064a\u0641\u0629 \u0627\u0644\u0648\u0632\u0646"},"content":{"rendered":"<p><span>\u062a\u0645 \u062a\u0635\u0646\u064a\u0639 CX \u0628\u0627\u0644\u0643\u0627\u0645\u0644 \u0645\u0646 \u0627\u0644\u0643\u0631\u0628\u0648\u0646 \u0639\u0627\u0644\u064a \u0627\u0644\u0645\u0639\u0627\u0645\u0644\u060c \u0648\u0647\u064a \u0645\u0627\u062f\u0629 \u062a\u0648\u0641\u0631 \u0646\u0641\u0633 \u0635\u0644\u0627\u0628\u0629 \u0627\u0644\u0623\u0644\u0648\u0645\u0646\u064a\u0648\u0645 \u0639\u0646\u062f 50 % \u0645\u0646 \u0648\u0632\u0646\u0647\u0627. \u0627\u0644\u062f\u0648\u0627\u0631 \u064a\u062c\u0639\u0644 \u0639\u0645\u0644\u064a\u0629 \u0627\u0644\u0635\u064a\u062f \u0627\u0644\u0642\u0635\u0648\u0649 \u0623\u0633\u0647\u0644 \u0648\u0623\u0643\u062b\u0631 \u0633\u0644\u0627\u0633\u0629.<\/span><\/p>\n<p><strong><span>\u0645\u0645\u064a\u0632\u0627\u062a \u062e\u0627\u0635\u0629<\/span><\/strong><span>\u00a0:\u00a0<\/span><\/p>\n<ul>\n<li>\u062c\u0633\u0645 \u0627\u0644\u0643\u0631\u0628\u0648\u0646 Cx \u0648\u0627\u0644\u062f\u0648\u0627\u0631<\/li>\n<li>\u0627\u0644\u0645\u062d\u0648\u0631 \u0627\u0644\u0631\u0626\u064a\u0633\u064a \u0645\u0635\u0646\u0648\u0639 \u0645\u0646 \u0627\u0644\u0641\u0648\u0644\u0627\u0630 \u0627\u0644\u0645\u0642\u0627\u0648\u0645 \u0644\u0644\u0635\u062f\u0623 \u0645\u0639 \u0632\u064a\u0627\u062f\u0629 \u0641\u064a \u0627\u0644\u0645\u0642\u0637\u0639<\/li>\n<li>\u0628\u0643\u0631\u0629 \u0645\u0646 \u0627\u0644\u0623\u0644\u0648\u0645\u0646\u064a\u0648\u0645 \u0645\u0646 \u0627\u0644\u0641\u0626\u0629 \u0627\u0644\u0641\u0636\u0627\u0626\u064a\u0629\u060c \u0645\u062e\u0641\u0641\u0629 \u0628\u0641\u062a\u062d\u0627\u062a<\/li>\n<li>\u0628\u0643\u0631\u0629 \u0623\u0644\u0648\u0645\u0646\u064a\u0648\u0645 \u0625\u0636\u0627\u0641\u064a\u0629<\/li>\n<li>\u0641\u0631\u0627\u0645\u0644 \u0623\u0645\u0627\u0645\u064a\u0629 \u0633\u0631\u064a\u0639\u0629 \u0627\u0644\u062a\u062d\u0631\u064a\u0631 \u0644\u0644\u0633\u062d\u0628 \u0627\u0644\u0630\u0643\u064a<\/li>\n<li>\u0635\u0641\u0627\u0626\u062d \u0627\u0644\u0642\u0627\u0628\u0636 \u0643\u0628\u064a\u0631\u0629 \u0627\u0644\u062d\u062c\u0645\u060c \u0645\u0637\u0644\u064a\u0629 \u0628\u0640 PTFE<\/li>\n<li>\u062f\u0644\u064a\u0644 \u0633\u0644\u0643 \u0627\u0644\u062a\u064a\u062a\u0627\u0646\u064a\u0648\u0645 \u0627\u0644\u0645\u0636\u0627\u062f \u0644\u0644\u0627\u0644\u062a\u0648\u0627\u0621<\/li>\n<li>\u0645\u062d\u0627\u0645\u0644 \u0643\u0631\u0648\u064a\u0629 \u0645\u0646 \u0627\u0644\u0641\u0648\u0644\u0627\u0630 \u0627\u0644\u0645\u0642\u0627\u0648\u0645 \u0644\u0644\u0635\u062f\u0623 \u0645\u062d\u0643\u0645\u0629 \u0627\u0644\u063a\u0644\u0642 \u0630\u0627\u062a \u0639\u0645\u0631 \u0637\u0648\u064a\u0644<\/li>\n<li>\u0645\u0643\u0627\u0641\u062d\u0629 \u0639\u0643\u0633\u064a\u0629 \u0644\u0627 \u0646\u0647\u0627\u064a\u0629 \u0644\u0647\u0627<\/li>\n<li>\u0644\u0641 \u063a\u064a\u0631 \u0645\u062a\u0642\u0627\u0637\u0639 (\u0639\u0645\u0648\u062f \u062f\u0648\u062f\u064a)<\/li>\n<li>\u0646\u0638\u0627\u0645 \u062a\u0630\u0628\u0630\u0628 \u0644\u0641\u0627\u0626\u0641 \u0639\u0645\u0648\u062f\u064a \u0628\u0637\u064a\u0621<\/li>\n<li>\u0643\u0631\u0646\u0643 \u0645\u0635\u0646\u0648\u0639 \u0645\u0646 \u0627\u0644\u0623\u0644\u0648\u0645\u0646\u064a\u0648\u0645 \u0645\u0639 \u0642\u0628\u0636\u0629 \u0645\u0637\u0627\u0637\u064a\u0629 \u0646\u0627\u0639\u0645\u0629 \u0645\u0631\u064a\u062d\u0629<\/li>\n<\/ul>","protected":false},"excerpt":{"rendered":"<p>Le CX est enti\u00e8rement fabriqu\u00e9 en carbone haut module, un mat\u00e9riau qui offre la m\u00eame rigidit\u00e9 que l&rsquo;aluminium \u00e0 50 % de son poids. Son rotor rend le processus de p\u00eache extr\u00eame encore plus facile et plus fluide. Particularit\u00e9s\u00a0:\u00a0 Corps et rotor en carbone Cx Axe principal en acier inoxydable \u00e0 section accrue Bobine en [&hellip;]<\/p>","protected":false},"featured_media":8316,"comment_status":"open","ping_status":"closed","template":"","meta":{"_uf_show_specific_survey":0,"_uf_disable_surveys":false},"product_brand":[],"product_cat":[164,228],"product_tag":[],"class_list":{"0":"post-8315","1":"product","2":"type-product","3":"status-publish","4":"has-post-thumbnail","6":"product_cat-peche","7":"product_cat-moulinets","9":"first","10":"outofstock","11":"shipping-taxable","12":"purchasable","13":"product-type-simple"},"aioseo_notices":[],"_links":{"self":[{"href":"https:\/\/dsmarinealgerie.com\/ar\/wp-json\/wp\/v2\/product\/8315","targetHints":{"allow":["GET"]}}],"collection":[{"href":"https:\/\/dsmarinealgerie.com\/ar\/wp-json\/wp\/v2\/product"}],"about":[{"href":"https:\/\/dsmarinealgerie.com\/ar\/wp-json\/wp\/v2\/types\/product"}],"replies":[{"embeddable":true,"href":"https:\/\/dsmarinealgerie.com\/ar\/wp-json\/wp\/v2\/comments?post=8315"}],"wp:featuredmedia":[{"embeddable":true,"href":"https:\/\/dsmarinealgerie.com\/ar\/wp-json\/wp\/v2\/media\/8316"}],"wp:attachment":[{"href":"https:\/\/dsmarinealgerie.com\/ar\/wp-json\/wp\/v2\/media?parent=8315"}],"wp:term":[{"taxonomy":"product_brand","embeddable":true,"href":"https:\/\/dsmarinealgerie.com\/ar\/wp-json\/wp\/v2\/product_brand?post=8315"},{"taxonomy":"product_cat","embeddable":true,"href":"https:\/\/dsmarinealgerie.com\/ar\/wp-json\/wp\/v2\/product_cat?post=8315"},{"taxonomy":"product_tag","embeddable":true,"href":"https:\/\/dsmarinealgerie.com\/ar\/wp-json\/wp\/v2\/product_tag?post=8315"}],"curies":[{"name":"wp","href":"https:\/\/api.w.org\/{rel}","templated":true}]}}