{"id":8355,"date":"2024-02-07T10:13:32","date_gmt":"2024-02-07T10:13:32","guid":{"rendered":"https:\/\/dsmarinealgerie.com\/?post_type=product&#038;p=8355"},"modified":"2024-02-07T10:13:33","modified_gmt":"2024-02-07T10:13:33","slug":"leurre-black-minnow-taille-3","status":"publish","type":"product","link":"https:\/\/dsmarinealgerie.com\/ar\/shop\/peche\/materiel-de-peche\/leurre-black-minnow-taille-3\/","title":{"rendered":"\u0637\u064f\u0639\u0645 \u0623\u0633\u0645\u0627\u0643 \u0627\u0644\u0645\u0646\u0648\u0629 \u0627\u0644\u0623\u0633\u0648\u062f \u0645\u0642\u0627\u0633 3"},"content":{"rendered":"<p>\u062c\u0633\u0645 \u0627\u0644\u0628\u0644\u0645\u0629 \u0627\u0644\u0633\u0648\u062f\u0627\u0621 \u0645\u0635\u0646\u0648\u0639 \u0645\u0646 \u0627\u0644\u0628\u0644\u0627\u0633\u062a\u064a\u0643 \u0641\u0627\u0626\u0642 \u0627\u0644\u0646\u0639\u0648\u0645\u0629.<\/p>\n<p>\u062a\u0631\u062a\u0628\u0637 \u0628\u0631\u0624\u0648\u0633 Fiiish jig \u0627\u0644\u0645\u0648\u062c\u0648\u062f\u0629 \u0639\u0644\u0649 \u0627\u0644\u0634\u0627\u0637\u0626 \u0648BM Shore\u060c \u0648\u0633\u0648\u0641 \u062a\u0647\u062a\u0632 \u0648\u062a\u0633\u0628\u062d \u0628\u0637\u0631\u064a\u0642\u0629 \u0637\u0628\u064a\u0639\u064a\u0629 \u062a\u0642\u0631\u064a\u0628\u064b\u0627.<\/p>\n<p>\u064a\u0645\u0646\u062d\u0647\u0627 \u0646\u0638\u0627\u0645 \u0627\u0644\u062e\u0637\u0627\u0641 \u0627\u0644\u0645\u0641\u0635\u0644\u064a \u0627\u0644\u0645\u0632\u064a\u062f \u0645\u0646 \u0627\u0644\u062d\u0631\u0643\u0629.<\/p>\n<p>\u062a\u0645 \u062d\u0641\u0631 \u0627\u0644\u062c\u0633\u0645 \u0645\u0633\u0628\u0642\u064b\u0627 \u0644\u0625\u062f\u062e\u0627\u0644 \u0627\u0644\u0645\u0634\u0628\u0643 \u0648\u0627\u0644\u062e\u0637\u0627\u0641 \u0627\u0644\u0645\u062d\u062f\u062f.<\/p>","protected":false},"excerpt":{"rendered":"<p>Le corps du Black Minnow est en plastique extra souple. Associ\u00e9 aux t\u00eates plomb\u00e9es off-shore et BM shore Fiiish , il vibrera et nagera d&rsquo;une fa\u00e7on presque naturelle. Son syst\u00e8me d&rsquo;hame\u00e7on articul\u00e9 lui donne encore plus de mobilit\u00e9. Le corps est pr\u00e9-perc\u00e9 pour l&rsquo;introduction de l&rsquo;agrafe et de l&rsquo;hame\u00e7on sp\u00e9cifique.<\/p>","protected":false},"featured_media":8356,"comment_status":"open","ping_status":"closed","template":"","meta":{"_uf_show_specific_survey":0,"_uf_disable_surveys":false},"product_brand":[],"product_cat":[164,227],"product_tag":[],"class_list":{"0":"post-8355","1":"product","2":"type-product","3":"status-publish","4":"has-post-thumbnail","6":"product_cat-peche","7":"product_cat-materiel-de-peche","9":"first","10":"instock","11":"shipping-taxable","12":"purchasable","13":"product-type-simple"},"aioseo_notices":[],"_links":{"self":[{"href":"https:\/\/dsmarinealgerie.com\/ar\/wp-json\/wp\/v2\/product\/8355","targetHints":{"allow":["GET"]}}],"collection":[{"href":"https:\/\/dsmarinealgerie.com\/ar\/wp-json\/wp\/v2\/product"}],"about":[{"href":"https:\/\/dsmarinealgerie.com\/ar\/wp-json\/wp\/v2\/types\/product"}],"replies":[{"embeddable":true,"href":"https:\/\/dsmarinealgerie.com\/ar\/wp-json\/wp\/v2\/comments?post=8355"}],"wp:featuredmedia":[{"embeddable":true,"href":"https:\/\/dsmarinealgerie.com\/ar\/wp-json\/wp\/v2\/media\/8356"}],"wp:attachment":[{"href":"https:\/\/dsmarinealgerie.com\/ar\/wp-json\/wp\/v2\/media?parent=8355"}],"wp:term":[{"taxonomy":"product_brand","embeddable":true,"href":"https:\/\/dsmarinealgerie.com\/ar\/wp-json\/wp\/v2\/product_brand?post=8355"},{"taxonomy":"product_cat","embeddable":true,"href":"https:\/\/dsmarinealgerie.com\/ar\/wp-json\/wp\/v2\/product_cat?post=8355"},{"taxonomy":"product_tag","embeddable":true,"href":"https:\/\/dsmarinealgerie.com\/ar\/wp-json\/wp\/v2\/product_tag?post=8355"}],"curies":[{"name":"wp","href":"https:\/\/api.w.org\/{rel}","templated":true}]}}