{"id":8359,"date":"2024-02-07T10:20:42","date_gmt":"2024-02-07T10:20:42","guid":{"rendered":"https:\/\/dsmarinealgerie.com\/?post_type=product&#038;p=8359"},"modified":"2024-02-07T10:27:22","modified_gmt":"2024-02-07T10:27:22","slug":"leurre-black-minnow-taille-4","status":"publish","type":"product","link":"https:\/\/dsmarinealgerie.com\/ar\/shop\/peche\/materiel-de-peche\/leurre-black-minnow-taille-4\/","title":{"rendered":"\u0637\u064f\u0639\u0645 \u0623\u0633\u0645\u0627\u0643 \u0627\u0644\u0645\u0646\u0648\u0629 \u0627\u0644\u0623\u0633\u0648\u062f \u0645\u0642\u0627\u0633 4"},"content":{"rendered":"<p>\u0627\u0644\u0625\u063a\u0631\u0627\u0621 \u0627\u0644\u0639\u0627\u0644\u0645\u064a \u0627\u0644\u0630\u064a \u0623\u062b\u0628\u062a \u0646\u0641\u0633\u0647 \u0641\u064a \u0627\u0644\u0645\u062d\u064a\u0637 \u0627\u0644\u0623\u0637\u0644\u0633\u064a \u0648\u0627\u0644\u0628\u062d\u0631 \u0627\u0644\u0623\u0628\u064a\u0636 \u0627\u0644\u0645\u062a\u0648\u0633\u0637 \u0648\u0641\u064a \u0627\u0644\u0645\u064a\u0627\u0647 \u0627\u0644\u0639\u0630\u0628\u0629!<\/p>\n<p>\u0635\u0646\u062f\u0648\u0642 \u0645\u0646 3 \u062c\u062b\u062b.<br \/>\n\u0623\u062c\u0633\u0627\u0645 \u0641\u0627\u0626\u0642\u0629 \u0627\u0644\u0646\u0639\u0648\u0645\u0629 \u0644\u0644\u0633\u0628\u0627\u062d\u0629 \u0627\u0644\u0648\u0627\u0642\u0639\u064a\u0629 \u0644\u0644\u063a\u0627\u064a\u0629.<br \/>\n\u0648\u0632\u0646 \u0627\u0644\u062c\u0633\u0645: \u062d\u0648\u0627\u0644\u064a 15 \u062c\u0631\u0627\u0645<br \/>\n\u0627\u0644\u0623\u0646\u0648\u0627\u0639 \u0627\u0644\u0645\u0633\u062a\u0647\u062f\u0641\u0629: \u0627\u0644\u062d\u064a\u0648\u0627\u0646\u0627\u062a \u0627\u0644\u0645\u0641\u062a\u0631\u0633\u0629 \u0641\u064a \u0627\u0644\u0645\u064a\u0627\u0647 \u0627\u0644\u0639\u0630\u0628\u0629 \u0648\u0627\u0644\u0628\u062d\u0631<\/p>","protected":false},"excerpt":{"rendered":"<p>Le leurre universel qui a fait ses preuves en atlantique, en m\u00e9diterran\u00e9e et en eau douce ! Bo\u00eete de 3 corps. Corps extra souples pour une nage ultra r\u00e9aliste. Poids d&rsquo;un corps : environ 15g Esp\u00e8ces cibl\u00e9es : Pr\u00e9dateurs eau douce et mer<\/p>","protected":false},"featured_media":8360,"comment_status":"open","ping_status":"closed","template":"","meta":{"_uf_show_specific_survey":0,"_uf_disable_surveys":false},"product_brand":[],"product_cat":[164,227],"product_tag":[],"class_list":{"0":"post-8359","1":"product","2":"type-product","3":"status-publish","4":"has-post-thumbnail","6":"product_cat-peche","7":"product_cat-materiel-de-peche","9":"first","10":"instock","11":"shipping-taxable","12":"purchasable","13":"product-type-variable"},"aioseo_notices":[],"_links":{"self":[{"href":"https:\/\/dsmarinealgerie.com\/ar\/wp-json\/wp\/v2\/product\/8359","targetHints":{"allow":["GET"]}}],"collection":[{"href":"https:\/\/dsmarinealgerie.com\/ar\/wp-json\/wp\/v2\/product"}],"about":[{"href":"https:\/\/dsmarinealgerie.com\/ar\/wp-json\/wp\/v2\/types\/product"}],"replies":[{"embeddable":true,"href":"https:\/\/dsmarinealgerie.com\/ar\/wp-json\/wp\/v2\/comments?post=8359"}],"wp:featuredmedia":[{"embeddable":true,"href":"https:\/\/dsmarinealgerie.com\/ar\/wp-json\/wp\/v2\/media\/8360"}],"wp:attachment":[{"href":"https:\/\/dsmarinealgerie.com\/ar\/wp-json\/wp\/v2\/media?parent=8359"}],"wp:term":[{"taxonomy":"product_brand","embeddable":true,"href":"https:\/\/dsmarinealgerie.com\/ar\/wp-json\/wp\/v2\/product_brand?post=8359"},{"taxonomy":"product_cat","embeddable":true,"href":"https:\/\/dsmarinealgerie.com\/ar\/wp-json\/wp\/v2\/product_cat?post=8359"},{"taxonomy":"product_tag","embeddable":true,"href":"https:\/\/dsmarinealgerie.com\/ar\/wp-json\/wp\/v2\/product_tag?post=8359"}],"curies":[{"name":"wp","href":"https:\/\/api.w.org\/{rel}","templated":true}]}}