{"id":8366,"date":"2024-02-07T10:46:51","date_gmt":"2024-02-07T10:46:51","guid":{"rendered":"https:\/\/dsmarinealgerie.com\/?post_type=product&#038;p=8366"},"modified":"2024-02-07T10:47:43","modified_gmt":"2024-02-07T10:47:43","slug":"leurre-souple-fiiish-mud-digger-90-par-3","status":"publish","type":"product","link":"https:\/\/dsmarinealgerie.com\/ar\/shop\/peche\/materiel-de-peche\/leurre-souple-fiiish-mud-digger-90-par-3\/","title":{"rendered":"\u0637\u064f\u0639\u0645 \u0646\u0627\u0639\u0645 \u0645\u0646 Fiiish Mud Digger 90 - \u0639\u0628\u0648\u0629 \u0645\u0646 3 \u0642\u0637\u0639"},"content":{"rendered":"<p><strong>\u0627\u0644\u062a\u0646\u0642\u0644 \u0645\u0646 \u0625\u063a\u0631\u0627\u0621:<\/strong><br \/>\n\u062a\u0639\u0645\u0644 \u0627\u0644\u0641\u062a\u062d\u0629 \u0639\u0646\u062f \u0645\u062e\u0631\u062c \u0627\u0644\u062e\u0637\u0627\u0641 \u0639\u0644\u0649 \u0632\u064a\u0627\u062f\u0629 \u0645\u0631\u0648\u0646\u0629 \u0648\u0627\u0633\u062a\u062c\u0627\u0628\u0629 \u0627\u0644\u0625\u063a\u0631\u0627\u0621 \u0644\u062d\u0631\u0643\u0627\u062a \u0627\u0644\u0642\u0636\u064a\u0628.<br \/>\n<strong>\u062a\u062c\u0645\u064a\u0639 \u0623\u0633\u0647\u0644:<\/strong><br \/>\n\u0627\u0644\u0641\u062a\u062d\u0629 \u0628\u0645\u062b\u0627\u0628\u0629 \u0645\u0631\u062c\u0639 \u0644\u0648\u0636\u0639 \u0627\u0644\u062e\u0637\u0627\u0641 \u062f\u0648\u0646 \u0635\u0639\u0648\u0628\u0629. \u0645\u0627 \u0639\u0644\u064a\u0643 \u0633\u0648\u0649 \u0627\u0644\u063a\u0648\u0635 \u0645\u0628\u0627\u0634\u0631\u0629 \u0641\u064a \u0645\u062d\u0648\u0631 \u0627\u0644\u0637\u0639\u0645.<br \/>\n<strong>\u0625\u063a\u0631\u0627\u0621 \u0623\u0642\u0648\u0649:<\/strong><br \/>\n\u064a\u062a\u062c\u0646\u0628 \u0647\u0630\u0627 \u0627\u0644\u0645\u0641\u0647\u0648\u0645 \u0625\u0644\u0649 \u062d\u062f \u0643\u0628\u064a\u0631 \u062a\u0645\u0632\u064a\u0642 \u0627\u0644\u062c\u0633\u0645 \u0623\u062b\u0646\u0627\u0621 \u0627\u0644\u0642\u062a\u0627\u0644.<br \/>\n\u064a\u062d\u062a\u0648\u064a \u0647\u0630\u0627 \u0627\u0644\u0637\u0639\u0645 \u0639\u0644\u0649 \u0645\u062c\u062f\u0627\u0641 \u0639\u0643\u0633\u064a \u064a\u0646\u0634\u0637 \u0628\u0633\u0631\u0639\u0629 \u0643\u0628\u064a\u0631\u0629. \u064a\u0648\u0641\u0631 \u0627\u0644\u062c\u0633\u0645 \u0627\u0644\u0645\u062f\u0628\u0628 \u0648\u0627\u0644\u0632\u0639\u0646\u0641\u0629 \u0627\u0644\u0639\u0644\u0648\u064a\u0629 \u0627\u0644\u0635\u063a\u064a\u0631\u0629 \u0633\u0628\u0627\u062d\u0629 \u0637\u0628\u064a\u0639\u064a\u0629 \u0641\u0627\u0626\u0642\u0629 \u0627\u0644\u0627\u0633\u062a\u062c\u0627\u0628\u0629. \u0625\u0646\u0647\u0627 \u062a\u0646\u0637\u0644\u0642 \u0625\u0644\u0649 \u0627\u0644\u0639\u0645\u0644 \u0639\u0646\u062f \u0623\u062f\u0646\u0649 \u0637\u0644\u0628\u060c \u0645\u0645\u0627 \u064a\u062c\u0639\u0644\u0647\u0627 \u0645\u0641\u0639\u0645\u0629 \u0628\u0627\u0644\u062d\u064a\u0648\u064a\u0629 \u0648\u062c\u0630\u0627\u0628\u0629 \u0644\u0644\u063a\u0627\u064a\u0629!<br \/>\n<strong>\u062d\u0631\u0643\u0629 \u0631\u0627\u0626\u0639\u0629 \u0641\u064a \u0627\u0644\u0637\u0631\u064a\u0642 \u0625\u0644\u0649 \u0627\u0644\u0623\u0633\u0641\u0644:<\/strong><br \/>\n\u062a\u0643\u0645\u0646 \u0643\u0641\u0627\u0621\u062a\u0647\u0627 \u0627\u0644\u0645\u0630\u0647\u0644\u0629 \u0641\u064a \u0639\u0645\u0644\u0647\u0627 \u0639\u0646\u062f \u0627\u0644\u0647\u0628\u0648\u0637! \u063a\u0627\u0644\u0628\u064b\u0627 \u0645\u0627 \u062a\u0647\u0627\u062c\u0645 \u0627\u0644\u0623\u0633\u0645\u0627\u0643 \u062e\u0644\u0627\u0644 \u0647\u0630\u0647 \u0627\u0644\u0645\u0631\u062d\u0644\u0629 \u0627\u0644\u062d\u0627\u0633\u0645\u0629! \u0627\u0646\u062a\u0628\u0647\u060c \u0647\u0630\u0627 \u0627\u0644\u0645\u0641\u0647\u0648\u0645 \u0633\u064a\u062d\u062f\u062b \u0627\u0644\u0641\u0631\u0642!<\/p>\n<p>\u0627\u0644\u062d\u062c\u0645: 5 \u062c\u0631\u0627\u0645\u060c 10 \u062c\u0631\u0627\u0645\u060c 15 \u062c\u0631\u0627\u0645<\/p>","protected":false},"excerpt":{"rendered":"<p>Mobilit\u00e9 du leurre : L\u2019ouverture au niveau de la sortie de l\u2019hame\u00e7on augmente la souplesse et la r\u00e9activit\u00e9 du leurres aux actions de canne. Montage plus facile : L\u2019ouverture sert de rep\u00e8re pour positionner l\u2019hame\u00e7on sans difficult\u00e9. Il suffit de piquer droit dans l\u2019axe du leurre. Un leurre plus solide : Ce concept \u00e9vite consid\u00e9rablement [&hellip;]<\/p>","protected":false},"featured_media":8368,"comment_status":"open","ping_status":"closed","template":"","meta":{"_uf_show_specific_survey":0,"_uf_disable_surveys":false},"product_brand":[],"product_cat":[164,227],"product_tag":[],"class_list":{"0":"post-8366","1":"product","2":"type-product","3":"status-publish","4":"has-post-thumbnail","6":"product_cat-peche","7":"product_cat-materiel-de-peche","9":"first","10":"instock","11":"shipping-taxable","12":"purchasable","13":"product-type-variable"},"aioseo_notices":[],"_links":{"self":[{"href":"https:\/\/dsmarinealgerie.com\/ar\/wp-json\/wp\/v2\/product\/8366","targetHints":{"allow":["GET"]}}],"collection":[{"href":"https:\/\/dsmarinealgerie.com\/ar\/wp-json\/wp\/v2\/product"}],"about":[{"href":"https:\/\/dsmarinealgerie.com\/ar\/wp-json\/wp\/v2\/types\/product"}],"replies":[{"embeddable":true,"href":"https:\/\/dsmarinealgerie.com\/ar\/wp-json\/wp\/v2\/comments?post=8366"}],"wp:featuredmedia":[{"embeddable":true,"href":"https:\/\/dsmarinealgerie.com\/ar\/wp-json\/wp\/v2\/media\/8368"}],"wp:attachment":[{"href":"https:\/\/dsmarinealgerie.com\/ar\/wp-json\/wp\/v2\/media?parent=8366"}],"wp:term":[{"taxonomy":"product_brand","embeddable":true,"href":"https:\/\/dsmarinealgerie.com\/ar\/wp-json\/wp\/v2\/product_brand?post=8366"},{"taxonomy":"product_cat","embeddable":true,"href":"https:\/\/dsmarinealgerie.com\/ar\/wp-json\/wp\/v2\/product_cat?post=8366"},{"taxonomy":"product_tag","embeddable":true,"href":"https:\/\/dsmarinealgerie.com\/ar\/wp-json\/wp\/v2\/product_tag?post=8366"}],"curies":[{"name":"wp","href":"https:\/\/api.w.org\/{rel}","templated":true}]}}