{"id":8372,"date":"2024-02-13T08:47:27","date_gmt":"2024-02-13T08:47:27","guid":{"rendered":"https:\/\/dsmarinealgerie.com\/?post_type=product&#038;p=8372"},"modified":"2025-11-13T09:30:32","modified_gmt":"2025-11-13T09:30:32","slug":"moulinet-shimano-seinna-2000-fg","status":"publish","type":"product","link":"https:\/\/dsmarinealgerie.com\/ar\/shop\/peche\/moulinets\/moulinet-shimano-seinna-2000-fg\/","title":{"rendered":"\u0628\u0643\u0631\u0629 \u0634\u064a\u0645\u0627\u0646\u0648 \u0633\u064a\u0646\u0627 2000 FG"},"content":{"rendered":"<div class=\"SC_DealDescription-block\">\n<div class=\"SC_DealDescription-description\">\n<div class=\"SC_Description\">\n<p>- \u062c\u0633\u0645 XT-7 \u0645\u062a\u064a\u0646<br \/>\n\u2013 \u0628\u0643\u0631\u0629 \u0627\u0644\u0623\u0644\u0648\u0645\u0646\u064a\u0648\u0645<br \/>\n\u2013 \u0628\u0643\u0631\u0629 \u0645\u062a\u0648\u0627\u0632\u0646\u0629 \u062a\u0645\u0627\u0645\u0627<br \/>\n- \u0633\u062f\u0627\u062f\u0629 \u0641\u0627\u0626\u0642\u0629 \u0645\u0636\u0627\u062f\u0629 \u0644\u0644\u0625\u0631\u062c\u0627\u0639<\/p>\n<\/div>\n<\/div>\n<\/div>\n<div class=\"SC_DealDescription-block\">\n<h2 class=\"Text-alt Text--altBold Text--base SpaceBottomSm\" data-scroll-to=\"description\">\u0648\u0635\u0641<\/h2>\n<div id=\"deal-description\" class=\"SC_DealDescription-description\">\n<div class=\"SC_Description\">\n<div class=\"SC_Description-content isRevealed\" data-content=\"\">\n<p>\u0625\u0646 Shimano Sienna \u0639\u0628\u0627\u0631\u0629 \u0639\u0646 \u0628\u0643\u0631\u0629 \u0642\u0648\u064a\u0629 \u0648\u0645\u062a\u0648\u0627\u0632\u0646\u0629 \u0648\u0628\u0633\u0639\u0631 \u0641\u064a \u0627\u0644\u0645\u062a\u0646\u0627\u0648\u0644 \u0628\u0634\u0643\u0644 \u0644\u0627 \u064a\u0635\u062f\u0642. \u062a\u0645 \u062a\u062c\u0647\u064a\u0632 Sienna \u0628\u0646\u0638\u0627\u0645 \u0625\u062f\u0627\u0631\u0629 \u062e\u0637 \u0627\u0644\u062f\u0641\u0639 \u0644\u0644\u0642\u0648\u0627\u0644\u0628 \u0627\u0644\u0623\u0637\u0648\u0644 \u0648\u064a\u0633\u062a\u062e\u062f\u0645 Super Stopper II \u0644\u0645\u0642\u0627\u0648\u0645\u0629 \u0627\u0644\u062a\u0631\u062c\u064a\u0639 \u0627\u0644\u0645\u0628\u0627\u0634\u0631 \u062f\u0648\u0646 \u0627\u0644\u062a\u0631\u062c\u064a\u0639. \u0628\u0627\u0644\u0625\u0636\u0627\u0641\u0629 \u0625\u0644\u0649 \u0630\u0644\u0643\u060c \u062a\u062d\u062a\u0648\u064a \u0647\u0630\u0647 \u0627\u0644\u0628\u0643\u0631\u0629 \u0639\u0644\u0649 \u062a\u0631\u0648\u0633 \u0634\u064a\u0645\u0627\u0646\u0648 \u0642\u0648\u064a\u0629 \u0648\u0646\u0627\u0639\u0645\u0629\u060c \u0648\u0628\u0643\u0631\u0629 \u0623\u0644\u0648\u0645\u0646\u064a\u0648\u0645\u060c \u0648\u062c\u0633\u0645 XT-7 \u0635\u0644\u0628. \u062a\u062a\u0648\u0641\u0631 \u0633\u064a\u064a\u0646\u0627 \u0641\u064a \u0646\u0645\u0627\u0630\u062c \u0645\u062e\u062a\u0644\u0641\u0629 \u0648\u0647\u064a \u0645\u0646\u0627\u0633\u0628\u0629 \u0644\u0644\u0639\u062f\u064a\u062f \u0645\u0646 \u0623\u0646\u0648\u0627\u0639 \u0627\u0644\u0635\u064a\u062f\u060c \u0633\u0648\u0627\u0621 \u0641\u064a \u0627\u0644\u0645\u064a\u0627\u0647 \u0627\u0644\u0639\u0630\u0628\u0629 \u0623\u0648 \u0627\u0644\u0645\u064a\u0627\u0647 \u0627\u0644\u0645\u0627\u0644\u062d\u0629.<\/p>\n<p><ins><strong>\u0634\u064a\u0645\u0627\u0646\u0648 \u0633\u064a\u064a\u0646\u0627 2000 \u0627\u0641 \u062c\u064a<\/strong><\/ins><\/p>\n<ul>\n<li><em><strong>\u0627\u0644\u0648\u0632\u0646: 250 \u062c\u0631\u0627\u0645<\/strong><\/em><\/li>\n<li><em><strong>\u0627\u0644\u0646\u0633\u0628\u0629: 5.0:1<\/strong><\/em><\/li>\n<li><em><strong>\u0627\u0644\u0641\u0631\u0627\u0645\u0644: 4 \u0643\u062c\u0645<\/strong><\/em><\/li>\n<li><strong><em>\u0645\u062d\u0627\u0645\u0644 \u0643\u0631\u0648\u064a\u0629: 3+1<\/em><\/strong><\/li>\n<li><strong><em>\u0627\u0644\u0633\u0639\u0629: 195 \u0645\/0.20 \u0645\u0645<\/em><\/strong><\/li>\n<li><strong>\u062c\u0633\u0645 \u0635\u0644\u0628 XT-7<\/strong><\/li>\n<li><strong>\u0628\u0643\u0631\u0629 \u0627\u0644\u0623\u0644\u0648\u0645\u0646\u064a\u0648\u0645<\/strong><\/li>\n<li><strong>\u0628\u0643\u0631\u0629 \u0645\u062a\u0648\u0627\u0632\u0646\u0629 \u062a\u0645\u0627\u0645\u0627<\/strong><\/li>\n<li><strong>\u0633\u062f\u0627\u062f\u0629 \u0641\u0627\u0626\u0642\u0629 \u0645\u0636\u0627\u062f\u0629 \u0644\u0644\u0625\u0631\u062c\u0627\u0639<\/strong><\/li>\n<\/ul>\n<\/div>\n<\/div>\n<\/div>\n<\/div>","protected":false},"excerpt":{"rendered":"<p>&#8211; Corps XT-7 solide &#8211; Bobine en aluminium &#8211; Moulinet parfaitement \u00e9quilibr\u00e9 &#8211; Anti-retour Super Stopper Description Le Shimano Sienna est un moulinet puissant et bien \u00e9quilibr\u00e9 \u00e0 un prix incroyablement abordable. Le Sienna est \u00e9quip\u00e9 du syst\u00e8me Propulsion Line Management pour les lancers plus longs et utilise le Super Stopper II pour l\u2019anti-retour direct [&hellip;]<\/p>","protected":false},"featured_media":8373,"comment_status":"open","ping_status":"closed","template":"","meta":{"_uf_show_specific_survey":0,"_uf_disable_surveys":false},"product_brand":[],"product_cat":[164,228],"product_tag":[],"class_list":{"0":"post-8372","1":"product","2":"type-product","3":"status-publish","4":"has-post-thumbnail","6":"product_cat-peche","7":"product_cat-moulinets","9":"first","10":"instock","11":"shipping-taxable","12":"purchasable","13":"product-type-simple"},"aioseo_notices":[],"_links":{"self":[{"href":"https:\/\/dsmarinealgerie.com\/ar\/wp-json\/wp\/v2\/product\/8372","targetHints":{"allow":["GET"]}}],"collection":[{"href":"https:\/\/dsmarinealgerie.com\/ar\/wp-json\/wp\/v2\/product"}],"about":[{"href":"https:\/\/dsmarinealgerie.com\/ar\/wp-json\/wp\/v2\/types\/product"}],"replies":[{"embeddable":true,"href":"https:\/\/dsmarinealgerie.com\/ar\/wp-json\/wp\/v2\/comments?post=8372"}],"wp:featuredmedia":[{"embeddable":true,"href":"https:\/\/dsmarinealgerie.com\/ar\/wp-json\/wp\/v2\/media\/8373"}],"wp:attachment":[{"href":"https:\/\/dsmarinealgerie.com\/ar\/wp-json\/wp\/v2\/media?parent=8372"}],"wp:term":[{"taxonomy":"product_brand","embeddable":true,"href":"https:\/\/dsmarinealgerie.com\/ar\/wp-json\/wp\/v2\/product_brand?post=8372"},{"taxonomy":"product_cat","embeddable":true,"href":"https:\/\/dsmarinealgerie.com\/ar\/wp-json\/wp\/v2\/product_cat?post=8372"},{"taxonomy":"product_tag","embeddable":true,"href":"https:\/\/dsmarinealgerie.com\/ar\/wp-json\/wp\/v2\/product_tag?post=8372"}],"curies":[{"name":"wp","href":"https:\/\/api.w.org\/{rel}","templated":true}]}}