{"id":8390,"date":"2024-02-13T13:24:29","date_gmt":"2024-02-13T13:24:29","guid":{"rendered":"https:\/\/dsmarinealgerie.com\/?post_type=product&#038;p=8390"},"modified":"2025-11-13T10:31:32","modified_gmt":"2025-11-13T10:31:32","slug":"moulinet-daiwa-exceler-lt-3000cxh","status":"publish","type":"product","link":"https:\/\/dsmarinealgerie.com\/ar\/shop\/peche\/moulinets\/moulinet-daiwa-exceler-lt-3000cxh\/","title":{"rendered":"\u0628\u0643\u0631\u0629 \u062f\u0627\u064a\u0648\u0627 \u0625\u0643\u0633\u064a\u0644\u0631 LT 3000CXH"},"content":{"rendered":"<p class=\"product-description vtmn-text-base vtmn-mt-2\">\u0635\u064f\u0645\u0645\u062a \u0647\u0630\u0647 \u0627\u0644\u0628\u0643\u0631\u0629 \u0644\u062a\u0633\u0645\u062d \u0644\u0643 \u0628\u0627\u0644\u0635\u064a\u062f \u0628\u0627\u0633\u062a\u062e\u062f\u0627\u0645 \u0637\u064f\u0639\u0645 \u0644\u0644\u062d\u064a\u0648\u0627\u0646\u0627\u062a \u0627\u0644\u0645\u0641\u062a\u0631\u0633\u0629\u060c \u0648\u0633\u062a\u0636\u0645\u0646 \u0644\u0643 \u0631\u0627\u062d\u0629 \u0643\u0628\u064a\u0631\u0629 \u0641\u064a \u0627\u0644\u0627\u0633\u062a\u062e\u062f\u0627\u0645 \u0628\u0641\u0636\u0644 \u0645\u0643\u0648\u0646 \u0627\u0644\u0643\u0631\u0628\u0648\u0646 \u0627\u0644\u0630\u064a \u064a\u0642\u0644\u0644 \u0645\u0646 \u0648\u0632\u0646\u0647\u0627. \u0642\u0648\u064a\u0629 \u0648\u0642\u0648\u064a\u0629\u060c \u0648\u062a\u0633\u062a\u0641\u064a\u062f \u0645\u0646 \u0641\u0631\u0627\u0645\u0644 &quot;ATD&quot; \u0648\u0643\u0631\u0646\u0643 \u0645\u0646 \u0642\u0637\u0639\u0629 \u0648\u0627\u062d\u062f\u0629 \u063a\u064a\u0631 \u0642\u0627\u0628\u0644 \u0644\u0644\u0641\u0643.<\/p>\n<h3 class=\"vtmn-typo_title-5 vtmn-mt-0 svelte-wahzr3\">\u062e\u0635\u0627\u0626\u0635 \u062a\u0642\u0646\u064a\u0629<\/h3>\n<p class=\"vtmn-m-0 vtmn-break-words\">- \u062a\u064a \u0625\u0645 \u0641\u064a: 93 \u0633\u0645<br \/>\n- \u0627\u0644\u0648\u0632\u0646 : 210 \u062c\u0631\u0627\u0645<br \/>\n\u2013 \u0642\u0648\u0629 \u0627\u0644\u0641\u0631\u0627\u0645\u0644 : 10 \u0643\u062c\u0645<br \/>\n- \u0627\u0644\u0646\u0633\u0628\u0629: 6.2:1<br \/>\n\u2013 \u0627\u0644\u0645\u062d\u0627\u0645\u0644: 5+1<br \/>\n\u2013 \u0627\u0644\u0645\u0644\u0641: \u201cAir spool\u201d \u0645\u0646 \u0627\u0644\u0623\u0644\u0648\u0645\u0646\u064a\u0648\u0645<br \/>\n\u2013 \u0627\u0644\u0625\u0637\u0627\u0631: \u0643\u0631\u0628\u0648\u0646 \u201c\u0632\u0627\u064a\u0648\u0646 V\u201d<br \/>\n\u2013 \u0627\u0644\u062f\u0648\u0627\u0631: \u0643\u0631\u0628\u0648\u0646 \u201c\u0632\u0627\u064a\u0648\u0646 V\u201d<\/p>","protected":false},"excerpt":{"rendered":"<p>Con\u00e7u pour vous permettre de p\u00eacher aux leurres les carnassiers, ce moulinet vous garantira un grand confort d&rsquo;utilisation gr\u00e2ce \u00e0 son composant carbone diminuant son poids. Robuste et puissant, Il b\u00e9n\u00e9ficie du frein \u00ab\u00a0ATD\u00a0\u00bb et d&rsquo;une manivelle monobloc d\u00e9vissable. CARACTERISTIQUES TECHNIQUES &#8211; TMV: 93cm &#8211; Poids: 210g &#8211; Puissance de frein: 10Kg &#8211; Ratio: 6.2:1 [&hellip;]<\/p>","protected":false},"featured_media":8391,"comment_status":"open","ping_status":"closed","template":"","meta":{"_uf_show_specific_survey":0,"_uf_disable_surveys":false},"product_brand":[],"product_cat":[164,228],"product_tag":[],"class_list":{"0":"post-8390","1":"product","2":"type-product","3":"status-publish","4":"has-post-thumbnail","6":"product_cat-peche","7":"product_cat-moulinets","9":"first","10":"outofstock","11":"shipping-taxable","12":"purchasable","13":"product-type-simple"},"aioseo_notices":[],"_links":{"self":[{"href":"https:\/\/dsmarinealgerie.com\/ar\/wp-json\/wp\/v2\/product\/8390","targetHints":{"allow":["GET"]}}],"collection":[{"href":"https:\/\/dsmarinealgerie.com\/ar\/wp-json\/wp\/v2\/product"}],"about":[{"href":"https:\/\/dsmarinealgerie.com\/ar\/wp-json\/wp\/v2\/types\/product"}],"replies":[{"embeddable":true,"href":"https:\/\/dsmarinealgerie.com\/ar\/wp-json\/wp\/v2\/comments?post=8390"}],"wp:featuredmedia":[{"embeddable":true,"href":"https:\/\/dsmarinealgerie.com\/ar\/wp-json\/wp\/v2\/media\/8391"}],"wp:attachment":[{"href":"https:\/\/dsmarinealgerie.com\/ar\/wp-json\/wp\/v2\/media?parent=8390"}],"wp:term":[{"taxonomy":"product_brand","embeddable":true,"href":"https:\/\/dsmarinealgerie.com\/ar\/wp-json\/wp\/v2\/product_brand?post=8390"},{"taxonomy":"product_cat","embeddable":true,"href":"https:\/\/dsmarinealgerie.com\/ar\/wp-json\/wp\/v2\/product_cat?post=8390"},{"taxonomy":"product_tag","embeddable":true,"href":"https:\/\/dsmarinealgerie.com\/ar\/wp-json\/wp\/v2\/product_tag?post=8390"}],"curies":[{"name":"wp","href":"https:\/\/api.w.org\/{rel}","templated":true}]}}