{"id":8396,"date":"2024-02-13T14:32:07","date_gmt":"2024-02-13T14:32:07","guid":{"rendered":"https:\/\/dsmarinealgerie.com\/?post_type=product&#038;p=8396"},"modified":"2025-11-13T10:31:45","modified_gmt":"2025-11-13T10:31:45","slug":"moulinet-daiwa-crossfire-lt-2500-xh","status":"publish","type":"product","link":"https:\/\/dsmarinealgerie.com\/ar\/shop\/peche\/moulinets\/moulinet-daiwa-crossfire-lt-2500-xh\/","title":{"rendered":"\u0628\u0643\u0631\u0629 \u062f\u0627\u064a\u0648\u0627 \u0643\u0631\u0648\u0633 \u0641\u0627\u064a\u0631 LT 2500 XH"},"content":{"rendered":"<div class=\"product-desc\">\n<div class=\"product-detail product-wrapper\" data-pid=\"155761-1\" data-gtm-product-details-print=\"\">\n<div class=\"product-specs-tab-wrapper\">\n<div class=\"specs-tabs-body-wrapper\">\n<div id=\"product-description\" class=\"product-description specs-tab-body tab-description\">\n<div class=\"description-and-detail collapsible-sm\">\n<div class=\"row description content\">\n<div class=\"col-12 value content\">\n<div class=\"product-desc\">\n<p>\u062a\u0639\u062f Crossfire LT \u0647\u064a \u0628\u0643\u0631\u0629 LT \u0627\u0644\u0623\u0643\u062b\u0631 \u0633\u0647\u0648\u0644\u0629 \u0641\u064a \u0627\u0644\u0648\u0635\u0648\u0644 \u0625\u0644\u064a\u0647\u0627 \u0641\u064a \u0641\u0626\u062a\u0647\u0627 \u0645\u0639 \u0646\u0633\u0628\u0629 \u0623\u062f\u0627\u0621 \u0648\u0633\u0639\u0631 \u0644\u0627 \u062a\u0642\u0628\u0644 \u0627\u0644\u0645\u0646\u0627\u0641\u0633\u0629. \u0645\u062c\u0647\u0632\u0629 \u0628\u0625\u0637\u0627\u0631 Concept LT\u060c \u0641\u0647\u064a \u062a\u0633\u0645\u062d \u0644\u0643 \u0628\u0627\u0644\u062a\u0639\u0627\u0645\u0644 \u0645\u0639 \u0627\u0644\u0635\u064a\u062f \u0628\u0627\u0633\u062a\u062e\u062f\u0627\u0645 \u0628\u0643\u0631\u0629 DS4 \u062e\u0641\u064a\u0641\u0629 \u0627\u0644\u0648\u0632\u0646 \u0645\u0646 \u0627\u0644\u0628\u0648\u0644\u064a \u0643\u0631\u0628\u0648\u0646\u0627\u062a.<\/p>\n<\/div>\n<\/div>\n<\/div>\n<div class=\"row details content\">\n<div class=\"col-12\">\n<div class=\"longdesc content\" data-more=\"Voir plus\" data-less=\"Voir moins\">\n<div class=\"value\">\n<p><strong>\u0633\u0645\u0627\u062a :<\/strong><\/p>\n<ul>\n<li>\u0641\u0631\u0627\u0645\u0644 \u0628\u062a\u0642\u0646\u064a\u0629 ATD\u060c \u0632\u0631 \u0641\u0631\u0627\u0645\u0644 \u0628\u0627\u0644\u062d\u062c\u0645 \u0627\u0644\u0643\u0627\u0645\u0644<\/li>\n<li>\u0627\u0644\u0645\u062d\u0627\u0645\u0644: 1 + 1<\/li>\n<li>\u0625\u0637\u0627\u0631 \u0648\u062f\u0648\u0627\u0631 \u0645\u0646 \u0627\u0644\u0628\u0648\u0644\u064a \u0643\u0631\u0628\u0648\u0646\u0627\u062a DS4<\/li>\n<li>\u0645\u0644\u0641 \u0628\u0643\u0631\u0629 \u0627\u0644\u0647\u0648\u0627\u0621 \u0645\u0646 \u0627\u0644\u0623\u0644\u0648\u0645\u0646\u064a\u0648\u0645<\/li>\n<li>\u0644\u0641 \u0628\u0648\u0627\u0633\u0637\u0629 \u0627\u0644\u0645\u0646\u0639\u0637\u0641\u0627\u062a \u0627\u0644\u0645\u062a\u0642\u0627\u0637\u0639\u0629<\/li>\n<li>\u0643\u0631\u0646\u0643 \u0627\u0644\u0623\u0644\u0648\u0645\u0646\u064a\u0648\u0645<\/li>\n<\/ul>\n<\/div>\n<\/div>\n<\/div>\n<\/div>\n<\/div>\n<\/div>\n<div class=\"product-characteristics specs-tab-body tab-specification collapsible-sm\">\n<div class=\"characteristics content\">\n<div class=\"row\"><\/div>\n<\/div>\n<\/div>\n<\/div>\n<\/div>\n<div>\n<div class=\"container\">\n<div class=\"recommendations\">\n<div id=\"cq_recomm_slot-e84d98ae0f56f6690bcb8d299a\"><\/div>\n<\/div>\n<\/div>\n<\/div>\n<div>\n<div class=\"container\">\n<div class=\"last-viewed\">\n<div id=\"cq_recomm_slot-d17bcc649ba9cac0101fdc0d18\"><\/div>\n<\/div>\n<\/div>\n<\/div>\n<\/div>\n<div class=\"pdp-reassurance-footer\">\n<div class=\"content-asset\"><\/div>\n<\/div>\n<\/div>","protected":false},"excerpt":{"rendered":"<p>Le Crossfire LT est le moulinet LT le plus accessible de sa cat\u00e9gorie avec rapport performances-prix imbattable. Dot\u00e9 du b\u00e2ti du Concept LT, il permet d&rsquo;aborder la p\u00eache avec un moulinet l\u00e9ger en polycarbonate DS4. Caract\u00e9ristiques : Frein \u00e0 technologie ATD, bouton de frein plein format Roulements : 1 + 1 B\u00e2ti et rotor en [&hellip;]<\/p>","protected":false},"featured_media":7844,"comment_status":"open","ping_status":"closed","template":"","meta":{"_uf_show_specific_survey":0,"_uf_disable_surveys":false},"product_brand":[],"product_cat":[164,228],"product_tag":[],"class_list":{"0":"post-8396","1":"product","2":"type-product","3":"status-publish","4":"has-post-thumbnail","6":"product_cat-peche","7":"product_cat-moulinets","9":"first","10":"instock","11":"shipping-taxable","12":"purchasable","13":"product-type-simple"},"aioseo_notices":[],"_links":{"self":[{"href":"https:\/\/dsmarinealgerie.com\/ar\/wp-json\/wp\/v2\/product\/8396","targetHints":{"allow":["GET"]}}],"collection":[{"href":"https:\/\/dsmarinealgerie.com\/ar\/wp-json\/wp\/v2\/product"}],"about":[{"href":"https:\/\/dsmarinealgerie.com\/ar\/wp-json\/wp\/v2\/types\/product"}],"replies":[{"embeddable":true,"href":"https:\/\/dsmarinealgerie.com\/ar\/wp-json\/wp\/v2\/comments?post=8396"}],"wp:featuredmedia":[{"embeddable":true,"href":"https:\/\/dsmarinealgerie.com\/ar\/wp-json\/wp\/v2\/media\/7844"}],"wp:attachment":[{"href":"https:\/\/dsmarinealgerie.com\/ar\/wp-json\/wp\/v2\/media?parent=8396"}],"wp:term":[{"taxonomy":"product_brand","embeddable":true,"href":"https:\/\/dsmarinealgerie.com\/ar\/wp-json\/wp\/v2\/product_brand?post=8396"},{"taxonomy":"product_cat","embeddable":true,"href":"https:\/\/dsmarinealgerie.com\/ar\/wp-json\/wp\/v2\/product_cat?post=8396"},{"taxonomy":"product_tag","embeddable":true,"href":"https:\/\/dsmarinealgerie.com\/ar\/wp-json\/wp\/v2\/product_tag?post=8396"}],"curies":[{"name":"wp","href":"https:\/\/api.w.org\/{rel}","templated":true}]}}