{"id":8413,"date":"2024-02-20T14:24:48","date_gmt":"2024-02-20T14:24:48","guid":{"rendered":"https:\/\/dsmarinealgerie.com\/?post_type=product&#038;p=8413"},"modified":"2024-02-20T14:24:48","modified_gmt":"2024-02-20T14:24:48","slug":"ceinture-imersion-u-s-nylon","status":"publish","type":"product","link":"https:\/\/dsmarinealgerie.com\/ar\/shop\/chasse-sous-marine\/ceinture\/ceinture-imersion-u-s-nylon\/","title":{"rendered":"\u062d\u0632\u0627\u0645 \u0646\u0627\u064a\u0644\u0648\u0646 \u0623\u0645\u0631\u064a\u0643\u064a \u063a\u0645\u0631"},"content":{"rendered":"<p>\u062d\u0632\u0627\u0645 \u0645\u0646 \u0627\u0644\u0646\u0627\u064a\u0644\u0648\u0646 \u0627\u0644\u0623\u0645\u0631\u064a\u0643\u064a\u060c \u0645\u0635\u0645\u0645 \u0644\u0644\u063a\u0648\u0627\u0635\u064a\u0646 \u0648\u0627\u0644\u063a\u0648\u0627\u0635\u064a\u0646 \u0627\u0644\u0623\u062d\u0631\u0627\u0631 \u0648\u0627\u0644\u0635\u064a\u0627\u062f\u064a\u0646 \u062a\u062d\u062a \u0627\u0644\u0645\u0627\u0621 \u0648\u0645\u0627 \u0625\u0644\u0649 \u0630\u0644\u0643.<\/p>\n<ul>\n<li>\u0625\u0628\u0632\u064a\u0645 \u0623\u0645\u0631\u064a\u0643\u064a \u0645\u0635\u0646\u0648\u0639 \u0645\u0646 \u0623\u0644\u064a\u0627\u0641 \u0627\u0644\u0628\u0648\u0644\u064a\u0627\u0645\u064a\u062f \u0639\u0627\u0644\u064a\u0629 \u0627\u0644\u0642\u0648\u0629.<\/li>\n<li>\u062d\u0632\u0627\u0645 \u0646\u0627\u064a\u0644\u0648\u0646 \u0633\u0645\u0643 2.5 \u0645\u0644\u0645.<\/li>\n<li>\u0627\u0644\u0623\u0628\u0639\u0627\u062f: 140 \u00d7 4.5 \u0633\u0645.<\/li>\n<\/ul>","protected":false},"excerpt":{"rendered":"<p>Ceinture US en nylon, con\u00e7ue pour les plongeurs, apn\u00e9istes, p\u00eacheurs sous- marins\u2026 Boucle US en polyamide fibr\u00e9 haute r\u00e9sistance. Sangle en nylon, \u00e9paisseur 2.5 mm. Dimensions : 140 x 4.5 cm.<\/p>","protected":false},"featured_media":8416,"comment_status":"open","ping_status":"closed","template":"","meta":{"_uf_show_specific_survey":0,"_uf_disable_surveys":false},"product_brand":[],"product_cat":[165,176],"product_tag":[],"class_list":{"0":"post-8413","1":"product","2":"type-product","3":"status-publish","4":"has-post-thumbnail","6":"product_cat-chasse-sous-marine","7":"product_cat-ceinture","9":"first","10":"instock","11":"shipping-taxable","12":"purchasable","13":"product-type-simple"},"aioseo_notices":[],"_links":{"self":[{"href":"https:\/\/dsmarinealgerie.com\/ar\/wp-json\/wp\/v2\/product\/8413","targetHints":{"allow":["GET"]}}],"collection":[{"href":"https:\/\/dsmarinealgerie.com\/ar\/wp-json\/wp\/v2\/product"}],"about":[{"href":"https:\/\/dsmarinealgerie.com\/ar\/wp-json\/wp\/v2\/types\/product"}],"replies":[{"embeddable":true,"href":"https:\/\/dsmarinealgerie.com\/ar\/wp-json\/wp\/v2\/comments?post=8413"}],"wp:featuredmedia":[{"embeddable":true,"href":"https:\/\/dsmarinealgerie.com\/ar\/wp-json\/wp\/v2\/media\/8416"}],"wp:attachment":[{"href":"https:\/\/dsmarinealgerie.com\/ar\/wp-json\/wp\/v2\/media?parent=8413"}],"wp:term":[{"taxonomy":"product_brand","embeddable":true,"href":"https:\/\/dsmarinealgerie.com\/ar\/wp-json\/wp\/v2\/product_brand?post=8413"},{"taxonomy":"product_cat","embeddable":true,"href":"https:\/\/dsmarinealgerie.com\/ar\/wp-json\/wp\/v2\/product_cat?post=8413"},{"taxonomy":"product_tag","embeddable":true,"href":"https:\/\/dsmarinealgerie.com\/ar\/wp-json\/wp\/v2\/product_tag?post=8413"}],"curies":[{"name":"wp","href":"https:\/\/api.w.org\/{rel}","templated":true}]}}