{"id":8422,"date":"2024-02-25T08:50:21","date_gmt":"2024-02-25T08:50:21","guid":{"rendered":"https:\/\/dsmarinealgerie.com\/?post_type=product&#038;p=8422"},"modified":"2026-02-22T10:57:33","modified_gmt":"2026-02-22T10:57:33","slug":"hamecon-hana-thon-3-8","status":"publish","type":"product","link":"https:\/\/dsmarinealgerie.com\/ar\/shop\/peche\/materiel-de-peche\/hamecons\/hamecon-hana-thon-3-8\/","title":{"rendered":"\u062e\u0637\u0627\u0641 \u0647\u0627\u0646\u0627 \u062a\u0648\u0646\u0627 3.8"},"content":{"rendered":"<p>\u062e\u0637\u0627\u0641 3.8\u060c \u064a\u0633\u062a\u062e\u062f\u0645 \u0628\u0634\u0643\u0644 \u0631\u0626\u064a\u0633\u064a \u0644\u0645\u0642\u0627\u0648\u0645\u062a\u0647 \u0644\u0635\u064a\u062f \u0633\u0645\u0643 \u0627\u0644\u062a\u0648\u0646\u0629.<\/p>\n<p>\u0645\u0642\u0627\u0633 63 \u0645\u0645 \u00d7 34 \u0645\u0645.<\/p>","protected":false},"excerpt":{"rendered":"<p>Hame\u00e7on 3.8 ,\u00a0 Utilis\u00e9 principalement pour sa r\u00e9sistance \u00e0 la p\u00eache au thon. Mesures 63mm x 34mm.<\/p>","protected":false},"featured_media":8424,"comment_status":"open","ping_status":"closed","template":"","meta":{"_uf_show_specific_survey":0,"_uf_disable_surveys":false},"product_brand":[],"product_cat":[742,772,164,227],"product_tag":[],"class_list":{"0":"post-8422","1":"product","2":"type-product","3":"status-publish","4":"has-post-thumbnail","6":"product_cat-hamecons","7":"product_cat-peche-au-thon","8":"product_cat-peche","9":"product_cat-materiel-de-peche","11":"first","12":"instock","13":"shipping-taxable","14":"purchasable","15":"product-type-simple"},"aioseo_notices":[],"_links":{"self":[{"href":"https:\/\/dsmarinealgerie.com\/ar\/wp-json\/wp\/v2\/product\/8422","targetHints":{"allow":["GET"]}}],"collection":[{"href":"https:\/\/dsmarinealgerie.com\/ar\/wp-json\/wp\/v2\/product"}],"about":[{"href":"https:\/\/dsmarinealgerie.com\/ar\/wp-json\/wp\/v2\/types\/product"}],"replies":[{"embeddable":true,"href":"https:\/\/dsmarinealgerie.com\/ar\/wp-json\/wp\/v2\/comments?post=8422"}],"wp:featuredmedia":[{"embeddable":true,"href":"https:\/\/dsmarinealgerie.com\/ar\/wp-json\/wp\/v2\/media\/8424"}],"wp:attachment":[{"href":"https:\/\/dsmarinealgerie.com\/ar\/wp-json\/wp\/v2\/media?parent=8422"}],"wp:term":[{"taxonomy":"product_brand","embeddable":true,"href":"https:\/\/dsmarinealgerie.com\/ar\/wp-json\/wp\/v2\/product_brand?post=8422"},{"taxonomy":"product_cat","embeddable":true,"href":"https:\/\/dsmarinealgerie.com\/ar\/wp-json\/wp\/v2\/product_cat?post=8422"},{"taxonomy":"product_tag","embeddable":true,"href":"https:\/\/dsmarinealgerie.com\/ar\/wp-json\/wp\/v2\/product_tag?post=8422"}],"curies":[{"name":"wp","href":"https:\/\/api.w.org\/{rel}","templated":true}]}}