{"id":8430,"date":"2024-02-25T10:37:34","date_gmt":"2024-02-25T10:37:34","guid":{"rendered":"https:\/\/dsmarinealgerie.com\/?post_type=product&#038;p=8430"},"modified":"2026-02-22T10:56:22","modified_gmt":"2026-02-22T10:56:22","slug":"mousqueton-hana-7-0","status":"publish","type":"product","link":"https:\/\/dsmarinealgerie.com\/ar\/shop\/peche\/materiel-de-peche\/mousqueton-hana-7-0\/","title":{"rendered":"\u062d\u0644\u0642\u0629 \u062a\u0633\u0644\u0642 \u0647\u0646\u0627\u0621 7\/0"},"content":{"rendered":"<p>\u062d\u0644\u0642\u0627\u062a \u062a\u0633\u0644\u0642 \u0645\u0646 \u0627\u0644\u0641\u0648\u0644\u0627\u0630 \u0627\u0644\u0645\u0642\u0627\u0648\u0645 \u0644\u0644\u0635\u062f\u0623<\/p>\n<p>\u0633\u0645\u0627\u062a:<\/p>\n<ul>\n<li>\u0645\u0642\u0627\u0633 \u0627\u0644\u062d\u0644\u0642\u0629 115 \u0645\u0644\u0645<\/li>\n<li>\u0633\u0645\u0643 \u0627\u0644\u0633\u0644\u0643 2.75 \u0645\u0644\u0645.<\/li>\n<li>\u062a\u0633\u062a\u062e\u062f\u0645 \u0628\u0634\u0643\u0644 \u0631\u0626\u064a\u0633\u064a \u0644\u0635\u064a\u062f \u0627\u0644\u0623\u0633\u0645\u0627\u0643 \u0628\u0627\u0644\u062e\u064a\u0648\u0637 \u0627\u0644\u0637\u0648\u064a\u0644\u0629<\/li>\n<\/ul>","protected":false},"excerpt":{"rendered":"<p>Mousquetons en acier inoxydable Caract\u00e9ristiques: Mousqueton taille 115mm \u00c9paisseur de fil de 2.75 mm. Principalement utilis\u00e9 pour la p\u00eache \u00e0 la palangre<\/p>","protected":false},"featured_media":8429,"comment_status":"open","ping_status":"closed","template":"","meta":{"_uf_show_specific_survey":0,"_uf_disable_surveys":false},"product_brand":[],"product_cat":[772,164,227],"product_tag":[],"class_list":{"0":"post-8430","1":"product","2":"type-product","3":"status-publish","4":"has-post-thumbnail","6":"product_cat-peche-au-thon","7":"product_cat-peche","8":"product_cat-materiel-de-peche","10":"first","11":"outofstock","12":"shipping-taxable","13":"purchasable","14":"product-type-simple"},"aioseo_notices":[],"_links":{"self":[{"href":"https:\/\/dsmarinealgerie.com\/ar\/wp-json\/wp\/v2\/product\/8430","targetHints":{"allow":["GET"]}}],"collection":[{"href":"https:\/\/dsmarinealgerie.com\/ar\/wp-json\/wp\/v2\/product"}],"about":[{"href":"https:\/\/dsmarinealgerie.com\/ar\/wp-json\/wp\/v2\/types\/product"}],"replies":[{"embeddable":true,"href":"https:\/\/dsmarinealgerie.com\/ar\/wp-json\/wp\/v2\/comments?post=8430"}],"wp:featuredmedia":[{"embeddable":true,"href":"https:\/\/dsmarinealgerie.com\/ar\/wp-json\/wp\/v2\/media\/8429"}],"wp:attachment":[{"href":"https:\/\/dsmarinealgerie.com\/ar\/wp-json\/wp\/v2\/media?parent=8430"}],"wp:term":[{"taxonomy":"product_brand","embeddable":true,"href":"https:\/\/dsmarinealgerie.com\/ar\/wp-json\/wp\/v2\/product_brand?post=8430"},{"taxonomy":"product_cat","embeddable":true,"href":"https:\/\/dsmarinealgerie.com\/ar\/wp-json\/wp\/v2\/product_cat?post=8430"},{"taxonomy":"product_tag","embeddable":true,"href":"https:\/\/dsmarinealgerie.com\/ar\/wp-json\/wp\/v2\/product_tag?post=8430"}],"curies":[{"name":"wp","href":"https:\/\/api.w.org\/{rel}","templated":true}]}}