{"id":8445,"date":"2024-02-25T11:16:38","date_gmt":"2024-02-25T11:16:38","guid":{"rendered":"https:\/\/dsmarinealgerie.com\/?post_type=product&#038;p=8445"},"modified":"2026-02-22T10:55:22","modified_gmt":"2026-02-22T10:55:22","slug":"fil-nylon-transparent-3-00mm500m-850lb","status":"publish","type":"product","link":"https:\/\/dsmarinealgerie.com\/ar\/shop\/peche\/materiel-de-peche\/fil-de-peche-materiel-de-peche\/fil-nylon-transparent-3-00mm500m-850lb\/","title":{"rendered":"\u062e\u064a\u0637 \u0646\u0627\u064a\u0644\u0648\u0646 \u0634\u0641\u0627\u0641 3.00 \u0645\u0645 * 500 \u0645 - 850 \u0631\u0637\u0644"},"content":{"rendered":"<p>\u0632\u0639\u064a\u0645 \u062e\u0627\u0635 \u0644\u0633\u0645\u0643 \u0627\u0644\u062a\u0648\u0646\u0629 \u0648\u0633\u0645\u0643 \u0623\u0628\u0648 \u0633\u064a\u0641\u2026<\/p>\n<p>\u062a\u0645 \u062a\u0635\u0645\u064a\u0645 \u0647\u0630\u0627 \u0627\u0644\u062e\u0637 \u0644\u0635\u064a\u062f \u0627\u0644\u0623\u0633\u0645\u0627\u0643 \u0627\u0644\u0643\u0628\u064a\u0631\u0629\u060c \u0648\u0647\u0648 \u064a\u062a\u0645\u062a\u0639 \u0628\u0645\u0642\u0627\u0648\u0645\u0629 \u0627\u0633\u062a\u062b\u0646\u0627\u0626\u064a\u0629.<\/p>\n<ul>\n<li>\u0645\u0631\u0646\u0629 \u062c\u062f\u0627.<\/li>\n<li>\u0634\u0641\u0627\u0641.<\/li>\n<li>\u062a\u0645\u062a \u0645\u0639\u0627\u0644\u062c\u0629 \u0627\u0644\u0633\u0637\u062d \u0644\u0645\u0642\u0627\u0648\u0645\u0629 \u0623\u0641\u0636\u0644 \u0644\u0644\u0627\u062d\u062a\u0643\u0627\u0643.<\/li>\n<\/ul>","protected":false},"excerpt":{"rendered":"<p>Sp\u00e9cial Bas de ligne \u00e0 Thon, Espadon &#8230; Etudi\u00e9 pour la p\u00eache au tout gros, ce fil a une r\u00e9sistance exceptionnelle. Tr\u00e8s souple. Transparent. Trait\u00e9 en surface pour une meilleure r\u00e9sistance \u00e0 la friction.<\/p>","protected":false},"featured_media":8442,"comment_status":"open","ping_status":"closed","template":"","meta":{"_uf_show_specific_survey":0,"_uf_disable_surveys":false},"product_brand":[],"product_cat":[772,164,227,230],"product_tag":[],"class_list":{"0":"post-8445","1":"product","2":"type-product","3":"status-publish","4":"has-post-thumbnail","6":"product_cat-peche-au-thon","7":"product_cat-peche","8":"product_cat-materiel-de-peche","9":"product_cat-fil-de-peche-materiel-de-peche","11":"first","12":"outofstock","13":"shipping-taxable","14":"purchasable","15":"product-type-simple"},"aioseo_notices":[],"_links":{"self":[{"href":"https:\/\/dsmarinealgerie.com\/ar\/wp-json\/wp\/v2\/product\/8445","targetHints":{"allow":["GET"]}}],"collection":[{"href":"https:\/\/dsmarinealgerie.com\/ar\/wp-json\/wp\/v2\/product"}],"about":[{"href":"https:\/\/dsmarinealgerie.com\/ar\/wp-json\/wp\/v2\/types\/product"}],"replies":[{"embeddable":true,"href":"https:\/\/dsmarinealgerie.com\/ar\/wp-json\/wp\/v2\/comments?post=8445"}],"wp:featuredmedia":[{"embeddable":true,"href":"https:\/\/dsmarinealgerie.com\/ar\/wp-json\/wp\/v2\/media\/8442"}],"wp:attachment":[{"href":"https:\/\/dsmarinealgerie.com\/ar\/wp-json\/wp\/v2\/media?parent=8445"}],"wp:term":[{"taxonomy":"product_brand","embeddable":true,"href":"https:\/\/dsmarinealgerie.com\/ar\/wp-json\/wp\/v2\/product_brand?post=8445"},{"taxonomy":"product_cat","embeddable":true,"href":"https:\/\/dsmarinealgerie.com\/ar\/wp-json\/wp\/v2\/product_cat?post=8445"},{"taxonomy":"product_tag","embeddable":true,"href":"https:\/\/dsmarinealgerie.com\/ar\/wp-json\/wp\/v2\/product_tag?post=8445"}],"curies":[{"name":"wp","href":"https:\/\/api.w.org\/{rel}","templated":true}]}}