{"id":8451,"date":"2024-02-26T13:32:37","date_gmt":"2024-02-26T13:32:37","guid":{"rendered":"https:\/\/dsmarinealgerie.com\/?post_type=product&#038;p=8451"},"modified":"2025-11-12T08:08:15","modified_gmt":"2025-11-12T08:08:15","slug":"moulinet-casting-shimano-tranx-401","status":"publish","type":"product","link":"https:\/\/dsmarinealgerie.com\/ar\/shop\/peche\/materiel-de-peche\/moulinet-casting-shimano-tranx-401\/","title":{"rendered":"\u0628\u0643\u0631\u0629 \u0627\u0644\u0635\u0628 \u0634\u064a\u0645\u0627\u0646\u0648 \u062a\u0631\u0627\u0646\u0643\u0633 401"},"content":{"rendered":"<p>\u0627\u0644\u00a0<strong>\u0628\u0643\u0631\u0629 \u0634\u064a\u0645\u0627\u0646\u0648 401<\/strong>\u00a0\u0645\u0646 \u0627\u0644\u0645\u0634\u0647\u0648\u0631\u064a\u0646 \u0628\u0627\u0644\u0641\u0639\u0644\u00a0<strong>\u062a\u0631\u0627\u0646\u0643\u0633<\/strong> . \u062a\u0645\u062a \u062f\u0631\u0627\u0633\u0629 \u0628\u0646\u0627\u0626\u0647 \u062d\u0648\u0644 \u0647\u0630\u0647 \u0627\u0644\u0645\u0642\u0627\u0648\u0645\u0629 \u0644\u0644\u0639\u0646\u0627\u0635\u0631 \u0648\u062e\u0627\u0635\u0629 \u0627\u0644\u0645\u064a\u0627\u0647 \u0627\u0644\u0645\u0627\u0644\u062d\u0629. \u0633\u064a\u0643\u0648\u0646 \u0628\u0625\u0645\u0643\u0627\u0646\u0643 \u0627\u0644\u0627\u0639\u062a\u0645\u0627\u062f \u0639\u0644\u0649 \u0645\u0646\u062a\u062c \u0645\u062e\u0635\u0635 \u0644\u0644\u0628\u062d\u062b \u0639\u0646 \u0627\u0644\u062d\u064a\u0648\u0627\u0646\u0627\u062a \u0627\u0644\u0645\u0641\u062a\u0631\u0633\u0629 \u0627\u0644\u0642\u0648\u064a\u0629\u060c \u0633\u0648\u0627\u0621 \u0628\u0627\u0633\u062a\u062e\u062f\u0627\u0645 \u0627\u0644\u0628\u0648\u0628\u0631\u0633 \u0623\u0648 \u0627\u0644\u0637\u0639\u0648\u0645 \u0627\u0644\u0639\u0635\u064a\u0629 \u0623\u0648 \u0627\u0644\u0627\u0647\u062a\u0632\u0627\u0632 \u0627\u0644\u062e\u0641\u064a\u0641. \u0645\u0646 \u0627\u0644\u0645\u0624\u0643\u062f \u0623\u0646 \u0635\u0628 \u0627\u0644\u062a\u0648\u0646\u0629\u060c \u0627\u0644\u0630\u064a \u0623\u0635\u0628\u062d \u0623\u0643\u062b\u0631 \u0634\u0639\u0628\u064a\u0629 \u062a\u062f\u0631\u064a\u062c\u064a\u064b\u0627\u060c \u0644\u0645 \u064a\u0643\u0646 \u0639\u0628\u062b\u064b\u0627 \u0641\u064a \u0648\u0644\u0627\u062f\u0629 \u0645\u062b\u0644 \u0647\u0630\u0647 \u0627\u0644\u0628\u0643\u0631\u0629. \u0625\u0646 \u0645\u0642\u0627\u0648\u0645\u0629 \u0627\u0644\u0641\u0631\u0627\u0645\u0644 \u0627\u0644\u062a\u064a \u062a\u0628\u0644\u063a \u062d\u0648\u0627\u0644\u064a 11 \u0643\u062c\u0645 \u062a\u062c\u0639\u0644\u0647\u0627 \u0648\u0627\u062d\u062f\u0629 \u0645\u0646 \u0623\u0641\u0636\u0644 \u0627\u0644\u062a\u0634\u0643\u064a\u0644\u0627\u062a \u0627\u0644\u0645\u0633\u0637\u062d\u0629 \u062a\u062c\u0647\u064a\u0632\u064b\u0627 \u0641\u064a \u0627\u0644\u0633\u0648\u0642. \u0644\u0646 \u064a\u062a\u0645 \u0627\u0633\u062a\u0628\u0639\u0627\u062f \u0635\u064a\u0627\u062f\u064a \u0627\u0644\u0645\u064a\u0627\u0647 \u0627\u0644\u0639\u0630\u0628\u0629\u060c \u0644\u0623\u0646\u0647 \u0628\u0627\u0633\u062a\u062e\u062f\u0627\u0645 \u0647\u0630\u0647 \u0627\u0644\u0628\u0643\u0631\u0629 \u0633\u062a\u062a\u0645\u0643\u0646 \u0645\u0646 \u0642\u064a\u0627\u0633 \u0646\u0641\u0633\u0643 \u0645\u0642\u0627\u0628\u0644 \u0623\u062b\u0642\u0644 \u0627\u0644\u062a\u0642\u0646\u064a\u0627\u062a \u0644\u062a\u062a\u0628\u0639 \u0633\u0645\u0643 \u0627\u0644\u0643\u0631\u0627\u0643\u064a \u0623\u0648 \u062d\u062a\u0649 \u0645\u0645\u0627\u0631\u0633\u0629 \u0635\u064a\u062f \u0633\u0645\u0643 \u0627\u0644\u0633\u0644\u0648\u0631 \u0628\u0627\u0633\u062a\u062e\u062f\u0627\u0645 \u0637\u0639\u0645 \u0627\u0644\u0635\u0628.<\/p>\n<ul>\n<li>401: \u0627\u0644\u0646\u0633\u0628\u0629 5.8<\/li>\n<li>\u0628\u0627\u062a\u064a \u0647\u0627\u062c\u0627\u0646\u064a \u0644\u0645\u0632\u064a\u062f \u0645\u0646 \u0627\u0644\u0635\u0644\u0627\u0628\u0629<\/li>\n<li>\u0646\u0638\u0627\u0645 \u062a\u0631\u0648\u0633 X-Ship<\/li>\n<li>\u062d\u0645\u0627\u064a\u0629 \u0623\u0633\u0627\u0633\u064a\u0629<\/li>\n<\/ul>","protected":false},"excerpt":{"rendered":"<p>Le\u00a0moulinet Shimano 401\u00a0du d\u00e9j\u00e0 renomm\u00e9\u00a0Tranx . Sa construction a \u00e9t\u00e9 \u00e9tudi\u00e9e autour de cette r\u00e9sistance aux \u00e9l\u00e9ments et notamment \u00e0 l&rsquo;eau sal\u00e9e. Vous pourrez ainsi compter sur un produit d\u00e9di\u00e9 \u00e0 rechercher des carnassiers puissants, que ce soit au Popper, au stickbait ou en light jigging. La p\u00eache du thon au lancer en casting se [&hellip;]<\/p>","protected":false},"featured_media":8452,"comment_status":"open","ping_status":"closed","template":"","meta":{"_uf_show_specific_survey":0,"_uf_disable_surveys":false},"product_brand":[],"product_cat":[164,227,228],"product_tag":[],"class_list":{"0":"post-8451","1":"product","2":"type-product","3":"status-publish","4":"has-post-thumbnail","6":"product_cat-peche","7":"product_cat-materiel-de-peche","8":"product_cat-moulinets","10":"first","11":"instock","12":"shipping-taxable","13":"purchasable","14":"product-type-simple"},"aioseo_notices":[],"_links":{"self":[{"href":"https:\/\/dsmarinealgerie.com\/ar\/wp-json\/wp\/v2\/product\/8451","targetHints":{"allow":["GET"]}}],"collection":[{"href":"https:\/\/dsmarinealgerie.com\/ar\/wp-json\/wp\/v2\/product"}],"about":[{"href":"https:\/\/dsmarinealgerie.com\/ar\/wp-json\/wp\/v2\/types\/product"}],"replies":[{"embeddable":true,"href":"https:\/\/dsmarinealgerie.com\/ar\/wp-json\/wp\/v2\/comments?post=8451"}],"wp:featuredmedia":[{"embeddable":true,"href":"https:\/\/dsmarinealgerie.com\/ar\/wp-json\/wp\/v2\/media\/8452"}],"wp:attachment":[{"href":"https:\/\/dsmarinealgerie.com\/ar\/wp-json\/wp\/v2\/media?parent=8451"}],"wp:term":[{"taxonomy":"product_brand","embeddable":true,"href":"https:\/\/dsmarinealgerie.com\/ar\/wp-json\/wp\/v2\/product_brand?post=8451"},{"taxonomy":"product_cat","embeddable":true,"href":"https:\/\/dsmarinealgerie.com\/ar\/wp-json\/wp\/v2\/product_cat?post=8451"},{"taxonomy":"product_tag","embeddable":true,"href":"https:\/\/dsmarinealgerie.com\/ar\/wp-json\/wp\/v2\/product_tag?post=8451"}],"curies":[{"name":"wp","href":"https:\/\/api.w.org\/{rel}","templated":true}]}}