{"id":8469,"date":"2024-03-05T15:07:51","date_gmt":"2024-03-05T15:07:51","guid":{"rendered":"https:\/\/dsmarinealgerie.com\/?post_type=product&#038;p=8469"},"modified":"2024-03-05T15:10:07","modified_gmt":"2024-03-05T15:10:07","slug":"trappe-plastique-etanche-avec-cle","status":"publish","type":"product","link":"https:\/\/dsmarinealgerie.com\/ar\/shop\/accastillage\/trappes-et-ouvertures\/trappe-plastique-etanche-avec-cle\/","title":{"rendered":"\u0641\u062a\u062d\u0629 \u0628\u0644\u0627\u0633\u062a\u064a\u0643\u064a\u0629 \u0645\u0642\u0627\u0648\u0645\u0629 \u0644\u0644\u0645\u0627\u0621 \u0645\u0639 \u0645\u0641\u062a\u0627\u062d"},"content":{"rendered":"<p>\u0641\u062a\u062d\u0629 \u0627\u0644\u0648\u0635\u0648\u0644 \u0644\u0644\u0642\u0627\u0631\u0628. \u0645\u062b\u0627\u0644\u064a\u0629 \u0644\u0644\u062a\u0631\u0643\u064a\u0628 \u0639\u0644\u0649 \u0627\u0644\u062d\u0627\u0626\u0637 \u0627\u0644\u0631\u0623\u0633\u064a \u0648\u0627\u0644\u0623\u0641\u0642\u064a.<\/p>\n<p>\u0645\u062b\u0627\u0644\u064a\u0629 \u0644 <strong>\u0627\u0644\u062a\u0631\u0643\u064a\u0628 \u0627\u0644\u062e\u0627\u0631\u062c\u064a \u0627\u0644\u0623\u0641\u0642\u064a \u0648\u0627\u0644\u0631\u0623\u0633\u064a\u00a0<\/strong>\u0639\u0644\u0649 \u0633\u0637\u062d \u0627\u0644\u0642\u0627\u0631\u0628 \u0623\u0648 \u0648\u062d\u062f\u0629 \u0627\u0644\u062a\u062d\u0643\u0645 \u0634\u0628\u0647 \u0627\u0644\u0635\u0644\u0628\u0629 \u0623\u0648 \u062d\u062a\u0649 \u0639\u0644\u0649 \u062c\u0633\u0645 \u0634\u0627\u062d\u0646\u0629 \u0645\u062d\u0648\u0644\u0629.<\/p>\n<p>\u0642\u0648\u064a\u0629 \u0644\u0644\u063a\u0627\u064a\u0629. \u0645\u062b\u0627\u0644\u064a\u0629 \u0644\u062a\u0635\u0645\u064a\u0645 \u0641\u062a\u062d\u0629 \u0627\u0644\u0648\u0635\u0648\u0644\u060c \u062a\u062d\u062a\u0648\u064a \u0647\u0630\u0647 \u0627\u0644\u0628\u0648\u0627\u0628\u0629 \u0639\u0644\u0649 \u062e\u062a\u0645 \u0645\u0646 \u0627\u0644\u0646\u064a\u0648\u0628\u0631\u064a\u0646 \u0644\u0636\u0645\u0627\u0646 \u0645\u0642\u0627\u0648\u0645\u0629 \u0631\u0630\u0627\u0630 \u0627\u0644\u0645\u0627\u0621 \u0648\u0627\u0644\u0642\u0641\u0644.<\/p>\n<p><strong>\u0633\u0645\u0627\u062a :<\/strong><\/p>\n<ul>\n<li>\u062a\u0635\u0646\u064a\u0639 \u0639\u0627\u0644\u064a \u0627\u0644\u062c\u0648\u062f\u0629: \u064a\u0642\u0627\u0648\u0645 \u0627\u0644\u0623\u0634\u0639\u0629 \u0641\u0648\u0642 \u0627\u0644\u0628\u0646\u0641\u0633\u062c\u064a\u0629<\/li>\n<li>\u0627\u0644\u062a\u062c\u0645\u064a\u0639: \u062d\u0634\u064a\u0629 \u0633\u064a\u0644\u064a\u0643\u0648\u0646 \u0628\u0627\u0644\u0625\u0636\u0627\u0641\u0629 \u0625\u0644\u0649 \u0645\u0633\u0627\u0645\u064a\u0631 (\u063a\u064a\u0631 \u0645\u0631\u0641\u0642\u0629)<\/li>\n<li>\u0644\u0648\u0646 \u0623\u0628\u064a\u0636<\/li>\n<\/ul>","protected":false},"excerpt":{"rendered":"<p>Trappe d\u2019acc\u00e8s pour le bateau . Id\u00e9al pour un montage sur paroi verticale et horizontal. id\u00e9ale pour un montage ext\u00e9rieur horizontale et verticale\u00a0sur pont de bateau, console de semi-rigide ou encore sur la carrosserie de fourgon am\u00e9nag\u00e9. extr\u00eamement robuste. Id\u00e9ale pour la conception d\u2019une trappe d\u2019acc\u00e8s, ce portillon dispose d\u2019un joint n\u00e9opr\u00e8ne pour assurer une [&hellip;]<\/p>","protected":false},"featured_media":8470,"comment_status":"open","ping_status":"closed","template":"","meta":{"_uf_show_specific_survey":0,"_uf_disable_surveys":false},"product_brand":[],"product_cat":[163,611],"product_tag":[],"class_list":{"0":"post-8469","1":"product","2":"type-product","3":"status-publish","4":"has-post-thumbnail","6":"product_cat-accastillage","7":"product_cat-trappes-et-ouvertures","9":"first","10":"instock","11":"shipping-taxable","12":"purchasable","13":"product-type-simple"},"aioseo_notices":[],"_links":{"self":[{"href":"https:\/\/dsmarinealgerie.com\/ar\/wp-json\/wp\/v2\/product\/8469","targetHints":{"allow":["GET"]}}],"collection":[{"href":"https:\/\/dsmarinealgerie.com\/ar\/wp-json\/wp\/v2\/product"}],"about":[{"href":"https:\/\/dsmarinealgerie.com\/ar\/wp-json\/wp\/v2\/types\/product"}],"replies":[{"embeddable":true,"href":"https:\/\/dsmarinealgerie.com\/ar\/wp-json\/wp\/v2\/comments?post=8469"}],"wp:featuredmedia":[{"embeddable":true,"href":"https:\/\/dsmarinealgerie.com\/ar\/wp-json\/wp\/v2\/media\/8470"}],"wp:attachment":[{"href":"https:\/\/dsmarinealgerie.com\/ar\/wp-json\/wp\/v2\/media?parent=8469"}],"wp:term":[{"taxonomy":"product_brand","embeddable":true,"href":"https:\/\/dsmarinealgerie.com\/ar\/wp-json\/wp\/v2\/product_brand?post=8469"},{"taxonomy":"product_cat","embeddable":true,"href":"https:\/\/dsmarinealgerie.com\/ar\/wp-json\/wp\/v2\/product_cat?post=8469"},{"taxonomy":"product_tag","embeddable":true,"href":"https:\/\/dsmarinealgerie.com\/ar\/wp-json\/wp\/v2\/product_tag?post=8469"}],"curies":[{"name":"wp","href":"https:\/\/api.w.org\/{rel}","templated":true}]}}