{"id":8481,"date":"2024-03-06T14:30:56","date_gmt":"2024-03-06T14:30:56","guid":{"rendered":"https:\/\/dsmarinealgerie.com\/?post_type=product&#038;p=8481"},"modified":"2024-03-06T14:33:09","modified_gmt":"2024-03-06T14:33:09","slug":"trappe-plastique-etanche-poignee-unique","status":"publish","type":"product","link":"https:\/\/dsmarinealgerie.com\/ar\/shop\/accastillage\/trappes-et-ouvertures\/trappe-plastique-etanche-poignee-unique\/","title":{"rendered":"\u0641\u062a\u062d\u0629 \u0628\u0644\u0627\u0633\u062a\u064a\u0643\u064a\u0629 \u0645\u0642\u0627\u0648\u0645\u0629 \u0644\u0644\u0645\u0627\u0621 \u0628\u0645\u0642\u0628\u0636 \u0648\u0627\u062d\u062f"},"content":{"rendered":"<p>\u0641\u062a\u062d\u0629 \u0641\u062d\u0635 \u0645\u0642\u0627\u0648\u0645\u0629 \u0644\u0644\u0645\u0627\u0621 \u0648\u0642\u0648\u064a\u0629 (\u0627\u0644\u0645\u0639\u062f\u0627\u062a\u060c \u0648\u0627\u0644\u062a\u0641\u062a\u064a\u0634\u060c \u0648\u0627\u0644\u0648\u0635\u0648\u0644\u060c \u0648\u0645\u0627 \u0625\u0644\u0649 \u0630\u0644\u0643) \u0644\u0644\u0642\u0648\u0627\u0631\u0628. \u0645\u0635\u0628\u0648\u0628 \u0641\u064a \u0628\u0644\u0627\u0633\u062a\u064a\u0643 ABS \u0623\u0628\u064a\u0636<\/p>\n<ul>\n<li>\u0627\u0644\u0623\u0628\u0639\u0627\u062f \u0627\u0644\u062e\u0627\u0631\u062c\u064a\u0629: 270 \u00d7 375 \u0645\u0644\u0645<\/li>\n<li>\u0627\u0644\u0623\u0628\u0639\u0627\u062f \u0627\u0644\u062f\u0627\u062e\u0644\u064a\u0629: 192 \u00d7 291 \u0645\u0644\u0645<\/li>\n<\/ul>","protected":false},"excerpt":{"rendered":"<p>Trappe d&rsquo;inspection (d&rsquo;\u00e9quipet, de visite, d&rsquo;acc\u00e8s&#8230;) \u00e9tanche et robuste pour les bateaux. Moul\u00e9e en plastique ABS blanc Dimensions externe : 270 x 375 mm Dimensions int\u00e9rieures : 192 x 291 mm<\/p>","protected":false},"featured_media":8482,"comment_status":"open","ping_status":"closed","template":"","meta":{"_uf_show_specific_survey":0,"_uf_disable_surveys":false},"product_brand":[],"product_cat":[163,611],"product_tag":[],"class_list":{"0":"post-8481","1":"product","2":"type-product","3":"status-publish","4":"has-post-thumbnail","6":"product_cat-accastillage","7":"product_cat-trappes-et-ouvertures","9":"first","10":"instock","11":"shipping-taxable","12":"purchasable","13":"product-type-simple"},"aioseo_notices":[],"_links":{"self":[{"href":"https:\/\/dsmarinealgerie.com\/ar\/wp-json\/wp\/v2\/product\/8481","targetHints":{"allow":["GET"]}}],"collection":[{"href":"https:\/\/dsmarinealgerie.com\/ar\/wp-json\/wp\/v2\/product"}],"about":[{"href":"https:\/\/dsmarinealgerie.com\/ar\/wp-json\/wp\/v2\/types\/product"}],"replies":[{"embeddable":true,"href":"https:\/\/dsmarinealgerie.com\/ar\/wp-json\/wp\/v2\/comments?post=8481"}],"wp:featuredmedia":[{"embeddable":true,"href":"https:\/\/dsmarinealgerie.com\/ar\/wp-json\/wp\/v2\/media\/8482"}],"wp:attachment":[{"href":"https:\/\/dsmarinealgerie.com\/ar\/wp-json\/wp\/v2\/media?parent=8481"}],"wp:term":[{"taxonomy":"product_brand","embeddable":true,"href":"https:\/\/dsmarinealgerie.com\/ar\/wp-json\/wp\/v2\/product_brand?post=8481"},{"taxonomy":"product_cat","embeddable":true,"href":"https:\/\/dsmarinealgerie.com\/ar\/wp-json\/wp\/v2\/product_cat?post=8481"},{"taxonomy":"product_tag","embeddable":true,"href":"https:\/\/dsmarinealgerie.com\/ar\/wp-json\/wp\/v2\/product_tag?post=8481"}],"curies":[{"name":"wp","href":"https:\/\/api.w.org\/{rel}","templated":true}]}}