{"id":8540,"date":"2024-03-13T09:36:45","date_gmt":"2024-03-13T09:36:45","guid":{"rendered":"https:\/\/dsmarinealgerie.com\/?post_type=product&#038;p=8540"},"modified":"2024-03-13T09:36:45","modified_gmt":"2024-03-13T09:36:45","slug":"tableau-vertical-6-bouton-voltmetre-12-24v","status":"publish","type":"product","link":"https:\/\/dsmarinealgerie.com\/ar\/shop\/accastillage\/electrique\/tableau-vertical-6-bouton-voltmetre-12-24v\/","title":{"rendered":"\u0644\u0648\u062d\u0629 \u0639\u0645\u0648\u062f\u064a\u0629 6 \u0632\u0631 \u0627\u0644\u0641\u0648\u0644\u062a\u0645\u064a\u062a\u0631 12-24 \u0641\u0648\u0644\u062a"},"content":{"rendered":"<p>6 \u0639\u0635\u0627\u0628\u0629 \u0627\u0644\u0631\u0648\u0643 \u0627\u0644\u062a\u0628\u062f\u064a\u0644 \u0644\u0644\u0642\u0648\u0627\u0631\u0628 \u0627\u0644\u0628\u062d\u0631\u064a\u0629\u060c \u0642\u0637\u0627\u0639 \u062f\u0627\u0631\u0629 \u0644\u0648\u062d\u0629 \u0645\u0639 \u0627\u0644\u0641\u0648\u0644\u062a\u0645\u064a\u062a\u0631\u060c \u0645\u0641\u062a\u0627\u062d \u0627\u0644\u0631\u0648\u0643 \u0644\u0644\u0645\u0627\u0621 12V-24V<\/p>\n<p>\u0644\u0648\u062d\u0629 \u0643\u0647\u0631\u0628\u0627\u0626\u064a\u0629 \u0645\u0642\u0627\u0648\u0645\u0629 \u0644\u0644\u0645\u0627\u0621 IP67 \u0645\u0639 6 \u0645\u0641\u0627\u062a\u064a\u062d \u0648\u0641\u0648\u0644\u062a\u0645\u064a\u062a\u0631<\/p>\n<p>\u063a\u0644\u0627\u0641 \u0645\u0646 \u0627\u0644\u0628\u0648\u0644\u064a \u0643\u0631\u0628\u0648\u0646\u0627\u062a \u0628\u0627\u0644\u0644\u0648\u0646 \u0627\u0644\u0623\u0633\u0648\u062f.<\/p>\n<p>\u0645\u062c\u0647\u0632\u0629 \u0628\u0642\u0648\u0627\u0637\u0639 \u062f\u0648\u0627\u0626\u0631 \u0645\u063a\u0646\u0627\u0637\u064a\u0633\u064a\u0629 \u062d\u0631\u0627\u0631\u064a\u0629: 3x5A -2x10A - 1x15A<\/p>","protected":false},"excerpt":{"rendered":"<p>Interrupteur \u00e0 bascule 6 boutons pour bateau marin, disjoncteur de panneau avec\u00a0 voltm\u00e8tre , interrupteur \u00e0 bascule \u00e9tanche 12V-24V Tableau \u00e9lectrique \u00e9tanche IP67 avec 6 interrupteurs et Voltm\u00e8tre Bo\u00eetier en polycarbonate noir. \u00c9quip\u00e9 de disjoncteurs magn\u00e9tothermique : 3x5A -2x10A &#8211; 1x15A<\/p>","protected":false},"featured_media":8562,"comment_status":"open","ping_status":"closed","template":"","meta":{"_uf_show_specific_survey":0,"_uf_disable_surveys":false},"product_brand":[],"product_cat":[167,163],"product_tag":[],"class_list":{"0":"post-8540","1":"product","2":"type-product","3":"status-publish","4":"has-post-thumbnail","6":"product_cat-electrique","7":"product_cat-accastillage","9":"first","10":"instock","11":"shipping-taxable","12":"purchasable","13":"product-type-simple"},"aioseo_notices":[],"_links":{"self":[{"href":"https:\/\/dsmarinealgerie.com\/ar\/wp-json\/wp\/v2\/product\/8540","targetHints":{"allow":["GET"]}}],"collection":[{"href":"https:\/\/dsmarinealgerie.com\/ar\/wp-json\/wp\/v2\/product"}],"about":[{"href":"https:\/\/dsmarinealgerie.com\/ar\/wp-json\/wp\/v2\/types\/product"}],"replies":[{"embeddable":true,"href":"https:\/\/dsmarinealgerie.com\/ar\/wp-json\/wp\/v2\/comments?post=8540"}],"wp:featuredmedia":[{"embeddable":true,"href":"https:\/\/dsmarinealgerie.com\/ar\/wp-json\/wp\/v2\/media\/8562"}],"wp:attachment":[{"href":"https:\/\/dsmarinealgerie.com\/ar\/wp-json\/wp\/v2\/media?parent=8540"}],"wp:term":[{"taxonomy":"product_brand","embeddable":true,"href":"https:\/\/dsmarinealgerie.com\/ar\/wp-json\/wp\/v2\/product_brand?post=8540"},{"taxonomy":"product_cat","embeddable":true,"href":"https:\/\/dsmarinealgerie.com\/ar\/wp-json\/wp\/v2\/product_cat?post=8540"},{"taxonomy":"product_tag","embeddable":true,"href":"https:\/\/dsmarinealgerie.com\/ar\/wp-json\/wp\/v2\/product_tag?post=8540"}],"curies":[{"name":"wp","href":"https:\/\/api.w.org\/{rel}","templated":true}]}}