{"id":8550,"date":"2024-03-12T09:35:41","date_gmt":"2024-03-12T09:35:41","guid":{"rendered":"https:\/\/dsmarinealgerie.com\/?post_type=product&#038;p=8550"},"modified":"2024-03-12T09:35:41","modified_gmt":"2024-03-12T09:35:41","slug":"allume-cigare","status":"publish","type":"product","link":"https:\/\/dsmarinealgerie.com\/ar\/shop\/accastillage\/electrique\/allume-cigare\/","title":{"rendered":"\u0648\u0644\u0627\u0639\u0629"},"content":{"rendered":"<p><strong>\u0648\u0644\u0627\u0639\u0629 \u0627\u0644\u0633\u062c\u0627\u0626\u0631<\/strong>\u00a0\u0645\u0639 \u0642\u0627\u0639\u062f\u0629 \u0627\u0644\u062a\u0631\u0643\u064a\u0628 \u0648\u0627\u0644\u062d\u0645\u0627\u064a\u0629.<\/p>\n<ul>\n<li>\u0633\u0637\u062d \u0627\u062a\u0635\u0627\u0644 \u0643\u0628\u064a\u0631 \u0644\u062a\u0648\u0635\u064a\u0644 \u0643\u0647\u0631\u0628\u0627\u0626\u064a \u0623\u0641\u0636\u0644.<\/li>\n<li>\u0646\u0638\u0627\u0645 \u0642\u0641\u0644 \u0627\u0644\u0628\u0644\u064a\u062a \u0628\u062d\u064a\u062b \u064a\u0643\u0648\u0646 \u0642\u0641\u0644 \u0627\u0644\u0645\u0642\u0628\u0633 \u0622\u0645\u0646\u064b\u0627.<\/li>\n<li>\u062e\u064a\u0627\u0631\u0627\u062a \u062a\u0631\u0643\u064a\u0628 \u0645\u062a\u0639\u062f\u062f\u0629 - \u062a\u0631\u0643\u064a\u0628 \u0645\u062a\u062f\u0641\u0642 \u0623\u0648 \u062e\u0644\u0641\u064a.<\/li>\n<\/ul>\n<p><strong>\u0627\u0644\u0645\u0648\u0627\u0635\u0641\u0627\u062a \u0627\u0644\u062a\u0642\u0646\u064a\u0629<\/strong><\/p>\n<p>\u0627\u0644\u0623\u0628\u0639\u0627\u062f: 42 \u0645\u0645 \u00d7 82 \u0645\u0645<br \/>\n\u0645\u0627\u0643\u0633 \u0627\u0644\u062c\u0647\u062f : 10 \u0623<\/p>","protected":false},"excerpt":{"rendered":"<p>Prise allume cigare\u00a0avec base de montage et protection. Large surface de contact pour une meilleure connexion \u00e9lectrique. Syst\u00e8me de verrouillage \u00e0 billonnette pour que le verrouillage de la prise soit s\u00e9curis\u00e9e. Options d&rsquo;installation multiples &#8211; montage encastr\u00e9 ou arri\u00e8re. Sp\u00e9cifications techniques Dimensions : 42mm X 82mm Tension max. : 10 A<\/p>","protected":false},"featured_media":8551,"comment_status":"open","ping_status":"closed","template":"","meta":{"_uf_show_specific_survey":0,"_uf_disable_surveys":false},"product_brand":[],"product_cat":[167,163],"product_tag":[],"class_list":{"0":"post-8550","1":"product","2":"type-product","3":"status-publish","4":"has-post-thumbnail","6":"product_cat-electrique","7":"product_cat-accastillage","9":"first","10":"instock","11":"shipping-taxable","12":"purchasable","13":"product-type-simple"},"aioseo_notices":[],"_links":{"self":[{"href":"https:\/\/dsmarinealgerie.com\/ar\/wp-json\/wp\/v2\/product\/8550","targetHints":{"allow":["GET"]}}],"collection":[{"href":"https:\/\/dsmarinealgerie.com\/ar\/wp-json\/wp\/v2\/product"}],"about":[{"href":"https:\/\/dsmarinealgerie.com\/ar\/wp-json\/wp\/v2\/types\/product"}],"replies":[{"embeddable":true,"href":"https:\/\/dsmarinealgerie.com\/ar\/wp-json\/wp\/v2\/comments?post=8550"}],"wp:featuredmedia":[{"embeddable":true,"href":"https:\/\/dsmarinealgerie.com\/ar\/wp-json\/wp\/v2\/media\/8551"}],"wp:attachment":[{"href":"https:\/\/dsmarinealgerie.com\/ar\/wp-json\/wp\/v2\/media?parent=8550"}],"wp:term":[{"taxonomy":"product_brand","embeddable":true,"href":"https:\/\/dsmarinealgerie.com\/ar\/wp-json\/wp\/v2\/product_brand?post=8550"},{"taxonomy":"product_cat","embeddable":true,"href":"https:\/\/dsmarinealgerie.com\/ar\/wp-json\/wp\/v2\/product_cat?post=8550"},{"taxonomy":"product_tag","embeddable":true,"href":"https:\/\/dsmarinealgerie.com\/ar\/wp-json\/wp\/v2\/product_tag?post=8550"}],"curies":[{"name":"wp","href":"https:\/\/api.w.org\/{rel}","templated":true}]}}