{"id":8567,"date":"2024-03-13T09:20:31","date_gmt":"2024-03-13T09:20:31","guid":{"rendered":"https:\/\/dsmarinealgerie.com\/?post_type=product&#038;p=8567"},"modified":"2026-03-18T13:32:21","modified_gmt":"2026-03-18T13:32:21","slug":"moulinet-shimano-nexave-c5000hg","status":"publish","type":"product","link":"https:\/\/dsmarinealgerie.com\/ar\/shop\/peche\/moulinets\/moulinet-shimano-nexave-c5000hg\/","title":{"rendered":"\u0628\u0643\u0631\u0629 \u0634\u064a\u0645\u0627\u0646\u0648 \u0646\u064a\u0643\u0633\u0627\u0641 C5000HG"},"content":{"rendered":"<div class=\"row description content\">\n<div class=\"col-12 value content\">\n<p>\u064a\u0648\u0641\u0631 Shimano Nexave C50000HG \u062a\u0635\u0645\u064a\u0645\u064b\u0627 \u062c\u062f\u064a\u062f\u064b\u0627 \u0623\u0646\u064a\u0642\u064b\u0627 \u0644\u0644\u062c\u0633\u0645\u060c \u0648\u0645\u0633\u062a\u062d\u0636\u0631\u0627\u062a \u062a\u062c\u0645\u064a\u0644 \u0645\u062d\u0633\u0646\u0629\u060c \u0648\u0625\u0639\u062f\u0627\u062f\u0627\u062a \u0633\u062d\u0628 \u0642\u0635\u0648\u0649 \u0623\u0639\u0644\u0649\u060c \u0648\u0643\u0644 \u0647\u0630\u0627 \u0628\u0648\u0632\u0646 \u0623\u0642\u0644.<\/p>\n<p>\u062a\u062a\u0645\u064a\u0632 \u0628\u0643\u0631\u0627\u062a Nexave \u0623\u064a\u0636\u064b\u0627 \u0628\u0625\u062f\u0627\u0631\u0629 \u062e\u0637 \u0627\u0644\u062f\u0641\u0639\u060c \u0645\u0645\u0627 \u064a\u0633\u0645\u062d \u0644\u0644\u0635\u064a\u0627\u062f\u064a\u0646 \u0628\u0632\u064a\u0627\u062f\u0629 \u0645\u0633\u0627\u0641\u0629 \u0627\u0644\u0631\u0645\u064a \u0645\u0639 \u0645\u0634\u0643\u0644\u0627\u062a \u0623\u0642\u0644 \u0641\u064a \u0625\u0639\u062f\u0627\u062f \u0627\u0644\u062e\u0637 \u0639\u0646\u062f \u0627\u0633\u062a\u062e\u062f\u0627\u0645 \u0623\u062d\u062f\u062b \u062e\u0637\u0648\u0637 Spectra \u0627\u0644\u0645\u0636\u0641\u0631\u0629 \u0627\u0644\u064a\u0648\u0645.<\/p>\n<\/div>\n<\/div>\n<div class=\"row details content\">\n<div class=\"col-12\">\n<div class=\"longdesc content\" data-more=\"Voir plus\" data-less=\"Voir moins\">\n<div class=\"value\">\n<p>\u0633\u0645\u0627\u062a:<\/p>\n<ul>\n<li>\u0627\u0644\u0645\u062d\u0627\u0645\u0644: 3+1<\/li>\n<li>\u0627\u0644\u0641\u0631\u0627\u0645\u0644: 11 \u0643\u062c\u0645<\/li>\n<li>\u0645\u0639\u062f\u0644 \u0627\u0644\u0627\u0633\u062a\u0631\u062f\u0627\u062f \u0644\u0643\u0644 \u062f\u0648\u0631\u0629 \u0644\u0644\u0643\u0631\u0646\u0643: 98 \u0633\u0645<\/li>\n<li>\u0627\u0644\u0633\u0639\u0629: 240 \u0645 \u0641\u064a 0.30 \u0645\u0645<\/li>\n<li>\u0627\u0644\u0648\u0632\u0646: 305 \u062c\u0631\u0627\u0645<\/li>\n<\/ul>\n<\/div>\n<\/div>\n<\/div>\n<\/div>","protected":false},"excerpt":{"rendered":"<p>Shimano Nexave C50000HG offre une nouvelle conception de corps \u00e9l\u00e9gante, des cosm\u00e9tiques am\u00e9lior\u00e9s, des r\u00e9glages de tra\u00een\u00e9e maximale plus \u00e9lev\u00e9s, et tout cela \u00e0 un poids r\u00e9duit. Les moulinets Nexave disposent \u00e9galement de la gestion de la ligne de propulsion, permettant aux p\u00eacheurs d\u2019augmenter la distance de lancer avec moins de probl\u00e8mes de pose de [&hellip;]<\/p>","protected":false},"featured_media":8571,"comment_status":"open","ping_status":"closed","template":"","meta":{"_uf_show_specific_survey":0,"_uf_disable_surveys":false},"product_brand":[],"product_cat":[164,228],"product_tag":[],"class_list":{"0":"post-8567","1":"product","2":"type-product","3":"status-publish","4":"has-post-thumbnail","6":"product_cat-peche","7":"product_cat-moulinets","9":"first","10":"outofstock","11":"shipping-taxable","12":"purchasable","13":"product-type-simple"},"aioseo_notices":[],"_links":{"self":[{"href":"https:\/\/dsmarinealgerie.com\/ar\/wp-json\/wp\/v2\/product\/8567","targetHints":{"allow":["GET"]}}],"collection":[{"href":"https:\/\/dsmarinealgerie.com\/ar\/wp-json\/wp\/v2\/product"}],"about":[{"href":"https:\/\/dsmarinealgerie.com\/ar\/wp-json\/wp\/v2\/types\/product"}],"replies":[{"embeddable":true,"href":"https:\/\/dsmarinealgerie.com\/ar\/wp-json\/wp\/v2\/comments?post=8567"}],"wp:featuredmedia":[{"embeddable":true,"href":"https:\/\/dsmarinealgerie.com\/ar\/wp-json\/wp\/v2\/media\/8571"}],"wp:attachment":[{"href":"https:\/\/dsmarinealgerie.com\/ar\/wp-json\/wp\/v2\/media?parent=8567"}],"wp:term":[{"taxonomy":"product_brand","embeddable":true,"href":"https:\/\/dsmarinealgerie.com\/ar\/wp-json\/wp\/v2\/product_brand?post=8567"},{"taxonomy":"product_cat","embeddable":true,"href":"https:\/\/dsmarinealgerie.com\/ar\/wp-json\/wp\/v2\/product_cat?post=8567"},{"taxonomy":"product_tag","embeddable":true,"href":"https:\/\/dsmarinealgerie.com\/ar\/wp-json\/wp\/v2\/product_tag?post=8567"}],"curies":[{"name":"wp","href":"https:\/\/api.w.org\/{rel}","templated":true}]}}