{"id":8572,"date":"2024-03-13T09:24:21","date_gmt":"2024-03-13T09:24:21","guid":{"rendered":"https:\/\/dsmarinealgerie.com\/?post_type=product&#038;p=8572"},"modified":"2025-11-12T08:07:36","modified_gmt":"2025-11-12T08:07:36","slug":"moulinet-shimano-nexave-6000","status":"publish","type":"product","link":"https:\/\/dsmarinealgerie.com\/ar\/shop\/peche\/materiel-de-peche\/moulinet-shimano-nexave-6000\/","title":{"rendered":"\u0628\u0643\u0631\u0629 \u0634\u064a\u0645\u0627\u0646\u0648 \u0646\u064a\u0643\u0633\u0627\u0641 6000"},"content":{"rendered":"<p>\u064a\u062a\u0648\u0641\u0631 Nexave \u0628\u062d\u062c\u0645 6000\u060c \u0645\u0645\u0627 \u064a\u062c\u0639\u0644\u0647 \u0645\u062b\u0627\u0644\u064a\u064b\u0627 \u0644\u0635\u064a\u062f \u0627\u0644\u0639\u064a\u0646\u0627\u062a \u0623\u0648 \u0627\u0644\u0635\u064a\u062f \u0627\u0644\u062b\u0642\u064a\u0644\u060c \u062d\u064a\u062b \u062a\u062c\u0639\u0644 \u0623\u062d\u062c\u0627\u0645 \u0627\u0644\u0628\u0643\u0631\u0627\u062a \u0627\u0644\u0643\u0628\u064a\u0631\u0629 \u0627\u0644\u0635\u064a\u062f \u0623\u0633\u0647\u0644\u060c \u062e\u0627\u0635\u0629 \u0644\u0644\u0631\u0645\u064a \u0644\u0645\u0633\u0627\u0641\u0627\u062a \u0637\u0648\u064a\u0644\u0629 \u0623\u0648 \u0635\u064a\u062f \u0627\u0644\u0623\u0633\u0645\u0627\u0643 \u0627\u0644\u0643\u0628\u064a\u0631\u0629 \u0627\u0644\u062a\u064a \u062a\u062a\u0641\u0648\u0642 \u0628\u0642\u0648\u0629 \u0643\u0628\u064a\u0631\u0629.<\/p>\n<p>. \u062a\u062a\u0645\u064a\u0632 \u0628\u0633\u062d\u0628 \u0623\u0645\u0627\u0645\u064a \u0631\u0627\u0626\u0639 \u0645\u062a\u0639\u062f\u062f \u0627\u0644\u0623\u0642\u0631\u0627\u0635 \u0644\u0635\u064a\u062f \u0627\u0644\u0623\u0633\u0645\u0627\u0643 \u0628\u062b\u0642\u0629\u060c \u062e\u0627\u0635\u0629 \u0639\u0646\u062f \u0627\u0633\u062a\u0647\u062f\u0627\u0641 \u0627\u0644\u0623\u0633\u0645\u0627\u0643 \u0627\u0644\u0642\u0648\u064a\u0629 \u0648\u0627\u0644\u0645\u0642\u0627\u062a\u0644\u0629\u060c \u0643\u0645\u0627 \u062a\u062a\u0645\u064a\u0632 Nexave \u0628\u0628\u0643\u0631\u0629 \u0623\u0644\u0648\u0645\u0646\u064a\u0648\u0645 \u062e\u0641\u064a\u0641\u0629 \u0627\u0644\u0648\u0632\u0646 \u0645\u0642\u062a\u0631\u0646\u0629 \u0628\u0625\u062f\u0627\u0631\u0629 \u062e\u0637 AR -C \u0648\u0627\u0644\u062a\u064a \u0639\u0627\u062f\u0629 \u0645\u0627 \u062a\u0648\u062c\u062f \u0641\u064a \u0646\u0645\u0627\u0630\u062c \u0623\u0643\u062b\u0631 \u062a\u0643\u0644\u0641\u0629 \u0628\u0643\u062b\u064a\u0631.<\/p>\n<p>- \u062a\u064a \u0625\u0645 \u0641\u064a: 91 \u0633\u0645<br \/>\n- \u0627\u0644\u0648\u0632\u0646 : 595 \u062c\u0631\u0627\u0645<br \/>\n\u2013 \u0642\u0648\u0629 \u0627\u0644\u0641\u0631\u0627\u0645\u0644 : 8 \u0643\u062c\u0645<br \/>\n- \u0627\u0644\u0646\u0633\u0628\u0629: 4.9:1<br \/>\n\u2013 \u0627\u0644\u0645\u062d\u0627\u0645\u0644: 3+1<br \/>\n\u2013 \u0627\u0644\u0645\u0644\u0641: \u201cAir spool\u201d \u0645\u0646 \u0627\u0644\u0623\u0644\u0648\u0645\u0646\u064a\u0648\u0645<\/p>","protected":false},"excerpt":{"rendered":"<p>Le Nexave est disponible dans la taille 6000 , ce qui le rend parfait pour les sp\u00e9cimens ou les p\u00eaches lourdes, o\u00f9 les tailles de moulinet plus grandes facilitent la p\u00eache, en particulier pour les lancers sur de longues distances ou la p\u00eache de gros poissons qui se battent tr\u00e8s avec une grande puissance . [&hellip;]<\/p>","protected":false},"featured_media":8573,"comment_status":"open","ping_status":"closed","template":"","meta":{"_uf_show_specific_survey":0,"_uf_disable_surveys":false},"product_brand":[],"product_cat":[164,227,228],"product_tag":[],"class_list":{"0":"post-8572","1":"product","2":"type-product","3":"status-publish","4":"has-post-thumbnail","6":"product_cat-peche","7":"product_cat-materiel-de-peche","8":"product_cat-moulinets","10":"first","11":"instock","12":"shipping-taxable","13":"purchasable","14":"product-type-simple"},"aioseo_notices":[],"_links":{"self":[{"href":"https:\/\/dsmarinealgerie.com\/ar\/wp-json\/wp\/v2\/product\/8572","targetHints":{"allow":["GET"]}}],"collection":[{"href":"https:\/\/dsmarinealgerie.com\/ar\/wp-json\/wp\/v2\/product"}],"about":[{"href":"https:\/\/dsmarinealgerie.com\/ar\/wp-json\/wp\/v2\/types\/product"}],"replies":[{"embeddable":true,"href":"https:\/\/dsmarinealgerie.com\/ar\/wp-json\/wp\/v2\/comments?post=8572"}],"wp:featuredmedia":[{"embeddable":true,"href":"https:\/\/dsmarinealgerie.com\/ar\/wp-json\/wp\/v2\/media\/8573"}],"wp:attachment":[{"href":"https:\/\/dsmarinealgerie.com\/ar\/wp-json\/wp\/v2\/media?parent=8572"}],"wp:term":[{"taxonomy":"product_brand","embeddable":true,"href":"https:\/\/dsmarinealgerie.com\/ar\/wp-json\/wp\/v2\/product_brand?post=8572"},{"taxonomy":"product_cat","embeddable":true,"href":"https:\/\/dsmarinealgerie.com\/ar\/wp-json\/wp\/v2\/product_cat?post=8572"},{"taxonomy":"product_tag","embeddable":true,"href":"https:\/\/dsmarinealgerie.com\/ar\/wp-json\/wp\/v2\/product_tag?post=8572"}],"curies":[{"name":"wp","href":"https:\/\/api.w.org\/{rel}","templated":true}]}}