{"id":8599,"date":"2024-03-13T13:26:17","date_gmt":"2024-03-13T13:26:17","guid":{"rendered":"https:\/\/dsmarinealgerie.com\/?post_type=product&#038;p=8599"},"modified":"2024-03-13T13:26:42","modified_gmt":"2024-03-13T13:26:42","slug":"boite-fusible-a-lame-50pcs-standard-medium","status":"publish","type":"product","link":"https:\/\/dsmarinealgerie.com\/ar\/shop\/accastillage\/electrique\/boite-fusible-a-lame-50pcs-standard-medium\/","title":{"rendered":"\u0635\u0646\u062f\u0648\u0642 \u0645\u0646\u0635\u0647\u0631\u0627\u062a \u0627\u0644\u0634\u0641\u0631\u0629\u060c 50 \u0642\u0637\u0639\u0629 \u0645\u062a\u0648\u0633\u0637\u0629 \u0627\u0644\u062d\u062c\u0645"},"content":{"rendered":"<p>\u0635\u0646\u062f\u0648\u0642 \u0645\u0635\u0647\u0631 \u0642\u064a\u0627\u0633\u064a \u0645\u062a\u0648\u0633\u0637 \u0627\u0644\u062d\u062c\u0645 \u0644\u0644\u0643\u0647\u0631\u0628\u0627\u0621 \u0627\u0644\u0628\u062d\u0631\u064a\u0629<\/p>\n<p>\u0645\u0627\u062f\u0629 \u0628\u0644\u0627\u0633\u062a\u064a\u0643\u064a\u0629 \u0648\u0633\u0628\u0627\u0626\u0643 \u0627\u0644\u0632\u0646\u0643 \u0639\u0627\u0644\u064a\u0629 \u0627\u0644\u062c\u0648\u062f\u0629\u060c \u062a\u062f\u0648\u0645 \u0644\u0641\u062a\u0631\u0629 \u0637\u0648\u064a\u0644\u0629<\/p>\n<p><strong>\u064a\u062d\u062a\u0648\u064a \u0627\u0644\u0635\u0646\u062f\u0648\u0642 \u0639\u0644\u0649: <\/strong><\/p>\n<p>-50 \u062c\u0647\u0627\u0632 \u0643\u0645\u0628\u064a\u0648\u062a\u0631 \u0634\u062e\u0635\u0649:<\/p>\n<ul>\n<li>5 \u0627\u0644\u0635\u0645\u0627\u0645\u0627\u062a: 3A<\/li>\n<li>5 \u0627\u0644\u0635\u0645\u0627\u0645\u0627\u062a: 5A<\/li>\n<li>5 \u0635\u0645\u0627\u0645\u0627\u062a: 7.5 \u0623\u0645\u0628\u064a\u0631<\/li>\n<li>5 \u0627\u0644\u0635\u0645\u0627\u0645\u0627\u062a: 20A<\/li>\n<li>5 \u0627\u0644\u0635\u0645\u0627\u0645\u0627\u062a: 25A<\/li>\n<li>5 \u0627\u0644\u0635\u0645\u0627\u0645\u0627\u062a: 30A<\/li>\n<li>10 \u0627\u0644\u0635\u0645\u0627\u0645\u0627\u062a: 10A<\/li>\n<li>10 \u0635\u0645\u0627\u0645\u0627\u062a: 15 \u0623\u0645\u0628\u064a\u0631<\/li>\n<\/ul>\n<p>- \u0645\u0634\u0628\u0643 \u0645\u0646 \u0627\u0644\u0628\u0644\u0627\u0633\u062a\u064a\u0643<\/p>","protected":false},"excerpt":{"rendered":"<p>Boite de fusible \u00e0 Lame taille Standard Medium pour \u00e9lectricit\u00e9 marine Mat\u00e9riau en plastique et alliage de zinc de haute qualit\u00e9, longue dur\u00e9e d&rsquo;utilisation La boite contient : -50 pcs : 5 fusibles : 3A 5 fusibles : 5A 5 fusibles : 7.5A 5 fusibles : 20A 5 fusibles : 25A 5 fusibles : 30A [&hellip;]<\/p>","protected":false},"featured_media":8605,"comment_status":"open","ping_status":"closed","template":"","meta":{"_uf_show_specific_survey":0,"_uf_disable_surveys":false},"product_brand":[],"product_cat":[167,163],"product_tag":[],"class_list":{"0":"post-8599","1":"product","2":"type-product","3":"status-publish","4":"has-post-thumbnail","6":"product_cat-electrique","7":"product_cat-accastillage","9":"first","10":"instock","11":"shipping-taxable","12":"purchasable","13":"product-type-simple"},"aioseo_notices":[],"_links":{"self":[{"href":"https:\/\/dsmarinealgerie.com\/ar\/wp-json\/wp\/v2\/product\/8599","targetHints":{"allow":["GET"]}}],"collection":[{"href":"https:\/\/dsmarinealgerie.com\/ar\/wp-json\/wp\/v2\/product"}],"about":[{"href":"https:\/\/dsmarinealgerie.com\/ar\/wp-json\/wp\/v2\/types\/product"}],"replies":[{"embeddable":true,"href":"https:\/\/dsmarinealgerie.com\/ar\/wp-json\/wp\/v2\/comments?post=8599"}],"wp:featuredmedia":[{"embeddable":true,"href":"https:\/\/dsmarinealgerie.com\/ar\/wp-json\/wp\/v2\/media\/8605"}],"wp:attachment":[{"href":"https:\/\/dsmarinealgerie.com\/ar\/wp-json\/wp\/v2\/media?parent=8599"}],"wp:term":[{"taxonomy":"product_brand","embeddable":true,"href":"https:\/\/dsmarinealgerie.com\/ar\/wp-json\/wp\/v2\/product_brand?post=8599"},{"taxonomy":"product_cat","embeddable":true,"href":"https:\/\/dsmarinealgerie.com\/ar\/wp-json\/wp\/v2\/product_cat?post=8599"},{"taxonomy":"product_tag","embeddable":true,"href":"https:\/\/dsmarinealgerie.com\/ar\/wp-json\/wp\/v2\/product_tag?post=8599"}],"curies":[{"name":"wp","href":"https:\/\/api.w.org\/{rel}","templated":true}]}}