{"id":8600,"date":"2024-03-13T13:32:29","date_gmt":"2024-03-13T13:32:29","guid":{"rendered":"https:\/\/dsmarinealgerie.com\/?post_type=product&#038;p=8600"},"modified":"2024-03-13T13:32:29","modified_gmt":"2024-03-13T13:32:29","slug":"pompe-a-eau-immergeable","status":"publish","type":"product","link":"https:\/\/dsmarinealgerie.com\/ar\/shop\/accastillage\/electrique\/pompe-a-eau-immergeable\/","title":{"rendered":"\u0645\u0636\u062e\u0629 \u0645\u064a\u0627\u0647 \u063a\u0627\u0637\u0633\u0629"},"content":{"rendered":"<p>\u0645\u0636\u062e\u0627\u062a 12 \u0641\u0648\u0644\u062a \u0645\u062f\u0645\u062c\u0629 \u0648\u0645\u0635\u0645\u0645\u0629 \u0644\u0645\u062c\u0645\u0648\u0639\u0629 \u0648\u0627\u0633\u0639\u0629 \u0645\u0646 \u0627\u0644\u062a\u0637\u0628\u064a\u0642\u0627\u062a \u0628\u0645\u0627 \u0641\u064a \u0630\u0644\u0643 \u0646\u0642\u0644 \u0627\u0644\u0633\u0648\u0627\u0626\u0644 \u0648\u0627\u0644\u0631\u0634 \u0648\u0627\u0644\u062a\u062f\u0648\u064a\u0631 \u0648\u0627\u0644\u062a\u0631\u0634\u064a\u062d \u0648\u0627\u0644\u062a\u0648\u0632\u064a\u0639.<\/p>\n<ul>\n<li><strong>\u0627\u0644\u0645\u064a\u0632\u0627\u062a \u0648\u0627\u0644\u0641\u0648\u0627\u0626\u062f:<\/strong><\/li>\n<\/ul>\n<p>\u0645\u0636\u062e\u0629 \u0627\u0644\u062d\u062c\u0627\u0628 \u0627\u0644\u062d\u0627\u062c\u0632 \u0645\u0646 \u063a\u0631\u0641\u062a\u064a\u0646<br \/>\n\u062e\u062f\u0645\u0629 \u0645\u062a\u0642\u0637\u0639\u0629<br \/>\n\u0627\u0644\u062a\u062d\u0636\u064a\u0631 \u0627\u0644\u0630\u0627\u062a\u064a - \u0644\u0627 \u062d\u0627\u062c\u0629 \u0644\u0644\u062a\u062d\u0636\u064a\u0631 \u064a\u062f\u0648\u064a\u064b\u0627 \u0628\u0639\u062f \u0645\u0644\u0621 \u062e\u0632\u0627\u0646 \u0627\u0644\u0645\u064a\u0627\u0647.<br \/>\n\u0627\u0644\u062a\u0634\u063a\u064a\u0644 \u0627\u0644\u062c\u0627\u0641 - \u0644\u0627 \u064a\u0648\u062c\u062f \u0636\u0631\u0631 \u0639\u0646\u062f \u0646\u0641\u0627\u062f \u0627\u0644\u0645\u0627\u0621<br \/>\n\u0623\u0648\u062a\u0648\u0645\u0627\u062a\u064a\u0643\u064a \u0628\u0627\u0644\u0643\u0627\u0645\u0644 - \u064a\u062a\u0645 \u0627\u0644\u062a\u062d\u0643\u0645 \u0641\u064a\u0647 \u0639\u0646 \u0637\u0631\u064a\u0642 \u0645\u0641\u062a\u0627\u062d \u0627\u0644\u0636\u063a\u0637<br \/>\n\u0646\u0645\u0637 \u0627\u0644\u062a\u0631\u0643\u064a\u0628 \u0627\u0644\u0642\u064a\u0627\u0633\u064a \u0641\u064a \u0627\u0644\u0635\u0646\u0627\u0639\u0629 - \u064a\u062c\u0639\u0644 \u0627\u0644\u062a\u0628\u062f\u064a\u0644 \u0645\u0646 \u0639\u0644\u0627\u0645\u0629 \u062a\u062c\u0627\u0631\u064a\u0629 \u0623\u062e\u0631\u0649 \u0623\u0645\u0631\u064b\u0627 \u0633\u0647\u0644\u0627\u064b<br \/>\n\u062a\u0634\u063a\u064a\u0644 \u0647\u0627\u062f\u0626: \u0627\u0644\u0646\u0648\u0645 \u0623\u062b\u0646\u0627\u0621 \u0627\u0633\u062a\u062e\u062f\u0627\u0645 \u0627\u0644\u0645\u0627\u0621.<br \/>\n\u062a\u0634\u063a\u064a\u0644 \u0633\u0644\u0633 - \u0644\u0627 \u0645\u0632\u064a\u062f \u0645\u0646 \u0627\u0644\u0627\u0647\u062a\u0632\u0627\u0632\u0627\u062a \u0627\u0644\u0645\u0632\u0639\u062c\u0629<br \/>\n\u0627\u0644\u0627\u0634\u062a\u0639\u0627\u0644 \u0627\u0644\u0645\u062d\u0645\u064a<br \/>\n\u0627\u0644\u0635\u0645\u0627\u0645\u0627\u062a \u0627\u0644\u0645\u0642\u0627\u0648\u0645\u0629 \u0644\u0644\u062a\u0622\u0643\u0644 \u2013 \u062a\u062f\u0648\u0645 \u0644\u0641\u062a\u0631\u0629 \u0623\u0637\u0648\u0644 \u0641\u064a \u0627\u0644\u0638\u0631\u0648\u0641 \u0627\u0644\u0642\u0627\u0633\u064a\u0629<br \/>\n\u0627\u0633\u062a\u0647\u0644\u0627\u0643 \u0645\u0646\u062e\u0641\u0636 \u0644\u0644\u0637\u0627\u0642\u0629 - \u0627\u0633\u062a\u062e\u062f\u0645 \u0637\u0627\u0642\u0629 \u0623\u0642\u0644 \u0645\u0646 \u0645\u0635\u062f\u0631 \u0627\u0644\u0637\u0627\u0642\u0629 \u0627\u0644\u062e\u0627\u0635 \u0628\u0643<br \/>\n\u062a\u0639\u0644\u064a\u0645\u0627\u062a \u0627\u0644\u062a\u062b\u0628\u064a\u062a \u0648\u0627\u0644\u0625\u0639\u062f\u0627\u062f \u0627\u0644\u062a\u0641\u0635\u064a\u0644\u064a\u0629 - \u0642\u0645 \u0628\u062a\u0634\u063a\u064a\u0644 \u0627\u0644\u0645\u0636\u062e\u0629 \u0648\u062a\u0634\u063a\u064a\u0644\u0647\u0627 \u0628\u0633\u0631\u0639\u0629<\/p>\n<ul>\n<li><strong>\u0633\u0645\u0627\u062a<\/strong>:<\/li>\n<li>\u0639\u0645\u0644\u064a\u0629 12 \u0641\u0648\u0644\u062a<\/li>\n<li>\u0645\u0627 \u064a\u0635\u0644 \u0625\u0644\u0649 1.0 \u062c\u0627\u0644\u0648\u0646 \u0641\u064a \u0627\u0644\u062f\u0642\u064a\u0642\u0629 (3.8 \u0644\u062a\u0631 \u0641\u064a \u0627\u0644\u062f\u0642\u064a\u0642\u0629)<\/li>\n<li>\u0636\u0628\u0637 \u0627\u0644\u0636\u063a\u0637 40 \u0631\u0637\u0644 \u0644\u0643\u0644 \u0628\u0648\u0635\u0629 \u0645\u0631\u0628\u0639\u0629\/2.8 \u0628\u0627\u0631<\/li>\n<li>\u0642\u062f\u0631\u0627\u062a \u0627\u0644\u062a\u062d\u0636\u064a\u0631: \u0627\u0631\u062a\u0641\u0627\u0639 \u0627\u0644\u0634\u0641\u0637 1.2 \u0645\u062a\u0631<\/li>\n<li>\u0645\u0646\u0627\u0641\u0630 \u0627\u0644\u0645\u062f\u062e\u0644\/\u0627\u0644\u0645\u062e\u0631\u062c: 3\/8 \u062e\u0631\u0637\u0648\u0645 \u0634\u0648\u0643\u064a<\/li>\n<\/ul>","protected":false},"excerpt":{"rendered":"<p>Les pompes 12 V\u00a0 sont compactes et con\u00e7ues pour une large gamme d&rsquo;applications, notamment le transfert de liquides, la pulv\u00e9risation, la circulation, la filtration et la distribution. Caract\u00e9ristiques et avantages: Pompe \u00e0 membrane \u00e0 2 chambres Service intermittent Auto-amor\u00e7age \u2013 Pas besoin d&rsquo;amorcer manuellement apr\u00e8s avoir rempli le r\u00e9servoir d&rsquo;eau. Fonctionnement \u00e0 sec &#8211; Aucun [&hellip;]<\/p>","protected":false},"featured_media":8601,"comment_status":"open","ping_status":"closed","template":"","meta":{"_uf_show_specific_survey":0,"_uf_disable_surveys":false},"product_brand":[],"product_cat":[167,163],"product_tag":[],"class_list":{"0":"post-8600","1":"product","2":"type-product","3":"status-publish","4":"has-post-thumbnail","6":"product_cat-electrique","7":"product_cat-accastillage","9":"first","10":"instock","11":"shipping-taxable","12":"purchasable","13":"product-type-simple"},"aioseo_notices":[],"_links":{"self":[{"href":"https:\/\/dsmarinealgerie.com\/ar\/wp-json\/wp\/v2\/product\/8600","targetHints":{"allow":["GET"]}}],"collection":[{"href":"https:\/\/dsmarinealgerie.com\/ar\/wp-json\/wp\/v2\/product"}],"about":[{"href":"https:\/\/dsmarinealgerie.com\/ar\/wp-json\/wp\/v2\/types\/product"}],"replies":[{"embeddable":true,"href":"https:\/\/dsmarinealgerie.com\/ar\/wp-json\/wp\/v2\/comments?post=8600"}],"wp:featuredmedia":[{"embeddable":true,"href":"https:\/\/dsmarinealgerie.com\/ar\/wp-json\/wp\/v2\/media\/8601"}],"wp:attachment":[{"href":"https:\/\/dsmarinealgerie.com\/ar\/wp-json\/wp\/v2\/media?parent=8600"}],"wp:term":[{"taxonomy":"product_brand","embeddable":true,"href":"https:\/\/dsmarinealgerie.com\/ar\/wp-json\/wp\/v2\/product_brand?post=8600"},{"taxonomy":"product_cat","embeddable":true,"href":"https:\/\/dsmarinealgerie.com\/ar\/wp-json\/wp\/v2\/product_cat?post=8600"},{"taxonomy":"product_tag","embeddable":true,"href":"https:\/\/dsmarinealgerie.com\/ar\/wp-json\/wp\/v2\/product_tag?post=8600"}],"curies":[{"name":"wp","href":"https:\/\/api.w.org\/{rel}","templated":true}]}}