{"id":8619,"date":"2024-03-14T08:55:51","date_gmt":"2024-03-14T08:55:51","guid":{"rendered":"https:\/\/dsmarinealgerie.com\/?post_type=product&#038;p=8619"},"modified":"2025-04-22T10:28:39","modified_gmt":"2025-04-22T10:28:39","slug":"peinture-sous-marine-soromap-eco-one-antifouling","status":"publish","type":"product","link":"https:\/\/dsmarinealgerie.com\/ar\/shop\/accastillage\/produits-dentretien\/peinture-sous-marine-soromap-eco-one-antifouling\/","title":{"rendered":"\u0637\u0644\u0627\u0621 \u0633\u0648\u0631\u0648\u0645\u0627\u0628 \u0625\u064a\u0643\u0648 \u0648\u0627\u0646 \u0627\u0644\u0645\u0636\u0627\u062f \u0644\u0644\u062d\u0634\u0641 \u062a\u062d\u062a \u0627\u0644\u0645\u0627\u0621"},"content":{"rendered":"<p>\u0645\u0627\u062f\u0629 \u0635\u0644\u0628\u0629 \u0645\u0636\u0627\u062f\u0629 \u0644\u0644\u062d\u0634\u0641\u060c \u062e\u0627\u0644\u064a\u0629 \u0645\u0646 \u0627\u0644\u0642\u0635\u062f\u064a\u0631\u060c \u0645\u0639 \u0627\u0644\u0646\u062d\u0627\u0633\u060c \u0645\u0635\u0645\u0645\u0629 \u0644\u062a\u062f\u0648\u0645 \u0645\u0648\u0633\u0645 \u0627\u0633\u062a\u062e\u062f\u0627\u0645 \u0627\u0644\u0642\u0648\u0627\u0631\u0628 \u0627\u0644\u0645\u063a\u0645\u0648\u0631\u0629 \u0641\u064a \u0627\u0644\u0645\u064a\u0627\u0647 \u0627\u0644\u0645\u062a\u0648\u0633\u0637\u0629 \u0623\u0648 \u0634\u062f\u064a\u062f\u0629 \u0627\u0644\u0627\u062a\u0633\u0627\u062e.<\/p>\n<p>\u0647\u0630\u0627 \u0627\u0644\u0645\u0627\u0646\u0639 \u0644\u0644\u062d\u0634\u0641 \u0645\u0646\u0627\u0633\u0628 \u0644\u062c\u0645\u064a\u0639 \u0627\u0644\u0623\u0633\u0637\u062d: \u0627\u0644\u0628\u0648\u0644\u064a\u0633\u062a\u0631\u060c \u0648\u0627\u0644\u0641\u0648\u0644\u0627\u0630\u060c \u0648\u0627\u0644\u062e\u0634\u0628\u060c \u0628\u0627\u0633\u062a\u062b\u0646\u0627\u0621 \u062a\u0644\u0643 \u0627\u0644\u0645\u0635\u0646\u0648\u0639\u0629 \u0645\u0646 \u0633\u0628\u0627\u0626\u0643 \u062e\u0641\u064a\u0641\u0629 (\u0644\u0627 \u062a\u0646\u0637\u0628\u0642 \u0639\u0644\u0649 \u0627\u0644\u0623\u0644\u0648\u0645\u0646\u064a\u0648\u0645). \u064a\u0633\u0645\u062d \u0647\u0630\u0627 \u0627\u0644\u0645\u0636\u0627\u062f \u0644\u0644\u062d\u0634\u0641 \u0639\u0644\u0649 \u0623\u0633\u0627\u0633 \u0645\u0648\u0627\u062f \u0631\u0627\u0628\u0637\u0629 \u0623\u0643\u0631\u064a\u0644\u064a\u0643\u064a\u0629 \u0628\u0627\u0644\u0627\u0644\u062a\u0635\u0627\u0642 \u0627\u0644\u0645\u0628\u0627\u0634\u0631 \u0628\u062f\u0639\u0627\u0645\u0629 \u0627\u0644\u0628\u0648\u0644\u064a\u0633\u062a\u0631 \u0627\u0644\u062a\u064a \u062a\u0645 \u062a\u0632\u062c\u064a\u062c\u0647\u0627 \u0648\u062a\u062c\u0647\u064a\u0632\u0647\u0627 \u0645\u0633\u0628\u0642\u064b\u0627.<br \/>\n\u0644&#039;<strong>\u0627\u064a\u0647 \u0627\u0641 \u0627\u064a\u0643\u0648 \u0648\u0627\u0646<\/strong>\u00a0\u0627\u0644\u0645\u0635\u0641\u0648\u0641\u0629 \u0627\u0644\u0635\u0644\u0628\u0629 \u0645\u062a\u0648\u0627\u0641\u0642\u0629 \u0645\u0639 \u0645\u0639\u0638\u0645 \u0645\u0636\u0627\u062f\u0627\u062a \u0627\u0644\u062d\u0634\u0641.<\/p>\n<p><strong><u>\u0633\u0645\u0627\u062a<\/u><\/strong>\u00a0:<br \/>\n<strong>\u0627\u0644\u0639\u0627\u0626\u062f \u0627\u0644\u0639\u0645\u0644\u064a \u0644\u0643\u0644 \u0637\u0628\u0642\u0629<\/strong>\u00a0: 8 \u2013 10 \u0645\u00b2\/ \u0644\u062a\u0631<br \/>\n<strong>\u0638\u0644\u0627\u0644<\/strong> : \u0623\u0633\u0648\u062f\u060c \u0623\u0632\u0631\u0642 \u063a\u0627\u0645\u0642\u060c \u0623\u0632\u0631\u0642 \u0641\u0627\u062a\u062d<br \/>\n<strong>\u062a\u0643\u064a\u064a\u0641<\/strong> : 750 \u0645\u0644<br \/>\n<strong>\u0645\u0639\u062f\u0627\u062a \u0627\u0644\u062a\u0637\u0628\u064a\u0642<\/strong>\u00a0: \u0641\u0631\u0634\u0627\u0629\u060c \u0628\u0643\u0631\u0629\u060c \u0645\u0633\u062f\u0633 \u0631\u0634<br \/>\n<strong>\u062f\u0631\u062c\u0627\u062a \u062d\u0631\u0627\u0631\u0629 \u0627\u0644\u062a\u0634\u063a\u064a\u0644<\/strong>\u00a0: +5 \u062f\u0631\u062c\u0629 \u0645\u0626\u0648\u064a\u0629 \u0625\u0644\u0649 +35 \u062f\u0631\u062c\u0629 \u0645\u0626\u0648\u064a\u0629<\/p>","protected":false},"excerpt":{"rendered":"<p>Antifouling \u00e0 matrice dure, sans \u00e9tain, avec cuivre, con\u00e7u pour dur\u00e9e la saison d\u2019utilisation des bateaux immerg\u00e9s dans des eaux de moyennes ou fortes salissures. Cet antifouling est adapt\u00e9 \u00e0 tous les supports : polyester, acier, bois, sauf ceux en alliage l\u00e9ger (ne pas appliquer sur de l&rsquo;aluminium). Cet antifouling, \u00e0 base de liants acryliques, [&hellip;]<\/p>","protected":false},"featured_media":8623,"comment_status":"open","ping_status":"closed","template":"","meta":{"_uf_show_specific_survey":0,"_uf_disable_surveys":false},"product_brand":[],"product_cat":[163,216],"product_tag":[],"class_list":{"0":"post-8619","1":"product","2":"type-product","3":"status-publish","4":"has-post-thumbnail","6":"product_cat-accastillage","7":"product_cat-produits-dentretien","9":"first","10":"instock","11":"shipping-taxable","12":"purchasable","13":"product-type-variable"},"aioseo_notices":[],"_links":{"self":[{"href":"https:\/\/dsmarinealgerie.com\/ar\/wp-json\/wp\/v2\/product\/8619","targetHints":{"allow":["GET"]}}],"collection":[{"href":"https:\/\/dsmarinealgerie.com\/ar\/wp-json\/wp\/v2\/product"}],"about":[{"href":"https:\/\/dsmarinealgerie.com\/ar\/wp-json\/wp\/v2\/types\/product"}],"replies":[{"embeddable":true,"href":"https:\/\/dsmarinealgerie.com\/ar\/wp-json\/wp\/v2\/comments?post=8619"}],"wp:featuredmedia":[{"embeddable":true,"href":"https:\/\/dsmarinealgerie.com\/ar\/wp-json\/wp\/v2\/media\/8623"}],"wp:attachment":[{"href":"https:\/\/dsmarinealgerie.com\/ar\/wp-json\/wp\/v2\/media?parent=8619"}],"wp:term":[{"taxonomy":"product_brand","embeddable":true,"href":"https:\/\/dsmarinealgerie.com\/ar\/wp-json\/wp\/v2\/product_brand?post=8619"},{"taxonomy":"product_cat","embeddable":true,"href":"https:\/\/dsmarinealgerie.com\/ar\/wp-json\/wp\/v2\/product_cat?post=8619"},{"taxonomy":"product_tag","embeddable":true,"href":"https:\/\/dsmarinealgerie.com\/ar\/wp-json\/wp\/v2\/product_tag?post=8619"}],"curies":[{"name":"wp","href":"https:\/\/api.w.org\/{rel}","templated":true}]}}