{"id":8645,"date":"2024-03-19T10:47:00","date_gmt":"2024-03-19T10:47:00","guid":{"rendered":"https:\/\/dsmarinealgerie.com\/?post_type=product&#038;p=8645"},"modified":"2024-03-19T10:47:00","modified_gmt":"2024-03-19T10:47:00","slug":"gilet-jet-yamaha-rouge-bleu-et-orange","status":"publish","type":"product","link":"https:\/\/dsmarinealgerie.com\/ar\/shop\/accastillage\/moyens-de-securite\/gilet-jet-yamaha-rouge-bleu-et-orange\/","title":{"rendered":"\u0633\u062a\u0631\u0629 \u064a\u0627\u0645\u0627\u0647\u0627 \u062c\u064a\u062a \u0628\u0627\u0644\u0644\u0648\u0646 \u0627\u0644\u0623\u062d\u0645\u0631 \u0648\u0627\u0644\u0623\u0632\u0631\u0642 \u0648\u0627\u0644\u0628\u0631\u062a\u0642\u0627\u0644\u064a"},"content":{"rendered":"<p>\u0633\u062a\u0631\u0629 \u0646\u062c\u0627\u0629 \u0645\u0646 \u0627\u0644\u0628\u0648\u0644\u064a\u0633\u062a\u0631 \u0644\u0644\u0628\u0627\u0644\u063a\u064a\u0646\u060c \u0633\u062a\u0631\u0629 \u062a\u0632\u0644\u062c \u0644\u0644\u0633\u0628\u0627\u062d\u0629 \u0627\u0644\u0639\u0627\u0644\u0645\u064a\u0629.<\/p>\n<p>\u0633\u062a\u0631\u0629 \u0646\u062c\u0627\u0629 \u0645\u0646 \u0631\u063a\u0648\u0629 \u0627\u0644\u0628\u0648\u0644\u064a\u0633\u062a\u0631 \u0644\u0644\u0633\u0628\u0627\u062d\u0629 \u0644\u0644\u0648\u0642\u0627\u064a\u0629 \u0645\u0646 \u0627\u0644\u0641\u064a\u0636\u0627\u0646\u0627\u062a.<\/p>\n<p>\u062a\u0635\u0645\u064a\u0645 \u0639\u0644\u0645\u064a\u060c \u0645\u0639 \u0623\u0634\u0631\u0637\u0629 \u0639\u0627\u0643\u0633\u0629 \u0639\u0644\u0649 \u0627\u0644\u0643\u062a\u0641\u064a\u0646 \u0648\u0627\u0644\u062c\u0633\u0645 \u0643\u0644\u0647\u060c \u064a\u0633\u0647\u0644 \u0627\u0644\u0628\u062d\u062b \u0639\u0646 \u0627\u0644\u063a\u0631\u0642\u0649 \u0641\u064a \u0627\u0644\u0645\u0627\u0621<\/p>","protected":false},"excerpt":{"rendered":"<p>Gilet de sauvetage adulte en polyester Gilet de ski de natation universel . Natation Polyester Mousse Gilet De Sauvetage Gilet Pr\u00e9vention Inondation. Conception scientifique, avec des bandes r\u00e9fl\u00e9chissantes sur les deux \u00e9paules et sur tout le corps, il est facile de chercher des personnes qui se noient dans l&rsquo;eau<\/p>","protected":false},"featured_media":8650,"comment_status":"open","ping_status":"closed","template":"","meta":{"_uf_show_specific_survey":0,"_uf_disable_surveys":false},"product_brand":[],"product_cat":[163,168],"product_tag":[],"class_list":{"0":"post-8645","1":"product","2":"type-product","3":"status-publish","4":"has-post-thumbnail","6":"product_cat-accastillage","7":"product_cat-moyens-de-securite","9":"first","10":"instock","11":"shipping-taxable","12":"purchasable","13":"product-type-simple"},"aioseo_notices":[],"_links":{"self":[{"href":"https:\/\/dsmarinealgerie.com\/ar\/wp-json\/wp\/v2\/product\/8645","targetHints":{"allow":["GET"]}}],"collection":[{"href":"https:\/\/dsmarinealgerie.com\/ar\/wp-json\/wp\/v2\/product"}],"about":[{"href":"https:\/\/dsmarinealgerie.com\/ar\/wp-json\/wp\/v2\/types\/product"}],"replies":[{"embeddable":true,"href":"https:\/\/dsmarinealgerie.com\/ar\/wp-json\/wp\/v2\/comments?post=8645"}],"wp:featuredmedia":[{"embeddable":true,"href":"https:\/\/dsmarinealgerie.com\/ar\/wp-json\/wp\/v2\/media\/8650"}],"wp:attachment":[{"href":"https:\/\/dsmarinealgerie.com\/ar\/wp-json\/wp\/v2\/media?parent=8645"}],"wp:term":[{"taxonomy":"product_brand","embeddable":true,"href":"https:\/\/dsmarinealgerie.com\/ar\/wp-json\/wp\/v2\/product_brand?post=8645"},{"taxonomy":"product_cat","embeddable":true,"href":"https:\/\/dsmarinealgerie.com\/ar\/wp-json\/wp\/v2\/product_cat?post=8645"},{"taxonomy":"product_tag","embeddable":true,"href":"https:\/\/dsmarinealgerie.com\/ar\/wp-json\/wp\/v2\/product_tag?post=8645"}],"curies":[{"name":"wp","href":"https:\/\/api.w.org\/{rel}","templated":true}]}}